{"id":730,"date":"2017-07-25T15:39:03","date_gmt":"2017-07-25T19:39:03","guid":{"rendered":"https:\/\/test.linearled.ca\/product\/linea-qr\/"},"modified":"2025-10-20T14:03:48","modified_gmt":"2025-10-20T18:03:48","slug":"linea-qr-fr","status":"publish","type":"product","link":"https:\/\/www.linearled.ca\/fr\/produit\/linea-qr-fr\/","title":{"rendered":"Linea QR"},"content":{"rendered":"<ul>\n<li class=\"p1\">D\u00e9coupe personnalis\u00e9e \u00e0 toute longueur, jusqu\u2019\u00e0 1\/16i\u00e8<span class=\"s1\">me<\/span> de pouce pr\u00e8s.<\/li>\n<li class=\"p1\">Installation simple avec adh\u00e9sif en bande ou clips.<\/li>\n<li class=\"p1\">Conception pour montage en surface.<\/li>\n<li class=\"p1\">Aucun point lumineux visible lorsqu&rsquo;il est associ\u00e9 \u00e0 une bande DEL de 350 DEL\/M ou plus.<\/li>\n<li class=\"p1\">Disponible avec fil ou connecteur rapide de diff\u00e9rentes longueurs. Sortie pr\u00e9vue pour les connections en s\u00e9rie. C\u00e2bles d\u2019extension vendus s\u00e9par\u00e9ment.<\/li>\n<li>Avec lentille semi-opaque.<\/li>\n<li>Peut accueillir une rang\u00e9e de bande DEL de 12mm ou moins vendue par linearled.ca.<\/li>\n<li><strong>Certification UL : cULus E545140<\/strong><\/li>\n<\/ul>\n<p><a href=\"https:\/\/www.linearled.ca\/fr\/?attachment_id=6191#main\" rel=\"attachment wp-att-6191\"><img loading=\"lazy\" decoding=\"async\" class=\"aligncenter size-full wp-image-6191\" src=\"https:\/\/www.linearled.ca\/wp-content\/uploads\/2017\/07\/QR_BannerSiteWEB-1-scaled.png\" alt=\"\" width=\"2560\" height=\"922\" srcset=\"https:\/\/www.linearled.ca\/wp-content\/uploads\/2017\/07\/QR_BannerSiteWEB-1-scaled.png 2560w, https:\/\/www.linearled.ca\/wp-content\/uploads\/2017\/07\/QR_BannerSiteWEB-1-300x108.png 300w, https:\/\/www.linearled.ca\/wp-content\/uploads\/2017\/07\/QR_BannerSiteWEB-1-1024x369.png 1024w, https:\/\/www.linearled.ca\/wp-content\/uploads\/2017\/07\/QR_BannerSiteWEB-1-768x276.png 768w, https:\/\/www.linearled.ca\/wp-content\/uploads\/2017\/07\/QR_BannerSiteWEB-1-1536x553.png 1536w, https:\/\/www.linearled.ca\/wp-content\/uploads\/2017\/07\/QR_BannerSiteWEB-1-2048x737.png 2048w, https:\/\/www.linearled.ca\/wp-content\/uploads\/2017\/07\/QR_BannerSiteWEB-1-600x216.png 600w\" sizes=\"auto, (max-width: 2560px) 100vw, 2560px\" \/><\/a><\/p>\n","protected":false},"excerpt":{"rendered":"<p>Linea QR est un profil\u00e9 en aluminium quart de rond qui peut accueillir une rang\u00e9e de bande DEL de 12mm ou moins vendue par linearled.ca. Ce profil\u00e9 en aluminium mont\u00e9 en surface aura aucun point lumineux visible lorsqu\u2019il est associ\u00e9 \u00e0 une bande DEL de 350 DEL\/m ou plus. Ce luminaire s\u2019int\u00e8gre parfaitement aux corniches et aux armoires, offrant un \u00e9l\u00e9gant effet de balayage lumineux.<\/p>\n<p><img loading=\"lazy\" decoding=\"async\" width=\"249\" height=\"243\" class=\"alignnone size-full wp-image-461\" src=\"https:\/\/www.linearled.ca\/wp-content\/uploads\/2017\/07\/Linea-QR-en.jpg\" alt=\"\" \/><\/p>\n<p>&nbsp;<\/p>\n","protected":false},"featured_media":1977,"template":"","meta":{"_acf_changed":false},"product_brand":[],"product_cat":[121],"product_tag":[],"class_list":{"0":"post-730","1":"product","2":"type-product","3":"status-publish","4":"has-post-thumbnail","6":"product_cat-lentille-specialise","7":"sales-flash-overlay","8":"woocommerce-text-align-center","9":"woocommerce-image-align-center","10":"do-quantity-buttons","12":"first","13":"instock","14":"featured","15":"taxable","16":"shipping-taxable","17":"product-type-simple"},"acf":[],"yoast_head":"<!-- This site is optimized with the Yoast SEO plugin v26.0 - https:\/\/yoast.com\/wordpress\/plugins\/seo\/ -->\n<title>Linea QR - LinearLED<\/title>\n<meta name=\"robots\" content=\"index, follow, max-snippet:-1, max-image-preview:large, max-video-preview:-1\" \/>\n<link rel=\"canonical\" href=\"https:\/\/www.linearled.ca\/fr\/produit\/linea-qr-fr\/\" \/>\n<meta property=\"og:locale\" content=\"fr_FR\" \/>\n<meta property=\"og:type\" content=\"article\" \/>\n<meta property=\"og:title\" content=\"Linea QR - LinearLED\" \/>\n<meta property=\"og:description\" content=\"Linea QR est un profil\u00e9 en aluminium quart de rond qui peut accueillir une rang\u00e9e de bande DEL de 12mm ou moins vendue par linearled.ca. Ce profil\u00e9 en aluminium mont\u00e9 en surface aura aucun point lumineux visible lorsqu\u2019il est associ\u00e9 \u00e0 une bande DEL de 350 DEL\/m ou plus. Ce luminaire s\u2019int\u00e8gre parfaitement aux corniches et aux armoires, offrant un \u00e9l\u00e9gant effet de balayage lumineux.    &nbsp;\" \/>\n<meta property=\"og:url\" content=\"https:\/\/www.linearled.ca\/fr\/produit\/linea-qr-fr\/\" \/>\n<meta property=\"og:site_name\" content=\"LinearLED\" \/>\n<meta property=\"article:publisher\" content=\"https:\/\/www.facebook.com\/LinearLEDmtl\" \/>\n<meta property=\"article:modified_time\" content=\"2025-10-20T18:03:48+00:00\" \/>\n<meta property=\"og:image\" content=\"https:\/\/www.linearled.ca\/wp-content\/uploads\/2019\/03\/QR-1-1-e1552963846411.jpg\" \/>\n\t<meta property=\"og:image:width\" content=\"200\" \/>\n\t<meta property=\"og:image:height\" content=\"133\" \/>\n\t<meta property=\"og:image:type\" content=\"image\/jpeg\" \/>\n<meta name=\"twitter:card\" content=\"summary_large_image\" \/>\n<meta name=\"twitter:label1\" content=\"Dur\u00e9e de lecture estim\u00e9e\" \/>\n\t<meta name=\"twitter:data1\" content=\"1 minute\" \/>\n<script type=\"application\/ld+json\" class=\"yoast-schema-graph\">{\"@context\":\"https:\/\/schema.org\",\"@graph\":[{\"@type\":\"WebPage\",\"@id\":\"https:\/\/www.linearled.ca\/fr\/produit\/linea-qr-fr\/\",\"url\":\"https:\/\/www.linearled.ca\/fr\/produit\/linea-qr-fr\/\",\"name\":\"Linea QR - LinearLED\",\"isPartOf\":{\"@id\":\"https:\/\/www.linearled.ca\/fr\/#website\"},\"primaryImageOfPage\":{\"@id\":\"https:\/\/www.linearled.ca\/fr\/produit\/linea-qr-fr\/#primaryimage\"},\"image\":{\"@id\":\"https:\/\/www.linearled.ca\/fr\/produit\/linea-qr-fr\/#primaryimage\"},\"thumbnailUrl\":\"https:\/\/www.linearled.ca\/wp-content\/uploads\/2019\/03\/QR-1-1-e1552963846411.jpg\",\"datePublished\":\"2017-07-25T19:39:03+00:00\",\"dateModified\":\"2025-10-20T18:03:48+00:00\",\"breadcrumb\":{\"@id\":\"https:\/\/www.linearled.ca\/fr\/produit\/linea-qr-fr\/#breadcrumb\"},\"inLanguage\":\"fr-FR\",\"potentialAction\":[{\"@type\":\"ReadAction\",\"target\":[\"https:\/\/www.linearled.ca\/fr\/produit\/linea-qr-fr\/\"]}]},{\"@type\":\"ImageObject\",\"inLanguage\":\"fr-FR\",\"@id\":\"https:\/\/www.linearled.ca\/fr\/produit\/linea-qr-fr\/#primaryimage\",\"url\":\"https:\/\/www.linearled.ca\/wp-content\/uploads\/2019\/03\/QR-1-1-e1552963846411.jpg\",\"contentUrl\":\"https:\/\/www.linearled.ca\/wp-content\/uploads\/2019\/03\/QR-1-1-e1552963846411.jpg\",\"width\":200,\"height\":133},{\"@type\":\"BreadcrumbList\",\"@id\":\"https:\/\/www.linearled.ca\/fr\/produit\/linea-qr-fr\/#breadcrumb\",\"itemListElement\":[{\"@type\":\"ListItem\",\"position\":1,\"name\":\"Home\",\"item\":\"https:\/\/www.linearled.ca\/fr\/\"},{\"@type\":\"ListItem\",\"position\":2,\"name\":\"Produits\",\"item\":\"https:\/\/test.linearled.ca\/fr\/boutique\/\"},{\"@type\":\"ListItem\",\"position\":3,\"name\":\"Linea QR\"}]},{\"@type\":\"WebSite\",\"@id\":\"https:\/\/www.linearled.ca\/fr\/#website\",\"url\":\"https:\/\/www.linearled.ca\/fr\/\",\"name\":\"LinearLED\",\"description\":\"LinearLED - Custom Lighting\",\"publisher\":{\"@id\":\"https:\/\/www.linearled.ca\/fr\/#organization\"},\"potentialAction\":[{\"@type\":\"SearchAction\",\"target\":{\"@type\":\"EntryPoint\",\"urlTemplate\":\"https:\/\/www.linearled.ca\/fr\/?s={search_term_string}\"},\"query-input\":{\"@type\":\"PropertyValueSpecification\",\"valueRequired\":true,\"valueName\":\"search_term_string\"}}],\"inLanguage\":\"fr-FR\"},{\"@type\":\"Organization\",\"@id\":\"https:\/\/www.linearled.ca\/fr\/#organization\",\"name\":\"LinearLED\",\"url\":\"https:\/\/www.linearled.ca\/fr\/\",\"logo\":{\"@type\":\"ImageObject\",\"inLanguage\":\"fr-FR\",\"@id\":\"https:\/\/www.linearled.ca\/fr\/#\/schema\/logo\/image\/\",\"url\":\"https:\/\/www.linearled.ca\/wp-content\/uploads\/2025\/08\/logo-linearled-en.png\",\"contentUrl\":\"https:\/\/www.linearled.ca\/wp-content\/uploads\/2025\/08\/logo-linearled-en.png\",\"width\":200,\"height\":34,\"caption\":\"LinearLED\"},\"image\":{\"@id\":\"https:\/\/www.linearled.ca\/fr\/#\/schema\/logo\/image\/\"},\"sameAs\":[\"https:\/\/www.facebook.com\/LinearLEDmtl\",\"https:\/\/www.instagram.com\/linearledmtl\/\"]}]}<\/script>\n<!-- \/ Yoast SEO plugin. -->","yoast_head_json":{"title":"Linea QR - LinearLED","robots":{"index":"index","follow":"follow","max-snippet":"max-snippet:-1","max-image-preview":"max-image-preview:large","max-video-preview":"max-video-preview:-1"},"canonical":"https:\/\/www.linearled.ca\/fr\/produit\/linea-qr-fr\/","og_locale":"fr_FR","og_type":"article","og_title":"Linea QR - LinearLED","og_description":"Linea QR est un profil\u00e9 en aluminium quart de rond qui peut accueillir une rang\u00e9e de bande DEL de 12mm ou moins vendue par linearled.ca. Ce profil\u00e9 en aluminium mont\u00e9 en surface aura aucun point lumineux visible lorsqu\u2019il est associ\u00e9 \u00e0 une bande DEL de 350 DEL\/m ou plus. Ce luminaire s\u2019int\u00e8gre parfaitement aux corniches et aux armoires, offrant un \u00e9l\u00e9gant effet de balayage lumineux.    &nbsp;","og_url":"https:\/\/www.linearled.ca\/fr\/produit\/linea-qr-fr\/","og_site_name":"LinearLED","article_publisher":"https:\/\/www.facebook.com\/LinearLEDmtl","article_modified_time":"2025-10-20T18:03:48+00:00","og_image":[{"width":200,"height":133,"url":"https:\/\/www.linearled.ca\/wp-content\/uploads\/2019\/03\/QR-1-1-e1552963846411.jpg","type":"image\/jpeg"}],"twitter_card":"summary_large_image","twitter_misc":{"Dur\u00e9e de lecture estim\u00e9e":"1 minute"},"schema":{"@context":"https:\/\/schema.org","@graph":[{"@type":"WebPage","@id":"https:\/\/www.linearled.ca\/fr\/produit\/linea-qr-fr\/","url":"https:\/\/www.linearled.ca\/fr\/produit\/linea-qr-fr\/","name":"Linea QR - LinearLED","isPartOf":{"@id":"https:\/\/www.linearled.ca\/fr\/#website"},"primaryImageOfPage":{"@id":"https:\/\/www.linearled.ca\/fr\/produit\/linea-qr-fr\/#primaryimage"},"image":{"@id":"https:\/\/www.linearled.ca\/fr\/produit\/linea-qr-fr\/#primaryimage"},"thumbnailUrl":"https:\/\/www.linearled.ca\/wp-content\/uploads\/2019\/03\/QR-1-1-e1552963846411.jpg","datePublished":"2017-07-25T19:39:03+00:00","dateModified":"2025-10-20T18:03:48+00:00","breadcrumb":{"@id":"https:\/\/www.linearled.ca\/fr\/produit\/linea-qr-fr\/#breadcrumb"},"inLanguage":"fr-FR","potentialAction":[{"@type":"ReadAction","target":["https:\/\/www.linearled.ca\/fr\/produit\/linea-qr-fr\/"]}]},{"@type":"ImageObject","inLanguage":"fr-FR","@id":"https:\/\/www.linearled.ca\/fr\/produit\/linea-qr-fr\/#primaryimage","url":"https:\/\/www.linearled.ca\/wp-content\/uploads\/2019\/03\/QR-1-1-e1552963846411.jpg","contentUrl":"https:\/\/www.linearled.ca\/wp-content\/uploads\/2019\/03\/QR-1-1-e1552963846411.jpg","width":200,"height":133},{"@type":"BreadcrumbList","@id":"https:\/\/www.linearled.ca\/fr\/produit\/linea-qr-fr\/#breadcrumb","itemListElement":[{"@type":"ListItem","position":1,"name":"Home","item":"https:\/\/www.linearled.ca\/fr\/"},{"@type":"ListItem","position":2,"name":"Produits","item":"https:\/\/test.linearled.ca\/fr\/boutique\/"},{"@type":"ListItem","position":3,"name":"Linea QR"}]},{"@type":"WebSite","@id":"https:\/\/www.linearled.ca\/fr\/#website","url":"https:\/\/www.linearled.ca\/fr\/","name":"LinearLED","description":"LinearLED - Custom Lighting","publisher":{"@id":"https:\/\/www.linearled.ca\/fr\/#organization"},"potentialAction":[{"@type":"SearchAction","target":{"@type":"EntryPoint","urlTemplate":"https:\/\/www.linearled.ca\/fr\/?s={search_term_string}"},"query-input":{"@type":"PropertyValueSpecification","valueRequired":true,"valueName":"search_term_string"}}],"inLanguage":"fr-FR"},{"@type":"Organization","@id":"https:\/\/www.linearled.ca\/fr\/#organization","name":"LinearLED","url":"https:\/\/www.linearled.ca\/fr\/","logo":{"@type":"ImageObject","inLanguage":"fr-FR","@id":"https:\/\/www.linearled.ca\/fr\/#\/schema\/logo\/image\/","url":"https:\/\/www.linearled.ca\/wp-content\/uploads\/2025\/08\/logo-linearled-en.png","contentUrl":"https:\/\/www.linearled.ca\/wp-content\/uploads\/2025\/08\/logo-linearled-en.png","width":200,"height":34,"caption":"LinearLED"},"image":{"@id":"https:\/\/www.linearled.ca\/fr\/#\/schema\/logo\/image\/"},"sameAs":["https:\/\/www.facebook.com\/LinearLEDmtl","https:\/\/www.instagram.com\/linearledmtl\/"]}]}},"_links":{"self":[{"href":"https:\/\/www.linearled.ca\/fr\/wp-json\/wp\/v2\/product\/730","targetHints":{"allow":["GET"]}}],"collection":[{"href":"https:\/\/www.linearled.ca\/fr\/wp-json\/wp\/v2\/product"}],"about":[{"href":"https:\/\/www.linearled.ca\/fr\/wp-json\/wp\/v2\/types\/product"}],"wp:featuredmedia":[{"embeddable":true,"href":"https:\/\/www.linearled.ca\/fr\/wp-json\/wp\/v2\/media\/1977"}],"wp:attachment":[{"href":"https:\/\/www.linearled.ca\/fr\/wp-json\/wp\/v2\/media?parent=730"}],"wp:term":[{"taxonomy":"product_brand","embeddable":true,"href":"https:\/\/www.linearled.ca\/fr\/wp-json\/wp\/v2\/product_brand?post=730"},{"taxonomy":"product_cat","embeddable":true,"href":"https:\/\/www.linearled.ca\/fr\/wp-json\/wp\/v2\/product_cat?post=730"},{"taxonomy":"product_tag","embeddable":true,"href":"https:\/\/www.linearled.ca\/fr\/wp-json\/wp\/v2\/product_tag?post=730"}],"curies":[{"name":"wp","href":"https:\/\/api.w.org\/{rel}","templated":true}]}}