{"id":706,"date":"2017-07-26T08:56:29","date_gmt":"2017-07-26T12:56:29","guid":{"rendered":"https:\/\/test.linearled.ca\/product\/ds-r\/"},"modified":"2025-05-23T12:43:07","modified_gmt":"2025-05-23T16:43:07","slug":"ds-r-fr","status":"publish","type":"product","link":"https:\/\/www.linearled.ca\/fr\/produit\/ds-r-fr\/","title":{"rendered":"Interrupteur de porte \u00e0 capteur infrarouge (faible puissance)"},"content":{"rendered":"","protected":false},"excerpt":{"rendered":"<p>Interrupteur de porte sans contact \u00e0 capteur infrarouge mont\u00e9 en surface. La lumi\u00e8re est contr\u00f4l\u00e9e par l\u2019ouverture et la fermeture de la porte. Lorsque la porte est ouverte, la lumi\u00e8re est allum\u00e9e; Lorsqu\u2019elle est ferm\u00e9e, la lumi\u00e8re est \u00e9teinte. Un interrupteur de commande distinct est connect\u00e9 au port de sortie de l\u2019alimentation \u00e9lectrique.<\/p>\n<ul>\n<li>DS-LP<\/li>\n<\/ul>\n","protected":false},"featured_media":5306,"template":"","meta":{"_acf_changed":false},"product_brand":[],"product_cat":[52],"product_tag":[],"class_list":{"0":"post-706","1":"product","2":"type-product","3":"status-publish","4":"has-post-thumbnail","6":"product_cat-extras-fr","7":"sales-flash-overlay","8":"woocommerce-text-align-center","9":"woocommerce-image-align-center","10":"do-quantity-buttons","12":"first","13":"instock","14":"taxable","15":"shipping-taxable","16":"product-type-simple"},"acf":[],"yoast_head":"<!-- This site is optimized with the Yoast SEO plugin v26.0 - https:\/\/yoast.com\/wordpress\/plugins\/seo\/ -->\n<title>Interrupteur de porte \u00e0 capteur infrarouge (faible puissance) - LinearLED<\/title>\n<meta name=\"robots\" content=\"index, follow, max-snippet:-1, max-image-preview:large, max-video-preview:-1\" \/>\n<link rel=\"canonical\" href=\"https:\/\/www.linearled.ca\/fr\/produit\/ds-r-fr\/\" \/>\n<meta property=\"og:locale\" content=\"fr_FR\" \/>\n<meta property=\"og:type\" content=\"article\" \/>\n<meta property=\"og:title\" content=\"Interrupteur de porte \u00e0 capteur infrarouge (faible puissance) - LinearLED\" \/>\n<meta property=\"og:description\" content=\"Interrupteur de porte sans contact \u00e0 capteur infrarouge mont\u00e9 en surface. La lumi\u00e8re est contr\u00f4l\u00e9e par l\u2019ouverture et la fermeture de la porte. Lorsque la porte est ouverte, la lumi\u00e8re est allum\u00e9e; Lorsqu\u2019elle est ferm\u00e9e, la lumi\u00e8re est \u00e9teinte. Un interrupteur de commande distinct est connect\u00e9 au port de sortie de l\u2019alimentation \u00e9lectrique.   DS-LP\" \/>\n<meta property=\"og:url\" content=\"https:\/\/www.linearled.ca\/fr\/produit\/ds-r-fr\/\" \/>\n<meta property=\"og:site_name\" content=\"LinearLED\" \/>\n<meta property=\"article:publisher\" content=\"https:\/\/www.facebook.com\/LinearLEDmtl\" \/>\n<meta property=\"article:modified_time\" content=\"2025-05-23T16:43:07+00:00\" \/>\n<meta property=\"og:image\" content=\"https:\/\/test.linearled.ca\/wp-content\/uploads\/2017\/07\/Capture-decran-le-2025-05-23-a-10.48.06.png\" \/>\n\t<meta property=\"og:image:width\" content=\"460\" \/>\n\t<meta property=\"og:image:height\" content=\"458\" \/>\n\t<meta property=\"og:image:type\" content=\"image\/png\" \/>\n<meta name=\"twitter:card\" content=\"summary_large_image\" \/>\n<meta name=\"twitter:label1\" content=\"Dur\u00e9e de lecture estim\u00e9e\" \/>\n\t<meta name=\"twitter:data1\" content=\"1 minute\" \/>\n<script type=\"application\/ld+json\" class=\"yoast-schema-graph\">{\"@context\":\"https:\/\/schema.org\",\"@graph\":[{\"@type\":\"WebPage\",\"@id\":\"https:\/\/www.linearled.ca\/fr\/produit\/ds-r-fr\/\",\"url\":\"https:\/\/www.linearled.ca\/fr\/produit\/ds-r-fr\/\",\"name\":\"Interrupteur de porte \u00e0 capteur infrarouge (faible puissance) - LinearLED\",\"isPartOf\":{\"@id\":\"https:\/\/www.linearled.ca\/fr\/#website\"},\"primaryImageOfPage\":{\"@id\":\"https:\/\/www.linearled.ca\/fr\/produit\/ds-r-fr\/#primaryimage\"},\"image\":{\"@id\":\"https:\/\/www.linearled.ca\/fr\/produit\/ds-r-fr\/#primaryimage\"},\"thumbnailUrl\":\"https:\/\/www.linearled.ca\/wp-content\/uploads\/2017\/07\/Capture-decran-le-2025-05-23-a-10.48.06.png\",\"datePublished\":\"2017-07-26T12:56:29+00:00\",\"dateModified\":\"2025-05-23T16:43:07+00:00\",\"breadcrumb\":{\"@id\":\"https:\/\/www.linearled.ca\/fr\/produit\/ds-r-fr\/#breadcrumb\"},\"inLanguage\":\"fr-FR\",\"potentialAction\":[{\"@type\":\"ReadAction\",\"target\":[\"https:\/\/www.linearled.ca\/fr\/produit\/ds-r-fr\/\"]}]},{\"@type\":\"ImageObject\",\"inLanguage\":\"fr-FR\",\"@id\":\"https:\/\/www.linearled.ca\/fr\/produit\/ds-r-fr\/#primaryimage\",\"url\":\"https:\/\/www.linearled.ca\/wp-content\/uploads\/2017\/07\/Capture-decran-le-2025-05-23-a-10.48.06.png\",\"contentUrl\":\"https:\/\/www.linearled.ca\/wp-content\/uploads\/2017\/07\/Capture-decran-le-2025-05-23-a-10.48.06.png\",\"width\":460,\"height\":458},{\"@type\":\"BreadcrumbList\",\"@id\":\"https:\/\/www.linearled.ca\/fr\/produit\/ds-r-fr\/#breadcrumb\",\"itemListElement\":[{\"@type\":\"ListItem\",\"position\":1,\"name\":\"Home\",\"item\":\"https:\/\/www.linearled.ca\/fr\/\"},{\"@type\":\"ListItem\",\"position\":2,\"name\":\"Produits\",\"item\":\"https:\/\/test.linearled.ca\/fr\/boutique\/\"},{\"@type\":\"ListItem\",\"position\":3,\"name\":\"Interrupteur de porte \u00e0 capteur infrarouge (faible puissance)\"}]},{\"@type\":\"WebSite\",\"@id\":\"https:\/\/www.linearled.ca\/fr\/#website\",\"url\":\"https:\/\/www.linearled.ca\/fr\/\",\"name\":\"LinearLED\",\"description\":\"LinearLED - Custom Lighting\",\"publisher\":{\"@id\":\"https:\/\/www.linearled.ca\/fr\/#organization\"},\"potentialAction\":[{\"@type\":\"SearchAction\",\"target\":{\"@type\":\"EntryPoint\",\"urlTemplate\":\"https:\/\/www.linearled.ca\/fr\/?s={search_term_string}\"},\"query-input\":{\"@type\":\"PropertyValueSpecification\",\"valueRequired\":true,\"valueName\":\"search_term_string\"}}],\"inLanguage\":\"fr-FR\"},{\"@type\":\"Organization\",\"@id\":\"https:\/\/www.linearled.ca\/fr\/#organization\",\"name\":\"LinearLED\",\"url\":\"https:\/\/www.linearled.ca\/fr\/\",\"logo\":{\"@type\":\"ImageObject\",\"inLanguage\":\"fr-FR\",\"@id\":\"https:\/\/www.linearled.ca\/fr\/#\/schema\/logo\/image\/\",\"url\":\"https:\/\/www.linearled.ca\/wp-content\/uploads\/2025\/08\/logo-linearled-en.png\",\"contentUrl\":\"https:\/\/www.linearled.ca\/wp-content\/uploads\/2025\/08\/logo-linearled-en.png\",\"width\":200,\"height\":34,\"caption\":\"LinearLED\"},\"image\":{\"@id\":\"https:\/\/www.linearled.ca\/fr\/#\/schema\/logo\/image\/\"},\"sameAs\":[\"https:\/\/www.facebook.com\/LinearLEDmtl\",\"https:\/\/www.instagram.com\/linearledmtl\/\"]}]}<\/script>\n<!-- \/ Yoast SEO plugin. -->","yoast_head_json":{"title":"Interrupteur de porte \u00e0 capteur infrarouge (faible puissance) - LinearLED","robots":{"index":"index","follow":"follow","max-snippet":"max-snippet:-1","max-image-preview":"max-image-preview:large","max-video-preview":"max-video-preview:-1"},"canonical":"https:\/\/www.linearled.ca\/fr\/produit\/ds-r-fr\/","og_locale":"fr_FR","og_type":"article","og_title":"Interrupteur de porte \u00e0 capteur infrarouge (faible puissance) - LinearLED","og_description":"Interrupteur de porte sans contact \u00e0 capteur infrarouge mont\u00e9 en surface. La lumi\u00e8re est contr\u00f4l\u00e9e par l\u2019ouverture et la fermeture de la porte. Lorsque la porte est ouverte, la lumi\u00e8re est allum\u00e9e; Lorsqu\u2019elle est ferm\u00e9e, la lumi\u00e8re est \u00e9teinte. Un interrupteur de commande distinct est connect\u00e9 au port de sortie de l\u2019alimentation \u00e9lectrique.   DS-LP","og_url":"https:\/\/www.linearled.ca\/fr\/produit\/ds-r-fr\/","og_site_name":"LinearLED","article_publisher":"https:\/\/www.facebook.com\/LinearLEDmtl","article_modified_time":"2025-05-23T16:43:07+00:00","og_image":[{"width":460,"height":458,"url":"https:\/\/test.linearled.ca\/wp-content\/uploads\/2017\/07\/Capture-decran-le-2025-05-23-a-10.48.06.png","type":"image\/png"}],"twitter_card":"summary_large_image","twitter_misc":{"Dur\u00e9e de lecture estim\u00e9e":"1 minute"},"schema":{"@context":"https:\/\/schema.org","@graph":[{"@type":"WebPage","@id":"https:\/\/www.linearled.ca\/fr\/produit\/ds-r-fr\/","url":"https:\/\/www.linearled.ca\/fr\/produit\/ds-r-fr\/","name":"Interrupteur de porte \u00e0 capteur infrarouge (faible puissance) - LinearLED","isPartOf":{"@id":"https:\/\/www.linearled.ca\/fr\/#website"},"primaryImageOfPage":{"@id":"https:\/\/www.linearled.ca\/fr\/produit\/ds-r-fr\/#primaryimage"},"image":{"@id":"https:\/\/www.linearled.ca\/fr\/produit\/ds-r-fr\/#primaryimage"},"thumbnailUrl":"https:\/\/www.linearled.ca\/wp-content\/uploads\/2017\/07\/Capture-decran-le-2025-05-23-a-10.48.06.png","datePublished":"2017-07-26T12:56:29+00:00","dateModified":"2025-05-23T16:43:07+00:00","breadcrumb":{"@id":"https:\/\/www.linearled.ca\/fr\/produit\/ds-r-fr\/#breadcrumb"},"inLanguage":"fr-FR","potentialAction":[{"@type":"ReadAction","target":["https:\/\/www.linearled.ca\/fr\/produit\/ds-r-fr\/"]}]},{"@type":"ImageObject","inLanguage":"fr-FR","@id":"https:\/\/www.linearled.ca\/fr\/produit\/ds-r-fr\/#primaryimage","url":"https:\/\/www.linearled.ca\/wp-content\/uploads\/2017\/07\/Capture-decran-le-2025-05-23-a-10.48.06.png","contentUrl":"https:\/\/www.linearled.ca\/wp-content\/uploads\/2017\/07\/Capture-decran-le-2025-05-23-a-10.48.06.png","width":460,"height":458},{"@type":"BreadcrumbList","@id":"https:\/\/www.linearled.ca\/fr\/produit\/ds-r-fr\/#breadcrumb","itemListElement":[{"@type":"ListItem","position":1,"name":"Home","item":"https:\/\/www.linearled.ca\/fr\/"},{"@type":"ListItem","position":2,"name":"Produits","item":"https:\/\/test.linearled.ca\/fr\/boutique\/"},{"@type":"ListItem","position":3,"name":"Interrupteur de porte \u00e0 capteur infrarouge (faible puissance)"}]},{"@type":"WebSite","@id":"https:\/\/www.linearled.ca\/fr\/#website","url":"https:\/\/www.linearled.ca\/fr\/","name":"LinearLED","description":"LinearLED - Custom Lighting","publisher":{"@id":"https:\/\/www.linearled.ca\/fr\/#organization"},"potentialAction":[{"@type":"SearchAction","target":{"@type":"EntryPoint","urlTemplate":"https:\/\/www.linearled.ca\/fr\/?s={search_term_string}"},"query-input":{"@type":"PropertyValueSpecification","valueRequired":true,"valueName":"search_term_string"}}],"inLanguage":"fr-FR"},{"@type":"Organization","@id":"https:\/\/www.linearled.ca\/fr\/#organization","name":"LinearLED","url":"https:\/\/www.linearled.ca\/fr\/","logo":{"@type":"ImageObject","inLanguage":"fr-FR","@id":"https:\/\/www.linearled.ca\/fr\/#\/schema\/logo\/image\/","url":"https:\/\/www.linearled.ca\/wp-content\/uploads\/2025\/08\/logo-linearled-en.png","contentUrl":"https:\/\/www.linearled.ca\/wp-content\/uploads\/2025\/08\/logo-linearled-en.png","width":200,"height":34,"caption":"LinearLED"},"image":{"@id":"https:\/\/www.linearled.ca\/fr\/#\/schema\/logo\/image\/"},"sameAs":["https:\/\/www.facebook.com\/LinearLEDmtl","https:\/\/www.instagram.com\/linearledmtl\/"]}]}},"_links":{"self":[{"href":"https:\/\/www.linearled.ca\/fr\/wp-json\/wp\/v2\/product\/706","targetHints":{"allow":["GET"]}}],"collection":[{"href":"https:\/\/www.linearled.ca\/fr\/wp-json\/wp\/v2\/product"}],"about":[{"href":"https:\/\/www.linearled.ca\/fr\/wp-json\/wp\/v2\/types\/product"}],"wp:featuredmedia":[{"embeddable":true,"href":"https:\/\/www.linearled.ca\/fr\/wp-json\/wp\/v2\/media\/5306"}],"wp:attachment":[{"href":"https:\/\/www.linearled.ca\/fr\/wp-json\/wp\/v2\/media?parent=706"}],"wp:term":[{"taxonomy":"product_brand","embeddable":true,"href":"https:\/\/www.linearled.ca\/fr\/wp-json\/wp\/v2\/product_brand?post=706"},{"taxonomy":"product_cat","embeddable":true,"href":"https:\/\/www.linearled.ca\/fr\/wp-json\/wp\/v2\/product_cat?post=706"},{"taxonomy":"product_tag","embeddable":true,"href":"https:\/\/www.linearled.ca\/fr\/wp-json\/wp\/v2\/product_tag?post=706"}],"curies":[{"name":"wp","href":"https:\/\/api.w.org\/{rel}","templated":true}]}}