{"id":4873,"date":"2025-04-17T11:09:40","date_gmt":"2025-04-17T15:09:40","guid":{"rendered":"https:\/\/test.linearled.ca\/product\/linea-gs3\/"},"modified":"2025-09-29T10:29:43","modified_gmt":"2025-09-29T14:29:43","slug":"linea-gs3","status":"publish","type":"product","link":"https:\/\/www.linearled.ca\/fr\/produit\/linea-gs3\/","title":{"rendered":"Linea GS3"},"content":{"rendered":"<ul>\n<li>D\u00e9coupe personnalis\u00e9e \u00e0 toute longueur, jusqu&rsquo;\u00e0 1\/16 de pouce pr\u00e8s.<\/li>\n<li>Conception suspendue qui peut \u00e9galement \u00eatre mont\u00e9e en surface.<\/li>\n<li>\u00c9clairage \u00e0 lumi\u00e8re uniforme.<\/li>\n<li>Lentille \u00e0 angle \u00e9troit de 30 degr\u00e9s.<\/li>\n<li>Disponible avec un fil ou un connecteur rapide de diff\u00e9rentes longueurs.<\/li>\n<li>Sortie pr\u00e9vue pour les connections en s\u00e9rie.<\/li>\n<li>C\u00e2bles d\u2019extension vendus s\u00e9par\u00e9ment.<\/li>\n<\/ul>\n","protected":false},"excerpt":{"rendered":"<p>Linea GS3 est un profil\u00e9 en aluminium \u00e0 faisceaux \u00e9troit carr\u00e9 pour bande DEL, avec lentille de 30 degr\u00e9s. Con\u00e7u pour les luminaires suspendus ou de plafond. Ce luminaire peut accueillir 1 rang\u00e9e de bande DEL de 10 mm ou moins vendue par linearled.ca.<\/p>\n<p><a href=\"https:\/\/www.linearled.ca\/?attachment_id=4871\" rel=\"attachment wp-att-4871\"><img loading=\"lazy\" decoding=\"async\" class=\"wp-image-4871 alignleft\" src=\"https:\/\/www.linearled.ca\/wp-content\/uploads\/2025\/04\/GS3-cutaway.jpg\" alt=\"\" width=\"416\" height=\"411\" srcset=\"https:\/\/www.linearled.ca\/wp-content\/uploads\/2025\/04\/GS3-cutaway.jpg 1249w, https:\/\/www.linearled.ca\/wp-content\/uploads\/2025\/04\/GS3-cutaway-300x297.jpg 300w, https:\/\/www.linearled.ca\/wp-content\/uploads\/2025\/04\/GS3-cutaway-1024x1013.jpg 1024w, https:\/\/www.linearled.ca\/wp-content\/uploads\/2025\/04\/GS3-cutaway-768x759.jpg 768w, https:\/\/www.linearled.ca\/wp-content\/uploads\/2025\/04\/GS3-cutaway-600x593.jpg 600w, https:\/\/www.linearled.ca\/wp-content\/uploads\/2025\/04\/GS3-cutaway-100x100.jpg 100w\" sizes=\"auto, (max-width: 416px) 100vw, 416px\" \/><\/a><\/p>\n","protected":false},"featured_media":4868,"template":"","meta":{"_acf_changed":false},"product_brand":[],"product_cat":[124,121],"product_tag":[],"class_list":{"0":"post-4873","1":"product","2":"type-product","3":"status-publish","4":"has-post-thumbnail","6":"product_cat-specialise","7":"product_cat-lentille-specialise","8":"sales-flash-overlay","9":"woocommerce-text-align-center","10":"woocommerce-image-align-center","11":"do-quantity-buttons","13":"first","14":"instock","15":"taxable","16":"shipping-taxable","17":"product-type-simple"},"acf":[],"yoast_head":"<!-- This site is optimized with the Yoast SEO plugin v26.0 - https:\/\/yoast.com\/wordpress\/plugins\/seo\/ -->\n<title>Linea GS3 - LinearLED<\/title>\n<meta name=\"robots\" content=\"index, follow, max-snippet:-1, max-image-preview:large, max-video-preview:-1\" \/>\n<link rel=\"canonical\" href=\"https:\/\/www.linearled.ca\/fr\/produit\/linea-gs3\/\" \/>\n<meta property=\"og:locale\" content=\"fr_FR\" \/>\n<meta property=\"og:type\" content=\"article\" \/>\n<meta property=\"og:title\" content=\"Linea GS3 - LinearLED\" \/>\n<meta property=\"og:description\" content=\"Linea GS3 est un profil\u00e9 en aluminium \u00e0 faisceaux \u00e9troit carr\u00e9 pour bande DEL, avec lentille de 30 degr\u00e9s. Con\u00e7u pour les luminaires suspendus ou de plafond. Ce luminaire peut accueillir 1 rang\u00e9e de bande DEL de 10 mm ou moins vendue par linearled.ca.\" \/>\n<meta property=\"og:url\" content=\"https:\/\/www.linearled.ca\/fr\/produit\/linea-gs3\/\" \/>\n<meta property=\"og:site_name\" content=\"LinearLED\" \/>\n<meta property=\"article:publisher\" content=\"https:\/\/www.facebook.com\/LinearLEDmtl\" \/>\n<meta property=\"article:modified_time\" content=\"2025-09-29T14:29:43+00:00\" \/>\n<meta property=\"og:image\" content=\"https:\/\/www.linearled.ca\/wp-content\/uploads\/2025\/04\/Linea-GS3.jpg\" \/>\n\t<meta property=\"og:image:width\" content=\"717\" \/>\n\t<meta property=\"og:image:height\" content=\"645\" \/>\n\t<meta property=\"og:image:type\" content=\"image\/jpeg\" \/>\n<meta name=\"twitter:card\" content=\"summary_large_image\" \/>\n<meta name=\"twitter:label1\" content=\"Dur\u00e9e de lecture estim\u00e9e\" \/>\n\t<meta name=\"twitter:data1\" content=\"1 minute\" \/>\n<script type=\"application\/ld+json\" class=\"yoast-schema-graph\">{\"@context\":\"https:\/\/schema.org\",\"@graph\":[{\"@type\":\"WebPage\",\"@id\":\"https:\/\/www.linearled.ca\/fr\/produit\/linea-gs3\/\",\"url\":\"https:\/\/www.linearled.ca\/fr\/produit\/linea-gs3\/\",\"name\":\"Linea GS3 - LinearLED\",\"isPartOf\":{\"@id\":\"https:\/\/www.linearled.ca\/fr\/#website\"},\"primaryImageOfPage\":{\"@id\":\"https:\/\/www.linearled.ca\/fr\/produit\/linea-gs3\/#primaryimage\"},\"image\":{\"@id\":\"https:\/\/www.linearled.ca\/fr\/produit\/linea-gs3\/#primaryimage\"},\"thumbnailUrl\":\"https:\/\/www.linearled.ca\/wp-content\/uploads\/2025\/04\/Linea-GS3.jpg\",\"datePublished\":\"2025-04-17T15:09:40+00:00\",\"dateModified\":\"2025-09-29T14:29:43+00:00\",\"breadcrumb\":{\"@id\":\"https:\/\/www.linearled.ca\/fr\/produit\/linea-gs3\/#breadcrumb\"},\"inLanguage\":\"fr-FR\",\"potentialAction\":[{\"@type\":\"ReadAction\",\"target\":[\"https:\/\/www.linearled.ca\/fr\/produit\/linea-gs3\/\"]}]},{\"@type\":\"ImageObject\",\"inLanguage\":\"fr-FR\",\"@id\":\"https:\/\/www.linearled.ca\/fr\/produit\/linea-gs3\/#primaryimage\",\"url\":\"https:\/\/www.linearled.ca\/wp-content\/uploads\/2025\/04\/Linea-GS3.jpg\",\"contentUrl\":\"https:\/\/www.linearled.ca\/wp-content\/uploads\/2025\/04\/Linea-GS3.jpg\",\"width\":717,\"height\":645},{\"@type\":\"BreadcrumbList\",\"@id\":\"https:\/\/www.linearled.ca\/fr\/produit\/linea-gs3\/#breadcrumb\",\"itemListElement\":[{\"@type\":\"ListItem\",\"position\":1,\"name\":\"Home\",\"item\":\"https:\/\/www.linearled.ca\/fr\/\"},{\"@type\":\"ListItem\",\"position\":2,\"name\":\"Produits\",\"item\":\"https:\/\/test.linearled.ca\/fr\/boutique\/\"},{\"@type\":\"ListItem\",\"position\":3,\"name\":\"Linea GS3\"}]},{\"@type\":\"WebSite\",\"@id\":\"https:\/\/www.linearled.ca\/fr\/#website\",\"url\":\"https:\/\/www.linearled.ca\/fr\/\",\"name\":\"LinearLED\",\"description\":\"LinearLED - Custom Lighting\",\"publisher\":{\"@id\":\"https:\/\/www.linearled.ca\/fr\/#organization\"},\"potentialAction\":[{\"@type\":\"SearchAction\",\"target\":{\"@type\":\"EntryPoint\",\"urlTemplate\":\"https:\/\/www.linearled.ca\/fr\/?s={search_term_string}\"},\"query-input\":{\"@type\":\"PropertyValueSpecification\",\"valueRequired\":true,\"valueName\":\"search_term_string\"}}],\"inLanguage\":\"fr-FR\"},{\"@type\":\"Organization\",\"@id\":\"https:\/\/www.linearled.ca\/fr\/#organization\",\"name\":\"LinearLED\",\"url\":\"https:\/\/www.linearled.ca\/fr\/\",\"logo\":{\"@type\":\"ImageObject\",\"inLanguage\":\"fr-FR\",\"@id\":\"https:\/\/www.linearled.ca\/fr\/#\/schema\/logo\/image\/\",\"url\":\"https:\/\/www.linearled.ca\/wp-content\/uploads\/2025\/08\/logo-linearled-en.png\",\"contentUrl\":\"https:\/\/www.linearled.ca\/wp-content\/uploads\/2025\/08\/logo-linearled-en.png\",\"width\":200,\"height\":34,\"caption\":\"LinearLED\"},\"image\":{\"@id\":\"https:\/\/www.linearled.ca\/fr\/#\/schema\/logo\/image\/\"},\"sameAs\":[\"https:\/\/www.facebook.com\/LinearLEDmtl\",\"https:\/\/www.instagram.com\/linearledmtl\/\"]}]}<\/script>\n<!-- \/ Yoast SEO plugin. -->","yoast_head_json":{"title":"Linea GS3 - LinearLED","robots":{"index":"index","follow":"follow","max-snippet":"max-snippet:-1","max-image-preview":"max-image-preview:large","max-video-preview":"max-video-preview:-1"},"canonical":"https:\/\/www.linearled.ca\/fr\/produit\/linea-gs3\/","og_locale":"fr_FR","og_type":"article","og_title":"Linea GS3 - LinearLED","og_description":"Linea GS3 est un profil\u00e9 en aluminium \u00e0 faisceaux \u00e9troit carr\u00e9 pour bande DEL, avec lentille de 30 degr\u00e9s. Con\u00e7u pour les luminaires suspendus ou de plafond. Ce luminaire peut accueillir 1 rang\u00e9e de bande DEL de 10 mm ou moins vendue par linearled.ca.","og_url":"https:\/\/www.linearled.ca\/fr\/produit\/linea-gs3\/","og_site_name":"LinearLED","article_publisher":"https:\/\/www.facebook.com\/LinearLEDmtl","article_modified_time":"2025-09-29T14:29:43+00:00","og_image":[{"width":717,"height":645,"url":"https:\/\/www.linearled.ca\/wp-content\/uploads\/2025\/04\/Linea-GS3.jpg","type":"image\/jpeg"}],"twitter_card":"summary_large_image","twitter_misc":{"Dur\u00e9e de lecture estim\u00e9e":"1 minute"},"schema":{"@context":"https:\/\/schema.org","@graph":[{"@type":"WebPage","@id":"https:\/\/www.linearled.ca\/fr\/produit\/linea-gs3\/","url":"https:\/\/www.linearled.ca\/fr\/produit\/linea-gs3\/","name":"Linea GS3 - LinearLED","isPartOf":{"@id":"https:\/\/www.linearled.ca\/fr\/#website"},"primaryImageOfPage":{"@id":"https:\/\/www.linearled.ca\/fr\/produit\/linea-gs3\/#primaryimage"},"image":{"@id":"https:\/\/www.linearled.ca\/fr\/produit\/linea-gs3\/#primaryimage"},"thumbnailUrl":"https:\/\/www.linearled.ca\/wp-content\/uploads\/2025\/04\/Linea-GS3.jpg","datePublished":"2025-04-17T15:09:40+00:00","dateModified":"2025-09-29T14:29:43+00:00","breadcrumb":{"@id":"https:\/\/www.linearled.ca\/fr\/produit\/linea-gs3\/#breadcrumb"},"inLanguage":"fr-FR","potentialAction":[{"@type":"ReadAction","target":["https:\/\/www.linearled.ca\/fr\/produit\/linea-gs3\/"]}]},{"@type":"ImageObject","inLanguage":"fr-FR","@id":"https:\/\/www.linearled.ca\/fr\/produit\/linea-gs3\/#primaryimage","url":"https:\/\/www.linearled.ca\/wp-content\/uploads\/2025\/04\/Linea-GS3.jpg","contentUrl":"https:\/\/www.linearled.ca\/wp-content\/uploads\/2025\/04\/Linea-GS3.jpg","width":717,"height":645},{"@type":"BreadcrumbList","@id":"https:\/\/www.linearled.ca\/fr\/produit\/linea-gs3\/#breadcrumb","itemListElement":[{"@type":"ListItem","position":1,"name":"Home","item":"https:\/\/www.linearled.ca\/fr\/"},{"@type":"ListItem","position":2,"name":"Produits","item":"https:\/\/test.linearled.ca\/fr\/boutique\/"},{"@type":"ListItem","position":3,"name":"Linea GS3"}]},{"@type":"WebSite","@id":"https:\/\/www.linearled.ca\/fr\/#website","url":"https:\/\/www.linearled.ca\/fr\/","name":"LinearLED","description":"LinearLED - Custom Lighting","publisher":{"@id":"https:\/\/www.linearled.ca\/fr\/#organization"},"potentialAction":[{"@type":"SearchAction","target":{"@type":"EntryPoint","urlTemplate":"https:\/\/www.linearled.ca\/fr\/?s={search_term_string}"},"query-input":{"@type":"PropertyValueSpecification","valueRequired":true,"valueName":"search_term_string"}}],"inLanguage":"fr-FR"},{"@type":"Organization","@id":"https:\/\/www.linearled.ca\/fr\/#organization","name":"LinearLED","url":"https:\/\/www.linearled.ca\/fr\/","logo":{"@type":"ImageObject","inLanguage":"fr-FR","@id":"https:\/\/www.linearled.ca\/fr\/#\/schema\/logo\/image\/","url":"https:\/\/www.linearled.ca\/wp-content\/uploads\/2025\/08\/logo-linearled-en.png","contentUrl":"https:\/\/www.linearled.ca\/wp-content\/uploads\/2025\/08\/logo-linearled-en.png","width":200,"height":34,"caption":"LinearLED"},"image":{"@id":"https:\/\/www.linearled.ca\/fr\/#\/schema\/logo\/image\/"},"sameAs":["https:\/\/www.facebook.com\/LinearLEDmtl","https:\/\/www.instagram.com\/linearledmtl\/"]}]}},"_links":{"self":[{"href":"https:\/\/www.linearled.ca\/fr\/wp-json\/wp\/v2\/product\/4873","targetHints":{"allow":["GET"]}}],"collection":[{"href":"https:\/\/www.linearled.ca\/fr\/wp-json\/wp\/v2\/product"}],"about":[{"href":"https:\/\/www.linearled.ca\/fr\/wp-json\/wp\/v2\/types\/product"}],"wp:featuredmedia":[{"embeddable":true,"href":"https:\/\/www.linearled.ca\/fr\/wp-json\/wp\/v2\/media\/4868"}],"wp:attachment":[{"href":"https:\/\/www.linearled.ca\/fr\/wp-json\/wp\/v2\/media?parent=4873"}],"wp:term":[{"taxonomy":"product_brand","embeddable":true,"href":"https:\/\/www.linearled.ca\/fr\/wp-json\/wp\/v2\/product_brand?post=4873"},{"taxonomy":"product_cat","embeddable":true,"href":"https:\/\/www.linearled.ca\/fr\/wp-json\/wp\/v2\/product_cat?post=4873"},{"taxonomy":"product_tag","embeddable":true,"href":"https:\/\/www.linearled.ca\/fr\/wp-json\/wp\/v2\/product_tag?post=4873"}],"curies":[{"name":"wp","href":"https:\/\/api.w.org\/{rel}","templated":true}]}}