{"id":4722,"date":"2025-04-10T14:42:10","date_gmt":"2025-04-10T18:42:10","guid":{"rendered":"https:\/\/test.linearled.ca\/?post_type=product&#038;p=4722"},"modified":"2026-01-07T13:50:30","modified_gmt":"2026-01-07T18:50:30","slug":"linea-ag","status":"publish","type":"product","link":"https:\/\/www.linearled.ca\/fr\/produit\/linea-ag\/","title":{"rendered":"Linea AG"},"content":{"rendered":"<ul>\n<li>La design r\u00e9duit la vue directe de la source lumineuse.<\/li>\n<li>D\u00e9coupe personnalis\u00e9e \u00e0 toute longueur, jusqu&rsquo;\u00e0 1\/16<sup>i\u00e8me<\/sup> de pouce pr\u00e8s.<\/li>\n<li>Application simple avec aimants.<\/li>\n<li>Disponible en aluminium ou en noir.<\/li>\n<li>Disponible avec lentille semi-opaque ou noire.<\/li>\n<li>Conception \u00e0 montage en surface &#8211; peut \u00eatre encastr\u00e9<\/li>\n<li>\u00c9clairage uniforme \u00e0 la source.<\/li>\n<li>Disponible avec fil ou connecteur rapide de diff\u00e9rentes longueurs. Sortie pr\u00e9vue pour les connections en s\u00e9rie. C\u00e2bles d\u2019extension vendus s\u00e9par\u00e9ment.<\/li>\n<li>Peut accueillir 1 rang\u00e9e de bande DEL de 10mm ou moins.<\/li>\n<\/ul>\n<p><a href=\"https:\/\/www.linearled.ca\/fr\/?attachment_id=6466#main\" rel=\"attachment wp-att-6466\"><img loading=\"lazy\" decoding=\"async\" class=\"aligncenter size-full wp-image-6466\" src=\"https:\/\/www.linearled.ca\/wp-content\/uploads\/2025\/04\/AG_BannerSiteWeb-scaled.png\" alt=\"\" width=\"2560\" height=\"922\" srcset=\"https:\/\/www.linearled.ca\/wp-content\/uploads\/2025\/04\/AG_BannerSiteWeb-scaled.png 2560w, https:\/\/www.linearled.ca\/wp-content\/uploads\/2025\/04\/AG_BannerSiteWeb-300x108.png 300w, https:\/\/www.linearled.ca\/wp-content\/uploads\/2025\/04\/AG_BannerSiteWeb-1024x369.png 1024w, https:\/\/www.linearled.ca\/wp-content\/uploads\/2025\/04\/AG_BannerSiteWeb-768x276.png 768w, https:\/\/www.linearled.ca\/wp-content\/uploads\/2025\/04\/AG_BannerSiteWeb-1536x553.png 1536w, https:\/\/www.linearled.ca\/wp-content\/uploads\/2025\/04\/AG_BannerSiteWeb-2048x737.png 2048w, https:\/\/www.linearled.ca\/wp-content\/uploads\/2025\/04\/AG_BannerSiteWeb-600x216.png 600w\" sizes=\"auto, (max-width: 2560px) 100vw, 2560px\" \/><\/a><\/p>\n","protected":false},"excerpt":{"rendered":"<p>Les profil\u00e9s de la s\u00e9rie Linea AG sont des rails en aluminium anti-\u00e9blouissement, con\u00e7us pour \u00e9viter tout \u00e9blouissement ind\u00e9sirable. Disponible en aluminium et en noir, ce profil peut accueillir 1 rang\u00e9e de bande DEL de 10 mm ou moins vendue par linearled.ca.<\/p>\n<p><img loading=\"lazy\" decoding=\"async\" width=\"300\" height=\"300\" class=\"alignnone size-medium wp-image-4574\" src=\"https:\/\/www.linearled.ca\/wp-content\/uploads\/2025\/03\/AG-cutaway-300x300.jpg\" alt=\"\" srcset=\"https:\/\/www.linearled.ca\/wp-content\/uploads\/2025\/03\/AG-cutaway-300x300.jpg 300w, https:\/\/www.linearled.ca\/wp-content\/uploads\/2025\/03\/AG-cutaway-1024x1024.jpg 1024w, https:\/\/www.linearled.ca\/wp-content\/uploads\/2025\/03\/AG-cutaway-150x150.jpg 150w, https:\/\/www.linearled.ca\/wp-content\/uploads\/2025\/03\/AG-cutaway-768x768.jpg 768w, https:\/\/www.linearled.ca\/wp-content\/uploads\/2025\/03\/AG-cutaway-135x136.jpg 135w, https:\/\/www.linearled.ca\/wp-content\/uploads\/2025\/03\/AG-cutaway-125x125.jpg 125w, https:\/\/www.linearled.ca\/wp-content\/uploads\/2025\/03\/AG-cutaway-600x600.jpg 600w, https:\/\/www.linearled.ca\/wp-content\/uploads\/2025\/03\/AG-cutaway-100x100.jpg 100w, https:\/\/www.linearled.ca\/wp-content\/uploads\/2025\/03\/AG-cutaway.jpg 1200w\" sizes=\"auto, (max-width: 300px) 100vw, 300px\" \/><\/p>\n","protected":false},"featured_media":4538,"template":"","meta":{"_acf_changed":false},"product_brand":[],"product_cat":[121],"product_tag":[],"class_list":{"0":"post-4722","1":"product","2":"type-product","3":"status-publish","4":"has-post-thumbnail","6":"product_cat-lentille-specialise","7":"sales-flash-overlay","8":"woocommerce-text-align-center","9":"woocommerce-image-align-center","10":"do-quantity-buttons","12":"first","13":"instock","14":"taxable","15":"shipping-taxable","16":"product-type-simple"},"acf":[],"yoast_head":"<!-- This site is optimized with the Yoast SEO plugin v26.0 - https:\/\/yoast.com\/wordpress\/plugins\/seo\/ -->\n<title>Linea AG - LinearLED<\/title>\n<meta name=\"robots\" content=\"index, follow, max-snippet:-1, max-image-preview:large, max-video-preview:-1\" \/>\n<link rel=\"canonical\" href=\"https:\/\/www.linearled.ca\/fr\/produit\/linea-ag\/\" \/>\n<meta property=\"og:locale\" content=\"fr_FR\" \/>\n<meta property=\"og:type\" content=\"article\" \/>\n<meta property=\"og:title\" content=\"Linea AG - LinearLED\" \/>\n<meta property=\"og:description\" content=\"Les profil\u00e9s de la s\u00e9rie Linea AG sont des rails en aluminium anti-\u00e9blouissement, con\u00e7us pour \u00e9viter tout \u00e9blouissement ind\u00e9sirable. Disponible en aluminium et en noir, ce profil peut accueillir 1 rang\u00e9e de bande DEL de 10 mm ou moins vendue par linearled.ca.\" \/>\n<meta property=\"og:url\" content=\"https:\/\/www.linearled.ca\/fr\/produit\/linea-ag\/\" \/>\n<meta property=\"og:site_name\" content=\"LinearLED\" \/>\n<meta property=\"article:publisher\" content=\"https:\/\/www.facebook.com\/LinearLEDmtl\" \/>\n<meta property=\"article:modified_time\" content=\"2026-01-07T18:50:30+00:00\" \/>\n<meta property=\"og:image\" content=\"https:\/\/www.linearled.ca\/wp-content\/uploads\/2025\/03\/AG-e1741787861644.jpg\" \/>\n\t<meta property=\"og:image:width\" content=\"1219\" \/>\n\t<meta property=\"og:image:height\" content=\"953\" \/>\n\t<meta property=\"og:image:type\" content=\"image\/jpeg\" \/>\n<meta name=\"twitter:card\" content=\"summary_large_image\" \/>\n<meta name=\"twitter:label1\" content=\"Dur\u00e9e de lecture estim\u00e9e\" \/>\n\t<meta name=\"twitter:data1\" content=\"1 minute\" \/>\n<script type=\"application\/ld+json\" class=\"yoast-schema-graph\">{\"@context\":\"https:\/\/schema.org\",\"@graph\":[{\"@type\":\"WebPage\",\"@id\":\"https:\/\/www.linearled.ca\/fr\/produit\/linea-ag\/\",\"url\":\"https:\/\/www.linearled.ca\/fr\/produit\/linea-ag\/\",\"name\":\"Linea AG - LinearLED\",\"isPartOf\":{\"@id\":\"https:\/\/www.linearled.ca\/fr\/#website\"},\"primaryImageOfPage\":{\"@id\":\"https:\/\/www.linearled.ca\/fr\/produit\/linea-ag\/#primaryimage\"},\"image\":{\"@id\":\"https:\/\/www.linearled.ca\/fr\/produit\/linea-ag\/#primaryimage\"},\"thumbnailUrl\":\"https:\/\/www.linearled.ca\/wp-content\/uploads\/2025\/03\/AG-e1741787861644.jpg\",\"datePublished\":\"2025-04-10T18:42:10+00:00\",\"dateModified\":\"2026-01-07T18:50:30+00:00\",\"breadcrumb\":{\"@id\":\"https:\/\/www.linearled.ca\/fr\/produit\/linea-ag\/#breadcrumb\"},\"inLanguage\":\"fr-FR\",\"potentialAction\":[{\"@type\":\"ReadAction\",\"target\":[\"https:\/\/www.linearled.ca\/fr\/produit\/linea-ag\/\"]}]},{\"@type\":\"ImageObject\",\"inLanguage\":\"fr-FR\",\"@id\":\"https:\/\/www.linearled.ca\/fr\/produit\/linea-ag\/#primaryimage\",\"url\":\"https:\/\/www.linearled.ca\/wp-content\/uploads\/2025\/03\/AG-e1741787861644.jpg\",\"contentUrl\":\"https:\/\/www.linearled.ca\/wp-content\/uploads\/2025\/03\/AG-e1741787861644.jpg\",\"width\":1219,\"height\":953},{\"@type\":\"BreadcrumbList\",\"@id\":\"https:\/\/www.linearled.ca\/fr\/produit\/linea-ag\/#breadcrumb\",\"itemListElement\":[{\"@type\":\"ListItem\",\"position\":1,\"name\":\"Home\",\"item\":\"https:\/\/www.linearled.ca\/fr\/\"},{\"@type\":\"ListItem\",\"position\":2,\"name\":\"Produits\",\"item\":\"https:\/\/test.linearled.ca\/fr\/boutique\/\"},{\"@type\":\"ListItem\",\"position\":3,\"name\":\"Linea AG\"}]},{\"@type\":\"WebSite\",\"@id\":\"https:\/\/www.linearled.ca\/fr\/#website\",\"url\":\"https:\/\/www.linearled.ca\/fr\/\",\"name\":\"LinearLED\",\"description\":\"LinearLED - Custom Lighting\",\"publisher\":{\"@id\":\"https:\/\/www.linearled.ca\/fr\/#organization\"},\"potentialAction\":[{\"@type\":\"SearchAction\",\"target\":{\"@type\":\"EntryPoint\",\"urlTemplate\":\"https:\/\/www.linearled.ca\/fr\/?s={search_term_string}\"},\"query-input\":{\"@type\":\"PropertyValueSpecification\",\"valueRequired\":true,\"valueName\":\"search_term_string\"}}],\"inLanguage\":\"fr-FR\"},{\"@type\":\"Organization\",\"@id\":\"https:\/\/www.linearled.ca\/fr\/#organization\",\"name\":\"LinearLED\",\"url\":\"https:\/\/www.linearled.ca\/fr\/\",\"logo\":{\"@type\":\"ImageObject\",\"inLanguage\":\"fr-FR\",\"@id\":\"https:\/\/www.linearled.ca\/fr\/#\/schema\/logo\/image\/\",\"url\":\"https:\/\/www.linearled.ca\/wp-content\/uploads\/2025\/08\/logo-linearled-en.png\",\"contentUrl\":\"https:\/\/www.linearled.ca\/wp-content\/uploads\/2025\/08\/logo-linearled-en.png\",\"width\":200,\"height\":34,\"caption\":\"LinearLED\"},\"image\":{\"@id\":\"https:\/\/www.linearled.ca\/fr\/#\/schema\/logo\/image\/\"},\"sameAs\":[\"https:\/\/www.facebook.com\/LinearLEDmtl\",\"https:\/\/www.instagram.com\/linearledmtl\/\"]}]}<\/script>\n<!-- \/ Yoast SEO plugin. -->","yoast_head_json":{"title":"Linea AG - LinearLED","robots":{"index":"index","follow":"follow","max-snippet":"max-snippet:-1","max-image-preview":"max-image-preview:large","max-video-preview":"max-video-preview:-1"},"canonical":"https:\/\/www.linearled.ca\/fr\/produit\/linea-ag\/","og_locale":"fr_FR","og_type":"article","og_title":"Linea AG - LinearLED","og_description":"Les profil\u00e9s de la s\u00e9rie Linea AG sont des rails en aluminium anti-\u00e9blouissement, con\u00e7us pour \u00e9viter tout \u00e9blouissement ind\u00e9sirable. Disponible en aluminium et en noir, ce profil peut accueillir 1 rang\u00e9e de bande DEL de 10 mm ou moins vendue par linearled.ca.","og_url":"https:\/\/www.linearled.ca\/fr\/produit\/linea-ag\/","og_site_name":"LinearLED","article_publisher":"https:\/\/www.facebook.com\/LinearLEDmtl","article_modified_time":"2026-01-07T18:50:30+00:00","og_image":[{"width":1219,"height":953,"url":"https:\/\/www.linearled.ca\/wp-content\/uploads\/2025\/03\/AG-e1741787861644.jpg","type":"image\/jpeg"}],"twitter_card":"summary_large_image","twitter_misc":{"Dur\u00e9e de lecture estim\u00e9e":"1 minute"},"schema":{"@context":"https:\/\/schema.org","@graph":[{"@type":"WebPage","@id":"https:\/\/www.linearled.ca\/fr\/produit\/linea-ag\/","url":"https:\/\/www.linearled.ca\/fr\/produit\/linea-ag\/","name":"Linea AG - LinearLED","isPartOf":{"@id":"https:\/\/www.linearled.ca\/fr\/#website"},"primaryImageOfPage":{"@id":"https:\/\/www.linearled.ca\/fr\/produit\/linea-ag\/#primaryimage"},"image":{"@id":"https:\/\/www.linearled.ca\/fr\/produit\/linea-ag\/#primaryimage"},"thumbnailUrl":"https:\/\/www.linearled.ca\/wp-content\/uploads\/2025\/03\/AG-e1741787861644.jpg","datePublished":"2025-04-10T18:42:10+00:00","dateModified":"2026-01-07T18:50:30+00:00","breadcrumb":{"@id":"https:\/\/www.linearled.ca\/fr\/produit\/linea-ag\/#breadcrumb"},"inLanguage":"fr-FR","potentialAction":[{"@type":"ReadAction","target":["https:\/\/www.linearled.ca\/fr\/produit\/linea-ag\/"]}]},{"@type":"ImageObject","inLanguage":"fr-FR","@id":"https:\/\/www.linearled.ca\/fr\/produit\/linea-ag\/#primaryimage","url":"https:\/\/www.linearled.ca\/wp-content\/uploads\/2025\/03\/AG-e1741787861644.jpg","contentUrl":"https:\/\/www.linearled.ca\/wp-content\/uploads\/2025\/03\/AG-e1741787861644.jpg","width":1219,"height":953},{"@type":"BreadcrumbList","@id":"https:\/\/www.linearled.ca\/fr\/produit\/linea-ag\/#breadcrumb","itemListElement":[{"@type":"ListItem","position":1,"name":"Home","item":"https:\/\/www.linearled.ca\/fr\/"},{"@type":"ListItem","position":2,"name":"Produits","item":"https:\/\/test.linearled.ca\/fr\/boutique\/"},{"@type":"ListItem","position":3,"name":"Linea AG"}]},{"@type":"WebSite","@id":"https:\/\/www.linearled.ca\/fr\/#website","url":"https:\/\/www.linearled.ca\/fr\/","name":"LinearLED","description":"LinearLED - Custom Lighting","publisher":{"@id":"https:\/\/www.linearled.ca\/fr\/#organization"},"potentialAction":[{"@type":"SearchAction","target":{"@type":"EntryPoint","urlTemplate":"https:\/\/www.linearled.ca\/fr\/?s={search_term_string}"},"query-input":{"@type":"PropertyValueSpecification","valueRequired":true,"valueName":"search_term_string"}}],"inLanguage":"fr-FR"},{"@type":"Organization","@id":"https:\/\/www.linearled.ca\/fr\/#organization","name":"LinearLED","url":"https:\/\/www.linearled.ca\/fr\/","logo":{"@type":"ImageObject","inLanguage":"fr-FR","@id":"https:\/\/www.linearled.ca\/fr\/#\/schema\/logo\/image\/","url":"https:\/\/www.linearled.ca\/wp-content\/uploads\/2025\/08\/logo-linearled-en.png","contentUrl":"https:\/\/www.linearled.ca\/wp-content\/uploads\/2025\/08\/logo-linearled-en.png","width":200,"height":34,"caption":"LinearLED"},"image":{"@id":"https:\/\/www.linearled.ca\/fr\/#\/schema\/logo\/image\/"},"sameAs":["https:\/\/www.facebook.com\/LinearLEDmtl","https:\/\/www.instagram.com\/linearledmtl\/"]}]}},"_links":{"self":[{"href":"https:\/\/www.linearled.ca\/fr\/wp-json\/wp\/v2\/product\/4722","targetHints":{"allow":["GET"]}}],"collection":[{"href":"https:\/\/www.linearled.ca\/fr\/wp-json\/wp\/v2\/product"}],"about":[{"href":"https:\/\/www.linearled.ca\/fr\/wp-json\/wp\/v2\/types\/product"}],"wp:featuredmedia":[{"embeddable":true,"href":"https:\/\/www.linearled.ca\/fr\/wp-json\/wp\/v2\/media\/4538"}],"wp:attachment":[{"href":"https:\/\/www.linearled.ca\/fr\/wp-json\/wp\/v2\/media?parent=4722"}],"wp:term":[{"taxonomy":"product_brand","embeddable":true,"href":"https:\/\/www.linearled.ca\/fr\/wp-json\/wp\/v2\/product_brand?post=4722"},{"taxonomy":"product_cat","embeddable":true,"href":"https:\/\/www.linearled.ca\/fr\/wp-json\/wp\/v2\/product_cat?post=4722"},{"taxonomy":"product_tag","embeddable":true,"href":"https:\/\/www.linearled.ca\/fr\/wp-json\/wp\/v2\/product_tag?post=4722"}],"curies":[{"name":"wp","href":"https:\/\/api.w.org\/{rel}","templated":true}]}}