{"id":3764,"date":"2020-08-03T14:25:37","date_gmt":"2020-08-03T18:25:37","guid":{"rendered":"https:\/\/test.linearled.ca\/product\/smt-024-192vthjwv2-5en1-0-10v\/"},"modified":"2025-12-19T13:23:42","modified_gmt":"2025-12-19T18:23:42","slug":"0-10-smt-192-fr","status":"publish","type":"product","link":"https:\/\/www.linearled.ca\/fr\/produit\/0-10-smt-192-fr\/","title":{"rendered":"Dimmble192w (SMT-024-192VTD52JWV2)"},"content":{"rendered":"<p>Sortie 5-en-1 avec compatibilit\u00e9 0\u201310 V, avec plusieurs sorties de 96 W, gradation Triac intelligente 24 V, pilote DEL d\u2019une capacit\u00e9 totale de 192 W avec bo\u00eete de jonction int\u00e9gr\u00e9e.<\/p>\n","protected":false},"excerpt":{"rendered":"<ul>\n<li>Sortie PWM sans scintillement, tension constante.<\/li>\n<li>Classe 2 : 2 sorties ind\u00e9pendantes de 96 W\u00b9<\/li>\n<li>Entr\u00e9e 5 voies: DC0-10v, triac phase directe ou inverse, r\u00e9sistance ou variateurs de signal PWM<\/li>\n<li>Plage de tension d&rsquo;entr\u00e9e 100-277vac<\/li>\n<li>Bo\u00eetes de jonction HV et BT isol\u00e9es int\u00e9gr\u00e9es avec plusieurs d\u00e9bouchures<\/li>\n<li>Protection contre les courts-circuits, les surcharges et les surchauffes<\/li>\n<li>Convient aux endroits secs, humides et mouill\u00e9s<\/li>\n<li>Fonction PFC int\u00e9gr\u00e9e, PF&gt; 0,98<\/li>\n<li>Efficacit\u00e9&gt; 87% \/ charge: 0 ~ 100%<\/li>\n<li>Garantie de 7 ans<\/li>\n<li>Type 0-10v<\/li>\n<\/ul>\n<p>\u00b9 Ne d\u00e9passez pas 96 watts sur aucune sortie individuelle. Les parcours de c\u00e2blage doivent \u00eatre pris en compte lors du pr\u00e9c\u00e2blage.<\/p>\n","protected":false},"featured_media":5026,"template":"","meta":{"_acf_changed":false},"product_brand":[],"product_cat":[111],"product_tag":[],"class_list":{"0":"post-3764","1":"product","2":"type-product","3":"status-publish","4":"has-post-thumbnail","6":"product_cat-b-a-intelligent-dimmable-24v","7":"sales-flash-overlay","8":"woocommerce-text-align-center","9":"woocommerce-image-align-center","10":"do-quantity-buttons","12":"first","13":"instock","14":"taxable","15":"shipping-taxable","16":"product-type-simple"},"acf":[],"yoast_head":"<!-- This site is optimized with the Yoast SEO plugin v26.0 - https:\/\/yoast.com\/wordpress\/plugins\/seo\/ -->\n<title>Dimmble192w (SMT-024-192VTD52JWV2) - LinearLED<\/title>\n<meta name=\"robots\" content=\"index, follow, max-snippet:-1, max-image-preview:large, max-video-preview:-1\" \/>\n<link rel=\"canonical\" href=\"https:\/\/www.linearled.ca\/fr\/produit\/0-10-smt-192-fr\/\" \/>\n<meta property=\"og:locale\" content=\"fr_FR\" \/>\n<meta property=\"og:type\" content=\"article\" \/>\n<meta property=\"og:title\" content=\"Dimmble192w (SMT-024-192VTD52JWV2) - LinearLED\" \/>\n<meta property=\"og:description\" content=\"Sortie PWM sans scintillement, tension constante.  Classe 2 : 2 sorties ind\u00e9pendantes de 96 W\u00b9  Entr\u00e9e 5 voies: DC0-10v, triac phase directe ou inverse, r\u00e9sistance ou variateurs de signal PWM  Plage de tension d&#039;entr\u00e9e 100-277vac  Bo\u00eetes de jonction HV et BT isol\u00e9es int\u00e9gr\u00e9es avec plusieurs d\u00e9bouchures  Protection contre les courts-circuits, les surcharges et les surchauffes  Convient aux endroits secs, humides et mouill\u00e9s  Fonction PFC int\u00e9gr\u00e9e, PF&gt; 0,98  Efficacit\u00e9&gt; 87% \/ charge: 0 ~ 100%  Garantie de 7 ans  Type 0-10v \u00b9 Ne d\u00e9passez pas 96 watts sur aucune sortie individuelle. Les parcours de c\u00e2blage doivent \u00eatre pris en compte lors du pr\u00e9c\u00e2blage.\" \/>\n<meta property=\"og:url\" content=\"https:\/\/www.linearled.ca\/fr\/produit\/0-10-smt-192-fr\/\" \/>\n<meta property=\"og:site_name\" content=\"LinearLED\" \/>\n<meta property=\"article:publisher\" content=\"https:\/\/www.facebook.com\/LinearLEDmtl\" \/>\n<meta property=\"article:modified_time\" content=\"2025-12-19T18:23:42+00:00\" \/>\n<meta property=\"og:image\" content=\"https:\/\/www.linearled.ca\/wp-content\/uploads\/2020\/07\/smt192-e1595948578794.jpg\" \/>\n\t<meta property=\"og:image:width\" content=\"1391\" \/>\n\t<meta property=\"og:image:height\" content=\"1162\" \/>\n\t<meta property=\"og:image:type\" content=\"image\/jpeg\" \/>\n<meta name=\"twitter:card\" content=\"summary_large_image\" \/>\n<meta name=\"twitter:label1\" content=\"Dur\u00e9e de lecture estim\u00e9e\" \/>\n\t<meta name=\"twitter:data1\" content=\"1 minute\" \/>\n<script type=\"application\/ld+json\" class=\"yoast-schema-graph\">{\"@context\":\"https:\/\/schema.org\",\"@graph\":[{\"@type\":\"WebPage\",\"@id\":\"https:\/\/www.linearled.ca\/fr\/produit\/0-10-smt-192-fr\/\",\"url\":\"https:\/\/www.linearled.ca\/fr\/produit\/0-10-smt-192-fr\/\",\"name\":\"Dimmble192w (SMT-024-192VTD52JWV2) - LinearLED\",\"isPartOf\":{\"@id\":\"https:\/\/www.linearled.ca\/fr\/#website\"},\"primaryImageOfPage\":{\"@id\":\"https:\/\/www.linearled.ca\/fr\/produit\/0-10-smt-192-fr\/#primaryimage\"},\"image\":{\"@id\":\"https:\/\/www.linearled.ca\/fr\/produit\/0-10-smt-192-fr\/#primaryimage\"},\"thumbnailUrl\":\"https:\/\/www.linearled.ca\/wp-content\/uploads\/2020\/07\/smt192-e1595948578794.jpg\",\"datePublished\":\"2020-08-03T18:25:37+00:00\",\"dateModified\":\"2025-12-19T18:23:42+00:00\",\"breadcrumb\":{\"@id\":\"https:\/\/www.linearled.ca\/fr\/produit\/0-10-smt-192-fr\/#breadcrumb\"},\"inLanguage\":\"fr-FR\",\"potentialAction\":[{\"@type\":\"ReadAction\",\"target\":[\"https:\/\/www.linearled.ca\/fr\/produit\/0-10-smt-192-fr\/\"]}]},{\"@type\":\"ImageObject\",\"inLanguage\":\"fr-FR\",\"@id\":\"https:\/\/www.linearled.ca\/fr\/produit\/0-10-smt-192-fr\/#primaryimage\",\"url\":\"https:\/\/www.linearled.ca\/wp-content\/uploads\/2020\/07\/smt192-e1595948578794.jpg\",\"contentUrl\":\"https:\/\/www.linearled.ca\/wp-content\/uploads\/2020\/07\/smt192-e1595948578794.jpg\",\"width\":1391,\"height\":1162},{\"@type\":\"BreadcrumbList\",\"@id\":\"https:\/\/www.linearled.ca\/fr\/produit\/0-10-smt-192-fr\/#breadcrumb\",\"itemListElement\":[{\"@type\":\"ListItem\",\"position\":1,\"name\":\"Home\",\"item\":\"https:\/\/www.linearled.ca\/fr\/\"},{\"@type\":\"ListItem\",\"position\":2,\"name\":\"Produits\",\"item\":\"https:\/\/test.linearled.ca\/fr\/boutique\/\"},{\"@type\":\"ListItem\",\"position\":3,\"name\":\"Dimmble192w (SMT-024-192VTD52JWV2)\"}]},{\"@type\":\"WebSite\",\"@id\":\"https:\/\/www.linearled.ca\/fr\/#website\",\"url\":\"https:\/\/www.linearled.ca\/fr\/\",\"name\":\"LinearLED\",\"description\":\"LinearLED - Custom Lighting\",\"publisher\":{\"@id\":\"https:\/\/www.linearled.ca\/fr\/#organization\"},\"potentialAction\":[{\"@type\":\"SearchAction\",\"target\":{\"@type\":\"EntryPoint\",\"urlTemplate\":\"https:\/\/www.linearled.ca\/fr\/?s={search_term_string}\"},\"query-input\":{\"@type\":\"PropertyValueSpecification\",\"valueRequired\":true,\"valueName\":\"search_term_string\"}}],\"inLanguage\":\"fr-FR\"},{\"@type\":\"Organization\",\"@id\":\"https:\/\/www.linearled.ca\/fr\/#organization\",\"name\":\"LinearLED\",\"url\":\"https:\/\/www.linearled.ca\/fr\/\",\"logo\":{\"@type\":\"ImageObject\",\"inLanguage\":\"fr-FR\",\"@id\":\"https:\/\/www.linearled.ca\/fr\/#\/schema\/logo\/image\/\",\"url\":\"https:\/\/www.linearled.ca\/wp-content\/uploads\/2025\/08\/logo-linearled-en.png\",\"contentUrl\":\"https:\/\/www.linearled.ca\/wp-content\/uploads\/2025\/08\/logo-linearled-en.png\",\"width\":200,\"height\":34,\"caption\":\"LinearLED\"},\"image\":{\"@id\":\"https:\/\/www.linearled.ca\/fr\/#\/schema\/logo\/image\/\"},\"sameAs\":[\"https:\/\/www.facebook.com\/LinearLEDmtl\",\"https:\/\/www.instagram.com\/linearledmtl\/\"]}]}<\/script>\n<!-- \/ Yoast SEO plugin. -->","yoast_head_json":{"title":"Dimmble192w (SMT-024-192VTD52JWV2) - LinearLED","robots":{"index":"index","follow":"follow","max-snippet":"max-snippet:-1","max-image-preview":"max-image-preview:large","max-video-preview":"max-video-preview:-1"},"canonical":"https:\/\/www.linearled.ca\/fr\/produit\/0-10-smt-192-fr\/","og_locale":"fr_FR","og_type":"article","og_title":"Dimmble192w (SMT-024-192VTD52JWV2) - LinearLED","og_description":"Sortie PWM sans scintillement, tension constante.  Classe 2 : 2 sorties ind\u00e9pendantes de 96 W\u00b9  Entr\u00e9e 5 voies: DC0-10v, triac phase directe ou inverse, r\u00e9sistance ou variateurs de signal PWM  Plage de tension d'entr\u00e9e 100-277vac  Bo\u00eetes de jonction HV et BT isol\u00e9es int\u00e9gr\u00e9es avec plusieurs d\u00e9bouchures  Protection contre les courts-circuits, les surcharges et les surchauffes  Convient aux endroits secs, humides et mouill\u00e9s  Fonction PFC int\u00e9gr\u00e9e, PF&gt; 0,98  Efficacit\u00e9&gt; 87% \/ charge: 0 ~ 100%  Garantie de 7 ans  Type 0-10v \u00b9 Ne d\u00e9passez pas 96 watts sur aucune sortie individuelle. Les parcours de c\u00e2blage doivent \u00eatre pris en compte lors du pr\u00e9c\u00e2blage.","og_url":"https:\/\/www.linearled.ca\/fr\/produit\/0-10-smt-192-fr\/","og_site_name":"LinearLED","article_publisher":"https:\/\/www.facebook.com\/LinearLEDmtl","article_modified_time":"2025-12-19T18:23:42+00:00","og_image":[{"width":1391,"height":1162,"url":"https:\/\/www.linearled.ca\/wp-content\/uploads\/2020\/07\/smt192-e1595948578794.jpg","type":"image\/jpeg"}],"twitter_card":"summary_large_image","twitter_misc":{"Dur\u00e9e de lecture estim\u00e9e":"1 minute"},"schema":{"@context":"https:\/\/schema.org","@graph":[{"@type":"WebPage","@id":"https:\/\/www.linearled.ca\/fr\/produit\/0-10-smt-192-fr\/","url":"https:\/\/www.linearled.ca\/fr\/produit\/0-10-smt-192-fr\/","name":"Dimmble192w (SMT-024-192VTD52JWV2) - LinearLED","isPartOf":{"@id":"https:\/\/www.linearled.ca\/fr\/#website"},"primaryImageOfPage":{"@id":"https:\/\/www.linearled.ca\/fr\/produit\/0-10-smt-192-fr\/#primaryimage"},"image":{"@id":"https:\/\/www.linearled.ca\/fr\/produit\/0-10-smt-192-fr\/#primaryimage"},"thumbnailUrl":"https:\/\/www.linearled.ca\/wp-content\/uploads\/2020\/07\/smt192-e1595948578794.jpg","datePublished":"2020-08-03T18:25:37+00:00","dateModified":"2025-12-19T18:23:42+00:00","breadcrumb":{"@id":"https:\/\/www.linearled.ca\/fr\/produit\/0-10-smt-192-fr\/#breadcrumb"},"inLanguage":"fr-FR","potentialAction":[{"@type":"ReadAction","target":["https:\/\/www.linearled.ca\/fr\/produit\/0-10-smt-192-fr\/"]}]},{"@type":"ImageObject","inLanguage":"fr-FR","@id":"https:\/\/www.linearled.ca\/fr\/produit\/0-10-smt-192-fr\/#primaryimage","url":"https:\/\/www.linearled.ca\/wp-content\/uploads\/2020\/07\/smt192-e1595948578794.jpg","contentUrl":"https:\/\/www.linearled.ca\/wp-content\/uploads\/2020\/07\/smt192-e1595948578794.jpg","width":1391,"height":1162},{"@type":"BreadcrumbList","@id":"https:\/\/www.linearled.ca\/fr\/produit\/0-10-smt-192-fr\/#breadcrumb","itemListElement":[{"@type":"ListItem","position":1,"name":"Home","item":"https:\/\/www.linearled.ca\/fr\/"},{"@type":"ListItem","position":2,"name":"Produits","item":"https:\/\/test.linearled.ca\/fr\/boutique\/"},{"@type":"ListItem","position":3,"name":"Dimmble192w (SMT-024-192VTD52JWV2)"}]},{"@type":"WebSite","@id":"https:\/\/www.linearled.ca\/fr\/#website","url":"https:\/\/www.linearled.ca\/fr\/","name":"LinearLED","description":"LinearLED - Custom Lighting","publisher":{"@id":"https:\/\/www.linearled.ca\/fr\/#organization"},"potentialAction":[{"@type":"SearchAction","target":{"@type":"EntryPoint","urlTemplate":"https:\/\/www.linearled.ca\/fr\/?s={search_term_string}"},"query-input":{"@type":"PropertyValueSpecification","valueRequired":true,"valueName":"search_term_string"}}],"inLanguage":"fr-FR"},{"@type":"Organization","@id":"https:\/\/www.linearled.ca\/fr\/#organization","name":"LinearLED","url":"https:\/\/www.linearled.ca\/fr\/","logo":{"@type":"ImageObject","inLanguage":"fr-FR","@id":"https:\/\/www.linearled.ca\/fr\/#\/schema\/logo\/image\/","url":"https:\/\/www.linearled.ca\/wp-content\/uploads\/2025\/08\/logo-linearled-en.png","contentUrl":"https:\/\/www.linearled.ca\/wp-content\/uploads\/2025\/08\/logo-linearled-en.png","width":200,"height":34,"caption":"LinearLED"},"image":{"@id":"https:\/\/www.linearled.ca\/fr\/#\/schema\/logo\/image\/"},"sameAs":["https:\/\/www.facebook.com\/LinearLEDmtl","https:\/\/www.instagram.com\/linearledmtl\/"]}]}},"_links":{"self":[{"href":"https:\/\/www.linearled.ca\/fr\/wp-json\/wp\/v2\/product\/3764","targetHints":{"allow":["GET"]}}],"collection":[{"href":"https:\/\/www.linearled.ca\/fr\/wp-json\/wp\/v2\/product"}],"about":[{"href":"https:\/\/www.linearled.ca\/fr\/wp-json\/wp\/v2\/types\/product"}],"wp:featuredmedia":[{"embeddable":true,"href":"https:\/\/www.linearled.ca\/fr\/wp-json\/wp\/v2\/media\/5026"}],"wp:attachment":[{"href":"https:\/\/www.linearled.ca\/fr\/wp-json\/wp\/v2\/media?parent=3764"}],"wp:term":[{"taxonomy":"product_brand","embeddable":true,"href":"https:\/\/www.linearled.ca\/fr\/wp-json\/wp\/v2\/product_brand?post=3764"},{"taxonomy":"product_cat","embeddable":true,"href":"https:\/\/www.linearled.ca\/fr\/wp-json\/wp\/v2\/product_cat?post=3764"},{"taxonomy":"product_tag","embeddable":true,"href":"https:\/\/www.linearled.ca\/fr\/wp-json\/wp\/v2\/product_tag?post=3764"}],"curies":[{"name":"wp","href":"https:\/\/api.w.org\/{rel}","templated":true}]}}