{"id":3741,"date":"2020-07-16T13:54:04","date_gmt":"2020-07-16T17:54:04","guid":{"rendered":"https:\/\/test.linearled.ca\/product\/linea-p11\/"},"modified":"2025-10-20T14:43:01","modified_gmt":"2025-10-20T18:43:01","slug":"linea-p11-fr","status":"publish","type":"product","link":"https:\/\/www.linearled.ca\/fr\/produit\/linea-p11-fr\/","title":{"rendered":"Linea P11"},"content":{"rendered":"<ul>\n<li class=\"p1\">D\u00e9coupe personnalis\u00e9e \u00e0 toute longueur, jusqu&rsquo;\u00e0 1\/16<span class=\"s1\">i\u00e8me<\/span> de pouce pr\u00e8s.<\/li>\n<li class=\"p1\">Application simple directement dans le gypse ou le plafond.<\/li>\n<li class=\"p1\">Rebords con\u00e7us pour \u00eatre enduits directement dans le gypse pour une finition professionnelle.<\/li>\n<li class=\"p1\">Aucun point lumineux visible \u00e0 moins d\u2019\u00eatre associ\u00e9s \u00e0 une bande DEL de 350 LED\/m ou plus.<\/li>\n<li class=\"p1\">Disponible avec fil ou connecteur rapide de diff\u00e9rentes longueurs.<\/li>\n<li class=\"p1\">Sortie pr\u00e9vue pour les connections en s\u00e9rie. C\u00e2bles d\u2019extension vendus s\u00e9par\u00e9ment.<\/li>\n<\/ul>\n<p><a href=\"https:\/\/www.linearled.ca\/fr\/?attachment_id=6194#main\" rel=\"attachment wp-att-6194\"><img loading=\"lazy\" decoding=\"async\" class=\"aligncenter size-full wp-image-6194\" src=\"https:\/\/www.linearled.ca\/wp-content\/uploads\/2020\/07\/P11-22-38-48_BannerSiteWEB-scaled.png\" alt=\"\" width=\"2560\" height=\"922\" srcset=\"https:\/\/www.linearled.ca\/wp-content\/uploads\/2020\/07\/P11-22-38-48_BannerSiteWEB-scaled.png 2560w, https:\/\/www.linearled.ca\/wp-content\/uploads\/2020\/07\/P11-22-38-48_BannerSiteWEB-300x108.png 300w, https:\/\/www.linearled.ca\/wp-content\/uploads\/2020\/07\/P11-22-38-48_BannerSiteWEB-1024x369.png 1024w, https:\/\/www.linearled.ca\/wp-content\/uploads\/2020\/07\/P11-22-38-48_BannerSiteWEB-768x276.png 768w, https:\/\/www.linearled.ca\/wp-content\/uploads\/2020\/07\/P11-22-38-48_BannerSiteWEB-1536x553.png 1536w, https:\/\/www.linearled.ca\/wp-content\/uploads\/2020\/07\/P11-22-38-48_BannerSiteWEB-2048x737.png 2048w, https:\/\/www.linearled.ca\/wp-content\/uploads\/2020\/07\/P11-22-38-48_BannerSiteWEB-600x216.png 600w\" sizes=\"auto, (max-width: 2560px) 100vw, 2560px\" \/><\/a><\/p>\n","protected":false},"excerpt":{"rendered":"<p class=\"p1\" style=\"text-align: left;\">Linea P11 est un profil\u00e9 en aluminium pour bande DEL de 11 mm de large qui peut accueillir une rang\u00e9e de bande DEL LED de 10 mm ou moins vendues par linearled.ca. Ce profil\u00e9 en aluminium a des rebords con\u00e7ues pour \u00eatre pl\u00e2tr\u00e9es directement dans le gypse ou le plafond pour une finition professionnelle.<\/p>\n<p><img loading=\"lazy\" decoding=\"async\" class=\"alignnone wp-image-3124\" src=\"https:\/\/www.linearled.ca\/wp-content\/uploads\/2020\/07\/Linea-P12.jpg\" alt=\"\" width=\"377\" height=\"189\" srcset=\"https:\/\/www.linearled.ca\/wp-content\/uploads\/2020\/07\/Linea-P12.jpg 1119w, https:\/\/www.linearled.ca\/wp-content\/uploads\/2020\/07\/Linea-P12-300x150.jpg 300w, https:\/\/www.linearled.ca\/wp-content\/uploads\/2020\/07\/Linea-P12-1024x512.jpg 1024w, https:\/\/www.linearled.ca\/wp-content\/uploads\/2020\/07\/Linea-P12-768x384.jpg 768w, https:\/\/www.linearled.ca\/wp-content\/uploads\/2020\/07\/Linea-P12-600x300.jpg 600w\" sizes=\"auto, (max-width: 377px) 100vw, 377px\" \/><\/p>\n","protected":false},"featured_media":4632,"template":"","meta":{"_acf_changed":false},"product_brand":[],"product_cat":[120,122],"product_tag":[],"class_list":{"0":"post-3741","1":"product","2":"type-product","3":"status-publish","4":"has-post-thumbnail","6":"product_cat-encastre","7":"product_cat-linea-fr","8":"sales-flash-overlay","9":"woocommerce-text-align-center","10":"woocommerce-image-align-center","11":"do-quantity-buttons","13":"first","14":"instock","15":"taxable","16":"shipping-taxable","17":"product-type-simple"},"acf":[],"yoast_head":"<!-- This site is optimized with the Yoast SEO plugin v26.0 - https:\/\/yoast.com\/wordpress\/plugins\/seo\/ -->\n<title>Linea P11 - LinearLED<\/title>\n<meta name=\"robots\" content=\"index, follow, max-snippet:-1, max-image-preview:large, max-video-preview:-1\" \/>\n<link rel=\"canonical\" href=\"https:\/\/www.linearled.ca\/fr\/produit\/linea-p11-fr\/\" \/>\n<meta property=\"og:locale\" content=\"fr_FR\" \/>\n<meta property=\"og:type\" content=\"article\" \/>\n<meta property=\"og:title\" content=\"Linea P11 - LinearLED\" \/>\n<meta property=\"og:description\" content=\"Linea P11 est un profil\u00e9 en aluminium pour bande DEL de 11 mm de large qui peut accueillir une rang\u00e9e de bande DEL LED de 10 mm ou moins vendues par linearled.ca. Ce profil\u00e9 en aluminium a des rebords con\u00e7ues pour \u00eatre pl\u00e2tr\u00e9es directement dans le gypse ou le plafond pour une finition professionnelle.\" \/>\n<meta property=\"og:url\" content=\"https:\/\/www.linearled.ca\/fr\/produit\/linea-p11-fr\/\" \/>\n<meta property=\"og:site_name\" content=\"LinearLED\" \/>\n<meta property=\"article:publisher\" content=\"https:\/\/www.facebook.com\/LinearLEDmtl\" \/>\n<meta property=\"article:modified_time\" content=\"2025-10-20T18:43:01+00:00\" \/>\n<meta property=\"og:image\" content=\"https:\/\/www.linearled.ca\/wp-content\/uploads\/2020\/07\/P11-scaled.jpg\" \/>\n\t<meta property=\"og:image:width\" content=\"2560\" \/>\n\t<meta property=\"og:image:height\" content=\"1707\" \/>\n\t<meta property=\"og:image:type\" content=\"image\/jpeg\" \/>\n<meta name=\"twitter:card\" content=\"summary_large_image\" \/>\n<meta name=\"twitter:label1\" content=\"Dur\u00e9e de lecture estim\u00e9e\" \/>\n\t<meta name=\"twitter:data1\" content=\"1 minute\" \/>\n<script type=\"application\/ld+json\" class=\"yoast-schema-graph\">{\"@context\":\"https:\/\/schema.org\",\"@graph\":[{\"@type\":\"WebPage\",\"@id\":\"https:\/\/www.linearled.ca\/fr\/produit\/linea-p11-fr\/\",\"url\":\"https:\/\/www.linearled.ca\/fr\/produit\/linea-p11-fr\/\",\"name\":\"Linea P11 - LinearLED\",\"isPartOf\":{\"@id\":\"https:\/\/www.linearled.ca\/fr\/#website\"},\"primaryImageOfPage\":{\"@id\":\"https:\/\/www.linearled.ca\/fr\/produit\/linea-p11-fr\/#primaryimage\"},\"image\":{\"@id\":\"https:\/\/www.linearled.ca\/fr\/produit\/linea-p11-fr\/#primaryimage\"},\"thumbnailUrl\":\"https:\/\/www.linearled.ca\/wp-content\/uploads\/2020\/07\/P11-scaled.jpg\",\"datePublished\":\"2020-07-16T17:54:04+00:00\",\"dateModified\":\"2025-10-20T18:43:01+00:00\",\"breadcrumb\":{\"@id\":\"https:\/\/www.linearled.ca\/fr\/produit\/linea-p11-fr\/#breadcrumb\"},\"inLanguage\":\"fr-FR\",\"potentialAction\":[{\"@type\":\"ReadAction\",\"target\":[\"https:\/\/www.linearled.ca\/fr\/produit\/linea-p11-fr\/\"]}]},{\"@type\":\"ImageObject\",\"inLanguage\":\"fr-FR\",\"@id\":\"https:\/\/www.linearled.ca\/fr\/produit\/linea-p11-fr\/#primaryimage\",\"url\":\"https:\/\/www.linearled.ca\/wp-content\/uploads\/2020\/07\/P11-scaled.jpg\",\"contentUrl\":\"https:\/\/www.linearled.ca\/wp-content\/uploads\/2020\/07\/P11-scaled.jpg\",\"width\":2560,\"height\":1707},{\"@type\":\"BreadcrumbList\",\"@id\":\"https:\/\/www.linearled.ca\/fr\/produit\/linea-p11-fr\/#breadcrumb\",\"itemListElement\":[{\"@type\":\"ListItem\",\"position\":1,\"name\":\"Home\",\"item\":\"https:\/\/www.linearled.ca\/fr\/\"},{\"@type\":\"ListItem\",\"position\":2,\"name\":\"Produits\",\"item\":\"https:\/\/test.linearled.ca\/fr\/boutique\/\"},{\"@type\":\"ListItem\",\"position\":3,\"name\":\"Linea P11\"}]},{\"@type\":\"WebSite\",\"@id\":\"https:\/\/www.linearled.ca\/fr\/#website\",\"url\":\"https:\/\/www.linearled.ca\/fr\/\",\"name\":\"LinearLED\",\"description\":\"LinearLED - Custom Lighting\",\"publisher\":{\"@id\":\"https:\/\/www.linearled.ca\/fr\/#organization\"},\"potentialAction\":[{\"@type\":\"SearchAction\",\"target\":{\"@type\":\"EntryPoint\",\"urlTemplate\":\"https:\/\/www.linearled.ca\/fr\/?s={search_term_string}\"},\"query-input\":{\"@type\":\"PropertyValueSpecification\",\"valueRequired\":true,\"valueName\":\"search_term_string\"}}],\"inLanguage\":\"fr-FR\"},{\"@type\":\"Organization\",\"@id\":\"https:\/\/www.linearled.ca\/fr\/#organization\",\"name\":\"LinearLED\",\"url\":\"https:\/\/www.linearled.ca\/fr\/\",\"logo\":{\"@type\":\"ImageObject\",\"inLanguage\":\"fr-FR\",\"@id\":\"https:\/\/www.linearled.ca\/fr\/#\/schema\/logo\/image\/\",\"url\":\"https:\/\/www.linearled.ca\/wp-content\/uploads\/2025\/08\/logo-linearled-en.png\",\"contentUrl\":\"https:\/\/www.linearled.ca\/wp-content\/uploads\/2025\/08\/logo-linearled-en.png\",\"width\":200,\"height\":34,\"caption\":\"LinearLED\"},\"image\":{\"@id\":\"https:\/\/www.linearled.ca\/fr\/#\/schema\/logo\/image\/\"},\"sameAs\":[\"https:\/\/www.facebook.com\/LinearLEDmtl\",\"https:\/\/www.instagram.com\/linearledmtl\/\"]}]}<\/script>\n<!-- \/ Yoast SEO plugin. -->","yoast_head_json":{"title":"Linea P11 - LinearLED","robots":{"index":"index","follow":"follow","max-snippet":"max-snippet:-1","max-image-preview":"max-image-preview:large","max-video-preview":"max-video-preview:-1"},"canonical":"https:\/\/www.linearled.ca\/fr\/produit\/linea-p11-fr\/","og_locale":"fr_FR","og_type":"article","og_title":"Linea P11 - LinearLED","og_description":"Linea P11 est un profil\u00e9 en aluminium pour bande DEL de 11 mm de large qui peut accueillir une rang\u00e9e de bande DEL LED de 10 mm ou moins vendues par linearled.ca. Ce profil\u00e9 en aluminium a des rebords con\u00e7ues pour \u00eatre pl\u00e2tr\u00e9es directement dans le gypse ou le plafond pour une finition professionnelle.","og_url":"https:\/\/www.linearled.ca\/fr\/produit\/linea-p11-fr\/","og_site_name":"LinearLED","article_publisher":"https:\/\/www.facebook.com\/LinearLEDmtl","article_modified_time":"2025-10-20T18:43:01+00:00","og_image":[{"width":2560,"height":1707,"url":"https:\/\/www.linearled.ca\/wp-content\/uploads\/2020\/07\/P11-scaled.jpg","type":"image\/jpeg"}],"twitter_card":"summary_large_image","twitter_misc":{"Dur\u00e9e de lecture estim\u00e9e":"1 minute"},"schema":{"@context":"https:\/\/schema.org","@graph":[{"@type":"WebPage","@id":"https:\/\/www.linearled.ca\/fr\/produit\/linea-p11-fr\/","url":"https:\/\/www.linearled.ca\/fr\/produit\/linea-p11-fr\/","name":"Linea P11 - LinearLED","isPartOf":{"@id":"https:\/\/www.linearled.ca\/fr\/#website"},"primaryImageOfPage":{"@id":"https:\/\/www.linearled.ca\/fr\/produit\/linea-p11-fr\/#primaryimage"},"image":{"@id":"https:\/\/www.linearled.ca\/fr\/produit\/linea-p11-fr\/#primaryimage"},"thumbnailUrl":"https:\/\/www.linearled.ca\/wp-content\/uploads\/2020\/07\/P11-scaled.jpg","datePublished":"2020-07-16T17:54:04+00:00","dateModified":"2025-10-20T18:43:01+00:00","breadcrumb":{"@id":"https:\/\/www.linearled.ca\/fr\/produit\/linea-p11-fr\/#breadcrumb"},"inLanguage":"fr-FR","potentialAction":[{"@type":"ReadAction","target":["https:\/\/www.linearled.ca\/fr\/produit\/linea-p11-fr\/"]}]},{"@type":"ImageObject","inLanguage":"fr-FR","@id":"https:\/\/www.linearled.ca\/fr\/produit\/linea-p11-fr\/#primaryimage","url":"https:\/\/www.linearled.ca\/wp-content\/uploads\/2020\/07\/P11-scaled.jpg","contentUrl":"https:\/\/www.linearled.ca\/wp-content\/uploads\/2020\/07\/P11-scaled.jpg","width":2560,"height":1707},{"@type":"BreadcrumbList","@id":"https:\/\/www.linearled.ca\/fr\/produit\/linea-p11-fr\/#breadcrumb","itemListElement":[{"@type":"ListItem","position":1,"name":"Home","item":"https:\/\/www.linearled.ca\/fr\/"},{"@type":"ListItem","position":2,"name":"Produits","item":"https:\/\/test.linearled.ca\/fr\/boutique\/"},{"@type":"ListItem","position":3,"name":"Linea P11"}]},{"@type":"WebSite","@id":"https:\/\/www.linearled.ca\/fr\/#website","url":"https:\/\/www.linearled.ca\/fr\/","name":"LinearLED","description":"LinearLED - Custom Lighting","publisher":{"@id":"https:\/\/www.linearled.ca\/fr\/#organization"},"potentialAction":[{"@type":"SearchAction","target":{"@type":"EntryPoint","urlTemplate":"https:\/\/www.linearled.ca\/fr\/?s={search_term_string}"},"query-input":{"@type":"PropertyValueSpecification","valueRequired":true,"valueName":"search_term_string"}}],"inLanguage":"fr-FR"},{"@type":"Organization","@id":"https:\/\/www.linearled.ca\/fr\/#organization","name":"LinearLED","url":"https:\/\/www.linearled.ca\/fr\/","logo":{"@type":"ImageObject","inLanguage":"fr-FR","@id":"https:\/\/www.linearled.ca\/fr\/#\/schema\/logo\/image\/","url":"https:\/\/www.linearled.ca\/wp-content\/uploads\/2025\/08\/logo-linearled-en.png","contentUrl":"https:\/\/www.linearled.ca\/wp-content\/uploads\/2025\/08\/logo-linearled-en.png","width":200,"height":34,"caption":"LinearLED"},"image":{"@id":"https:\/\/www.linearled.ca\/fr\/#\/schema\/logo\/image\/"},"sameAs":["https:\/\/www.facebook.com\/LinearLEDmtl","https:\/\/www.instagram.com\/linearledmtl\/"]}]}},"_links":{"self":[{"href":"https:\/\/www.linearled.ca\/fr\/wp-json\/wp\/v2\/product\/3741","targetHints":{"allow":["GET"]}}],"collection":[{"href":"https:\/\/www.linearled.ca\/fr\/wp-json\/wp\/v2\/product"}],"about":[{"href":"https:\/\/www.linearled.ca\/fr\/wp-json\/wp\/v2\/types\/product"}],"wp:featuredmedia":[{"embeddable":true,"href":"https:\/\/www.linearled.ca\/fr\/wp-json\/wp\/v2\/media\/4632"}],"wp:attachment":[{"href":"https:\/\/www.linearled.ca\/fr\/wp-json\/wp\/v2\/media?parent=3741"}],"wp:term":[{"taxonomy":"product_brand","embeddable":true,"href":"https:\/\/www.linearled.ca\/fr\/wp-json\/wp\/v2\/product_brand?post=3741"},{"taxonomy":"product_cat","embeddable":true,"href":"https:\/\/www.linearled.ca\/fr\/wp-json\/wp\/v2\/product_cat?post=3741"},{"taxonomy":"product_tag","embeddable":true,"href":"https:\/\/www.linearled.ca\/fr\/wp-json\/wp\/v2\/product_tag?post=3741"}],"curies":[{"name":"wp","href":"https:\/\/api.w.org\/{rel}","templated":true}]}}