{"id":3707,"date":"2020-07-17T12:45:41","date_gmt":"2020-07-17T16:45:41","guid":{"rendered":"https:\/\/test.linearled.ca\/product\/linea-gr3\/"},"modified":"2025-09-29T10:26:28","modified_gmt":"2025-09-29T14:26:28","slug":"linea-gr3-fr","status":"publish","type":"product","link":"https:\/\/www.linearled.ca\/fr\/produit\/linea-gr3-fr\/","title":{"rendered":"Linea GR3"},"content":{"rendered":"<ul>\n<li class=\"p1\">D\u00e9coupe personnalis\u00e9e \u00e0 toute longueur, jusqu&rsquo;\u00e0 1\/16<span class=\"s1\">i\u00e8me<\/span> de pouce pr\u00e8s.<\/li>\n<li class=\"p1\">Profil\u00e9 en aluminium noir.<\/li>\n<li class=\"p1\">Suspendu par des fils coup\u00e9s \u00e0 la longueur souhait\u00e9e.<\/li>\n<li class=\"p1\">Luminaire suspendu qui peut aussi \u00eatre mont\u00e9e en surface.<\/li>\n<li class=\"p1\">Luminaire circulaire avec 28mm de diam\u00e8tre.<\/li>\n<li class=\"p1\">\u00c9clairement uniforme \u00e0 la source lumineuse. Aucun point lumineux visible avec les bandes DEL de 10 mm de large ou moins vendues par linearled.ca.<\/li>\n<li class=\"p1\">Lentille \u00e0 angle \u00e9troit de 30 degr\u00e9s.<\/li>\n<li class=\"p1\">Disponible avec fil ou connecteur rapide de diff\u00e9rentes longueurs. Sortie pr\u00e9vue pour les connections en s\u00e9rie. C\u00e2bles d\u2019extension vendus s\u00e9par\u00e9ment.<\/li>\n<\/ul>\n","protected":false},"excerpt":{"rendered":"<p class=\"p1\">Linea GR3 est un profil\u00e9 en aluminium noir \u00e0 faisceaux \u00e9troit rond, avec une lentille de 30 degr\u00e9s, parfait pour un \u00e9clairage de pr\u00e9cision. Con\u00e7u pour \u00eatre mont\u00e9e en surface ou suspendu par des c\u00e2bles coup\u00e9s \u00e0 la longueur de votre choix. Ce luminaire peut accueillir 1 rang\u00e9e de bande DEL de 10 mm ou moins vendue par linearled.ca.<\/p>\n<p class=\"p1\"><img loading=\"lazy\" decoding=\"async\" class=\"alignnone wp-image-3176\" src=\"https:\/\/www.linearled.ca\/wp-content\/uploads\/2020\/07\/Linea-GR3.jpg\" alt=\"\" width=\"377\" height=\"377\" srcset=\"https:\/\/www.linearled.ca\/wp-content\/uploads\/2020\/07\/Linea-GR3.jpg 1200w, https:\/\/www.linearled.ca\/wp-content\/uploads\/2020\/07\/Linea-GR3-300x300.jpg 300w, https:\/\/www.linearled.ca\/wp-content\/uploads\/2020\/07\/Linea-GR3-1024x1024.jpg 1024w, https:\/\/www.linearled.ca\/wp-content\/uploads\/2020\/07\/Linea-GR3-150x150.jpg 150w, https:\/\/www.linearled.ca\/wp-content\/uploads\/2020\/07\/Linea-GR3-768x768.jpg 768w, https:\/\/www.linearled.ca\/wp-content\/uploads\/2020\/07\/Linea-GR3-135x136.jpg 135w, https:\/\/www.linearled.ca\/wp-content\/uploads\/2020\/07\/Linea-GR3-125x125.jpg 125w, https:\/\/www.linearled.ca\/wp-content\/uploads\/2020\/07\/Linea-GR3-600x600.jpg 600w, https:\/\/www.linearled.ca\/wp-content\/uploads\/2020\/07\/Linea-GR3-100x100.jpg 100w\" sizes=\"auto, (max-width: 377px) 100vw, 377px\" \/><\/p>\n<p class=\"p1\">\n","protected":false},"featured_media":4162,"template":"","meta":{"_acf_changed":false},"product_brand":[],"product_cat":[124],"product_tag":[],"class_list":{"0":"post-3707","1":"product","2":"type-product","3":"status-publish","4":"has-post-thumbnail","6":"product_cat-specialise","7":"sales-flash-overlay","8":"woocommerce-text-align-center","9":"woocommerce-image-align-center","10":"do-quantity-buttons","12":"first","13":"instock","14":"taxable","15":"shipping-taxable","16":"product-type-simple"},"acf":[],"yoast_head":"<!-- This site is optimized with the Yoast SEO plugin v26.0 - https:\/\/yoast.com\/wordpress\/plugins\/seo\/ -->\n<title>Linea GR3 - LinearLED<\/title>\n<meta name=\"robots\" content=\"index, follow, max-snippet:-1, max-image-preview:large, max-video-preview:-1\" \/>\n<link rel=\"canonical\" href=\"https:\/\/www.linearled.ca\/fr\/produit\/linea-gr3-fr\/\" \/>\n<meta property=\"og:locale\" content=\"fr_FR\" \/>\n<meta property=\"og:type\" content=\"article\" \/>\n<meta property=\"og:title\" content=\"Linea GR3 - LinearLED\" \/>\n<meta property=\"og:description\" content=\"Linea GR3 est un profil\u00e9 en aluminium noir \u00e0 faisceaux \u00e9troit rond, avec une lentille de 30 degr\u00e9s, parfait pour un \u00e9clairage de pr\u00e9cision. Con\u00e7u pour \u00eatre mont\u00e9e en surface ou suspendu par des c\u00e2bles coup\u00e9s \u00e0 la longueur de votre choix. Ce luminaire peut accueillir 1 rang\u00e9e de bande DEL de 10 mm ou moins vendue par linearled.ca.\" \/>\n<meta property=\"og:url\" content=\"https:\/\/www.linearled.ca\/fr\/produit\/linea-gr3-fr\/\" \/>\n<meta property=\"og:site_name\" content=\"LinearLED\" \/>\n<meta property=\"article:publisher\" content=\"https:\/\/www.facebook.com\/LinearLEDmtl\" \/>\n<meta property=\"article:modified_time\" content=\"2025-09-29T14:26:28+00:00\" \/>\n<meta property=\"og:image\" content=\"https:\/\/www.linearled.ca\/wp-content\/uploads\/2020\/07\/GR3-scaled.jpg\" \/>\n\t<meta property=\"og:image:width\" content=\"2560\" \/>\n\t<meta property=\"og:image:height\" content=\"1707\" \/>\n\t<meta property=\"og:image:type\" content=\"image\/jpeg\" \/>\n<meta name=\"twitter:card\" content=\"summary_large_image\" \/>\n<meta name=\"twitter:label1\" content=\"Dur\u00e9e de lecture estim\u00e9e\" \/>\n\t<meta name=\"twitter:data1\" content=\"1 minute\" \/>\n<script type=\"application\/ld+json\" class=\"yoast-schema-graph\">{\"@context\":\"https:\/\/schema.org\",\"@graph\":[{\"@type\":\"WebPage\",\"@id\":\"https:\/\/www.linearled.ca\/fr\/produit\/linea-gr3-fr\/\",\"url\":\"https:\/\/www.linearled.ca\/fr\/produit\/linea-gr3-fr\/\",\"name\":\"Linea GR3 - LinearLED\",\"isPartOf\":{\"@id\":\"https:\/\/www.linearled.ca\/fr\/#website\"},\"primaryImageOfPage\":{\"@id\":\"https:\/\/www.linearled.ca\/fr\/produit\/linea-gr3-fr\/#primaryimage\"},\"image\":{\"@id\":\"https:\/\/www.linearled.ca\/fr\/produit\/linea-gr3-fr\/#primaryimage\"},\"thumbnailUrl\":\"https:\/\/www.linearled.ca\/wp-content\/uploads\/2020\/07\/GR3-scaled.jpg\",\"datePublished\":\"2020-07-17T16:45:41+00:00\",\"dateModified\":\"2025-09-29T14:26:28+00:00\",\"breadcrumb\":{\"@id\":\"https:\/\/www.linearled.ca\/fr\/produit\/linea-gr3-fr\/#breadcrumb\"},\"inLanguage\":\"fr-FR\",\"potentialAction\":[{\"@type\":\"ReadAction\",\"target\":[\"https:\/\/www.linearled.ca\/fr\/produit\/linea-gr3-fr\/\"]}]},{\"@type\":\"ImageObject\",\"inLanguage\":\"fr-FR\",\"@id\":\"https:\/\/www.linearled.ca\/fr\/produit\/linea-gr3-fr\/#primaryimage\",\"url\":\"https:\/\/www.linearled.ca\/wp-content\/uploads\/2020\/07\/GR3-scaled.jpg\",\"contentUrl\":\"https:\/\/www.linearled.ca\/wp-content\/uploads\/2020\/07\/GR3-scaled.jpg\",\"width\":2560,\"height\":1707},{\"@type\":\"BreadcrumbList\",\"@id\":\"https:\/\/www.linearled.ca\/fr\/produit\/linea-gr3-fr\/#breadcrumb\",\"itemListElement\":[{\"@type\":\"ListItem\",\"position\":1,\"name\":\"Home\",\"item\":\"https:\/\/www.linearled.ca\/fr\/\"},{\"@type\":\"ListItem\",\"position\":2,\"name\":\"Produits\",\"item\":\"https:\/\/test.linearled.ca\/fr\/boutique\/\"},{\"@type\":\"ListItem\",\"position\":3,\"name\":\"Linea GR3\"}]},{\"@type\":\"WebSite\",\"@id\":\"https:\/\/www.linearled.ca\/fr\/#website\",\"url\":\"https:\/\/www.linearled.ca\/fr\/\",\"name\":\"LinearLED\",\"description\":\"LinearLED - Custom Lighting\",\"publisher\":{\"@id\":\"https:\/\/www.linearled.ca\/fr\/#organization\"},\"potentialAction\":[{\"@type\":\"SearchAction\",\"target\":{\"@type\":\"EntryPoint\",\"urlTemplate\":\"https:\/\/www.linearled.ca\/fr\/?s={search_term_string}\"},\"query-input\":{\"@type\":\"PropertyValueSpecification\",\"valueRequired\":true,\"valueName\":\"search_term_string\"}}],\"inLanguage\":\"fr-FR\"},{\"@type\":\"Organization\",\"@id\":\"https:\/\/www.linearled.ca\/fr\/#organization\",\"name\":\"LinearLED\",\"url\":\"https:\/\/www.linearled.ca\/fr\/\",\"logo\":{\"@type\":\"ImageObject\",\"inLanguage\":\"fr-FR\",\"@id\":\"https:\/\/www.linearled.ca\/fr\/#\/schema\/logo\/image\/\",\"url\":\"https:\/\/www.linearled.ca\/wp-content\/uploads\/2025\/08\/logo-linearled-en.png\",\"contentUrl\":\"https:\/\/www.linearled.ca\/wp-content\/uploads\/2025\/08\/logo-linearled-en.png\",\"width\":200,\"height\":34,\"caption\":\"LinearLED\"},\"image\":{\"@id\":\"https:\/\/www.linearled.ca\/fr\/#\/schema\/logo\/image\/\"},\"sameAs\":[\"https:\/\/www.facebook.com\/LinearLEDmtl\",\"https:\/\/www.instagram.com\/linearledmtl\/\"]}]}<\/script>\n<!-- \/ Yoast SEO plugin. -->","yoast_head_json":{"title":"Linea GR3 - LinearLED","robots":{"index":"index","follow":"follow","max-snippet":"max-snippet:-1","max-image-preview":"max-image-preview:large","max-video-preview":"max-video-preview:-1"},"canonical":"https:\/\/www.linearled.ca\/fr\/produit\/linea-gr3-fr\/","og_locale":"fr_FR","og_type":"article","og_title":"Linea GR3 - LinearLED","og_description":"Linea GR3 est un profil\u00e9 en aluminium noir \u00e0 faisceaux \u00e9troit rond, avec une lentille de 30 degr\u00e9s, parfait pour un \u00e9clairage de pr\u00e9cision. Con\u00e7u pour \u00eatre mont\u00e9e en surface ou suspendu par des c\u00e2bles coup\u00e9s \u00e0 la longueur de votre choix. Ce luminaire peut accueillir 1 rang\u00e9e de bande DEL de 10 mm ou moins vendue par linearled.ca.","og_url":"https:\/\/www.linearled.ca\/fr\/produit\/linea-gr3-fr\/","og_site_name":"LinearLED","article_publisher":"https:\/\/www.facebook.com\/LinearLEDmtl","article_modified_time":"2025-09-29T14:26:28+00:00","og_image":[{"width":2560,"height":1707,"url":"https:\/\/www.linearled.ca\/wp-content\/uploads\/2020\/07\/GR3-scaled.jpg","type":"image\/jpeg"}],"twitter_card":"summary_large_image","twitter_misc":{"Dur\u00e9e de lecture estim\u00e9e":"1 minute"},"schema":{"@context":"https:\/\/schema.org","@graph":[{"@type":"WebPage","@id":"https:\/\/www.linearled.ca\/fr\/produit\/linea-gr3-fr\/","url":"https:\/\/www.linearled.ca\/fr\/produit\/linea-gr3-fr\/","name":"Linea GR3 - LinearLED","isPartOf":{"@id":"https:\/\/www.linearled.ca\/fr\/#website"},"primaryImageOfPage":{"@id":"https:\/\/www.linearled.ca\/fr\/produit\/linea-gr3-fr\/#primaryimage"},"image":{"@id":"https:\/\/www.linearled.ca\/fr\/produit\/linea-gr3-fr\/#primaryimage"},"thumbnailUrl":"https:\/\/www.linearled.ca\/wp-content\/uploads\/2020\/07\/GR3-scaled.jpg","datePublished":"2020-07-17T16:45:41+00:00","dateModified":"2025-09-29T14:26:28+00:00","breadcrumb":{"@id":"https:\/\/www.linearled.ca\/fr\/produit\/linea-gr3-fr\/#breadcrumb"},"inLanguage":"fr-FR","potentialAction":[{"@type":"ReadAction","target":["https:\/\/www.linearled.ca\/fr\/produit\/linea-gr3-fr\/"]}]},{"@type":"ImageObject","inLanguage":"fr-FR","@id":"https:\/\/www.linearled.ca\/fr\/produit\/linea-gr3-fr\/#primaryimage","url":"https:\/\/www.linearled.ca\/wp-content\/uploads\/2020\/07\/GR3-scaled.jpg","contentUrl":"https:\/\/www.linearled.ca\/wp-content\/uploads\/2020\/07\/GR3-scaled.jpg","width":2560,"height":1707},{"@type":"BreadcrumbList","@id":"https:\/\/www.linearled.ca\/fr\/produit\/linea-gr3-fr\/#breadcrumb","itemListElement":[{"@type":"ListItem","position":1,"name":"Home","item":"https:\/\/www.linearled.ca\/fr\/"},{"@type":"ListItem","position":2,"name":"Produits","item":"https:\/\/test.linearled.ca\/fr\/boutique\/"},{"@type":"ListItem","position":3,"name":"Linea GR3"}]},{"@type":"WebSite","@id":"https:\/\/www.linearled.ca\/fr\/#website","url":"https:\/\/www.linearled.ca\/fr\/","name":"LinearLED","description":"LinearLED - Custom Lighting","publisher":{"@id":"https:\/\/www.linearled.ca\/fr\/#organization"},"potentialAction":[{"@type":"SearchAction","target":{"@type":"EntryPoint","urlTemplate":"https:\/\/www.linearled.ca\/fr\/?s={search_term_string}"},"query-input":{"@type":"PropertyValueSpecification","valueRequired":true,"valueName":"search_term_string"}}],"inLanguage":"fr-FR"},{"@type":"Organization","@id":"https:\/\/www.linearled.ca\/fr\/#organization","name":"LinearLED","url":"https:\/\/www.linearled.ca\/fr\/","logo":{"@type":"ImageObject","inLanguage":"fr-FR","@id":"https:\/\/www.linearled.ca\/fr\/#\/schema\/logo\/image\/","url":"https:\/\/www.linearled.ca\/wp-content\/uploads\/2025\/08\/logo-linearled-en.png","contentUrl":"https:\/\/www.linearled.ca\/wp-content\/uploads\/2025\/08\/logo-linearled-en.png","width":200,"height":34,"caption":"LinearLED"},"image":{"@id":"https:\/\/www.linearled.ca\/fr\/#\/schema\/logo\/image\/"},"sameAs":["https:\/\/www.facebook.com\/LinearLEDmtl","https:\/\/www.instagram.com\/linearledmtl\/"]}]}},"_links":{"self":[{"href":"https:\/\/www.linearled.ca\/fr\/wp-json\/wp\/v2\/product\/3707","targetHints":{"allow":["GET"]}}],"collection":[{"href":"https:\/\/www.linearled.ca\/fr\/wp-json\/wp\/v2\/product"}],"about":[{"href":"https:\/\/www.linearled.ca\/fr\/wp-json\/wp\/v2\/types\/product"}],"wp:featuredmedia":[{"embeddable":true,"href":"https:\/\/www.linearled.ca\/fr\/wp-json\/wp\/v2\/media\/4162"}],"wp:attachment":[{"href":"https:\/\/www.linearled.ca\/fr\/wp-json\/wp\/v2\/media?parent=3707"}],"wp:term":[{"taxonomy":"product_brand","embeddable":true,"href":"https:\/\/www.linearled.ca\/fr\/wp-json\/wp\/v2\/product_brand?post=3707"},{"taxonomy":"product_cat","embeddable":true,"href":"https:\/\/www.linearled.ca\/fr\/wp-json\/wp\/v2\/product_cat?post=3707"},{"taxonomy":"product_tag","embeddable":true,"href":"https:\/\/www.linearled.ca\/fr\/wp-json\/wp\/v2\/product_tag?post=3707"}],"curies":[{"name":"wp","href":"https:\/\/api.w.org\/{rel}","templated":true}]}}