{"id":1846,"date":"2018-01-28T13:30:10","date_gmt":"2018-01-28T18:30:10","guid":{"rendered":"https:\/\/test.linearled.ca\/product\/mag-capteur-de-porte-magnetique-fils-uniquement\/"},"modified":"2025-05-23T12:34:04","modified_gmt":"2025-05-23T16:34:04","slug":"mag-capteur-de-porte-magnetique-fils-uniquement","status":"publish","type":"product","link":"https:\/\/www.linearled.ca\/fr\/produit\/mag-capteur-de-porte-magnetique-fils-uniquement\/","title":{"rendered":"Interrupteurs magn\u00e9tiques pour porte"},"content":{"rendered":"","protected":false},"excerpt":{"rendered":"<p>Interrupteurs magn\u00e9tiques pour porte, associ\u00e9s \u00e0 l\u2019un des trois aimants compatibles. <strong>\u00c0 utiliser avec tous nos relais de la s\u00e9rie RY et tous nos c\u00e2bles d\u2019extension EXT.<\/strong><\/p>\n<ul>\n<li>MAG<\/li>\n<li>MAGCYL<\/li>\n<li>MAGSCRW<\/li>\n<li>SW10<\/li>\n<li>SW10-K1M<\/li>\n<\/ul>\n","protected":false},"featured_media":5289,"template":"","meta":{"_acf_changed":false},"product_brand":[],"product_cat":[52],"product_tag":[],"class_list":{"0":"post-1846","1":"product","2":"type-product","3":"status-publish","4":"has-post-thumbnail","6":"product_cat-extras-fr","7":"sales-flash-overlay","8":"woocommerce-text-align-center","9":"woocommerce-image-align-center","10":"do-quantity-buttons","12":"first","13":"instock","14":"taxable","15":"shipping-taxable","16":"product-type-simple"},"acf":[],"yoast_head":"<!-- This site is optimized with the Yoast SEO plugin v26.0 - https:\/\/yoast.com\/wordpress\/plugins\/seo\/ -->\n<title>Interrupteurs magn\u00e9tiques pour porte - LinearLED<\/title>\n<meta name=\"robots\" content=\"index, follow, max-snippet:-1, max-image-preview:large, max-video-preview:-1\" \/>\n<link rel=\"canonical\" href=\"https:\/\/www.linearled.ca\/fr\/produit\/mag-capteur-de-porte-magnetique-fils-uniquement\/\" \/>\n<meta property=\"og:locale\" content=\"fr_FR\" \/>\n<meta property=\"og:type\" content=\"article\" \/>\n<meta property=\"og:title\" content=\"Interrupteurs magn\u00e9tiques pour porte - LinearLED\" \/>\n<meta property=\"og:description\" content=\"Interrupteurs magn\u00e9tiques pour porte, associ\u00e9s \u00e0 l\u2019un des trois aimants compatibles. \u00c0 utiliser avec tous nos relais de la s\u00e9rie RY et tous nos c\u00e2bles d\u2019extension EXT.   MAG  MAGCYL  MAGSCRW  SW10  SW10-K1M\" \/>\n<meta property=\"og:url\" content=\"https:\/\/www.linearled.ca\/fr\/produit\/mag-capteur-de-porte-magnetique-fils-uniquement\/\" \/>\n<meta property=\"og:site_name\" content=\"LinearLED\" \/>\n<meta property=\"article:publisher\" content=\"https:\/\/www.facebook.com\/LinearLEDmtl\" \/>\n<meta property=\"article:modified_time\" content=\"2025-05-23T16:34:04+00:00\" \/>\n<meta property=\"og:image\" content=\"https:\/\/test.linearled.ca\/wp-content\/uploads\/2018\/01\/SW10-K8-1.jpeg\" \/>\n\t<meta property=\"og:image:width\" content=\"2484\" \/>\n\t<meta property=\"og:image:height\" content=\"1897\" \/>\n\t<meta property=\"og:image:type\" content=\"image\/jpeg\" \/>\n<meta name=\"twitter:card\" content=\"summary_large_image\" \/>\n<meta name=\"twitter:label1\" content=\"Dur\u00e9e de lecture estim\u00e9e\" \/>\n\t<meta name=\"twitter:data1\" content=\"1 minute\" \/>\n<script type=\"application\/ld+json\" class=\"yoast-schema-graph\">{\"@context\":\"https:\/\/schema.org\",\"@graph\":[{\"@type\":\"WebPage\",\"@id\":\"https:\/\/www.linearled.ca\/fr\/produit\/mag-capteur-de-porte-magnetique-fils-uniquement\/\",\"url\":\"https:\/\/www.linearled.ca\/fr\/produit\/mag-capteur-de-porte-magnetique-fils-uniquement\/\",\"name\":\"Interrupteurs magn\u00e9tiques pour porte - LinearLED\",\"isPartOf\":{\"@id\":\"https:\/\/www.linearled.ca\/fr\/#website\"},\"primaryImageOfPage\":{\"@id\":\"https:\/\/www.linearled.ca\/fr\/produit\/mag-capteur-de-porte-magnetique-fils-uniquement\/#primaryimage\"},\"image\":{\"@id\":\"https:\/\/www.linearled.ca\/fr\/produit\/mag-capteur-de-porte-magnetique-fils-uniquement\/#primaryimage\"},\"thumbnailUrl\":\"https:\/\/www.linearled.ca\/wp-content\/uploads\/2018\/01\/SW10-K8-1.jpeg\",\"datePublished\":\"2018-01-28T18:30:10+00:00\",\"dateModified\":\"2025-05-23T16:34:04+00:00\",\"breadcrumb\":{\"@id\":\"https:\/\/www.linearled.ca\/fr\/produit\/mag-capteur-de-porte-magnetique-fils-uniquement\/#breadcrumb\"},\"inLanguage\":\"fr-FR\",\"potentialAction\":[{\"@type\":\"ReadAction\",\"target\":[\"https:\/\/www.linearled.ca\/fr\/produit\/mag-capteur-de-porte-magnetique-fils-uniquement\/\"]}]},{\"@type\":\"ImageObject\",\"inLanguage\":\"fr-FR\",\"@id\":\"https:\/\/www.linearled.ca\/fr\/produit\/mag-capteur-de-porte-magnetique-fils-uniquement\/#primaryimage\",\"url\":\"https:\/\/www.linearled.ca\/wp-content\/uploads\/2018\/01\/SW10-K8-1.jpeg\",\"contentUrl\":\"https:\/\/www.linearled.ca\/wp-content\/uploads\/2018\/01\/SW10-K8-1.jpeg\",\"width\":2484,\"height\":1897},{\"@type\":\"BreadcrumbList\",\"@id\":\"https:\/\/www.linearled.ca\/fr\/produit\/mag-capteur-de-porte-magnetique-fils-uniquement\/#breadcrumb\",\"itemListElement\":[{\"@type\":\"ListItem\",\"position\":1,\"name\":\"Home\",\"item\":\"https:\/\/www.linearled.ca\/fr\/\"},{\"@type\":\"ListItem\",\"position\":2,\"name\":\"Produits\",\"item\":\"https:\/\/test.linearled.ca\/fr\/boutique\/\"},{\"@type\":\"ListItem\",\"position\":3,\"name\":\"Interrupteurs magn\u00e9tiques pour porte\"}]},{\"@type\":\"WebSite\",\"@id\":\"https:\/\/www.linearled.ca\/fr\/#website\",\"url\":\"https:\/\/www.linearled.ca\/fr\/\",\"name\":\"LinearLED\",\"description\":\"LinearLED - Custom Lighting\",\"publisher\":{\"@id\":\"https:\/\/www.linearled.ca\/fr\/#organization\"},\"potentialAction\":[{\"@type\":\"SearchAction\",\"target\":{\"@type\":\"EntryPoint\",\"urlTemplate\":\"https:\/\/www.linearled.ca\/fr\/?s={search_term_string}\"},\"query-input\":{\"@type\":\"PropertyValueSpecification\",\"valueRequired\":true,\"valueName\":\"search_term_string\"}}],\"inLanguage\":\"fr-FR\"},{\"@type\":\"Organization\",\"@id\":\"https:\/\/www.linearled.ca\/fr\/#organization\",\"name\":\"LinearLED\",\"url\":\"https:\/\/www.linearled.ca\/fr\/\",\"logo\":{\"@type\":\"ImageObject\",\"inLanguage\":\"fr-FR\",\"@id\":\"https:\/\/www.linearled.ca\/fr\/#\/schema\/logo\/image\/\",\"url\":\"https:\/\/www.linearled.ca\/wp-content\/uploads\/2025\/08\/logo-linearled-en.png\",\"contentUrl\":\"https:\/\/www.linearled.ca\/wp-content\/uploads\/2025\/08\/logo-linearled-en.png\",\"width\":200,\"height\":34,\"caption\":\"LinearLED\"},\"image\":{\"@id\":\"https:\/\/www.linearled.ca\/fr\/#\/schema\/logo\/image\/\"},\"sameAs\":[\"https:\/\/www.facebook.com\/LinearLEDmtl\",\"https:\/\/www.instagram.com\/linearledmtl\/\"]}]}<\/script>\n<!-- \/ Yoast SEO plugin. -->","yoast_head_json":{"title":"Interrupteurs magn\u00e9tiques pour porte - LinearLED","robots":{"index":"index","follow":"follow","max-snippet":"max-snippet:-1","max-image-preview":"max-image-preview:large","max-video-preview":"max-video-preview:-1"},"canonical":"https:\/\/www.linearled.ca\/fr\/produit\/mag-capteur-de-porte-magnetique-fils-uniquement\/","og_locale":"fr_FR","og_type":"article","og_title":"Interrupteurs magn\u00e9tiques pour porte - LinearLED","og_description":"Interrupteurs magn\u00e9tiques pour porte, associ\u00e9s \u00e0 l\u2019un des trois aimants compatibles. \u00c0 utiliser avec tous nos relais de la s\u00e9rie RY et tous nos c\u00e2bles d\u2019extension EXT.   MAG  MAGCYL  MAGSCRW  SW10  SW10-K1M","og_url":"https:\/\/www.linearled.ca\/fr\/produit\/mag-capteur-de-porte-magnetique-fils-uniquement\/","og_site_name":"LinearLED","article_publisher":"https:\/\/www.facebook.com\/LinearLEDmtl","article_modified_time":"2025-05-23T16:34:04+00:00","og_image":[{"width":2484,"height":1897,"url":"https:\/\/test.linearled.ca\/wp-content\/uploads\/2018\/01\/SW10-K8-1.jpeg","type":"image\/jpeg"}],"twitter_card":"summary_large_image","twitter_misc":{"Dur\u00e9e de lecture estim\u00e9e":"1 minute"},"schema":{"@context":"https:\/\/schema.org","@graph":[{"@type":"WebPage","@id":"https:\/\/www.linearled.ca\/fr\/produit\/mag-capteur-de-porte-magnetique-fils-uniquement\/","url":"https:\/\/www.linearled.ca\/fr\/produit\/mag-capteur-de-porte-magnetique-fils-uniquement\/","name":"Interrupteurs magn\u00e9tiques pour porte - LinearLED","isPartOf":{"@id":"https:\/\/www.linearled.ca\/fr\/#website"},"primaryImageOfPage":{"@id":"https:\/\/www.linearled.ca\/fr\/produit\/mag-capteur-de-porte-magnetique-fils-uniquement\/#primaryimage"},"image":{"@id":"https:\/\/www.linearled.ca\/fr\/produit\/mag-capteur-de-porte-magnetique-fils-uniquement\/#primaryimage"},"thumbnailUrl":"https:\/\/www.linearled.ca\/wp-content\/uploads\/2018\/01\/SW10-K8-1.jpeg","datePublished":"2018-01-28T18:30:10+00:00","dateModified":"2025-05-23T16:34:04+00:00","breadcrumb":{"@id":"https:\/\/www.linearled.ca\/fr\/produit\/mag-capteur-de-porte-magnetique-fils-uniquement\/#breadcrumb"},"inLanguage":"fr-FR","potentialAction":[{"@type":"ReadAction","target":["https:\/\/www.linearled.ca\/fr\/produit\/mag-capteur-de-porte-magnetique-fils-uniquement\/"]}]},{"@type":"ImageObject","inLanguage":"fr-FR","@id":"https:\/\/www.linearled.ca\/fr\/produit\/mag-capteur-de-porte-magnetique-fils-uniquement\/#primaryimage","url":"https:\/\/www.linearled.ca\/wp-content\/uploads\/2018\/01\/SW10-K8-1.jpeg","contentUrl":"https:\/\/www.linearled.ca\/wp-content\/uploads\/2018\/01\/SW10-K8-1.jpeg","width":2484,"height":1897},{"@type":"BreadcrumbList","@id":"https:\/\/www.linearled.ca\/fr\/produit\/mag-capteur-de-porte-magnetique-fils-uniquement\/#breadcrumb","itemListElement":[{"@type":"ListItem","position":1,"name":"Home","item":"https:\/\/www.linearled.ca\/fr\/"},{"@type":"ListItem","position":2,"name":"Produits","item":"https:\/\/test.linearled.ca\/fr\/boutique\/"},{"@type":"ListItem","position":3,"name":"Interrupteurs magn\u00e9tiques pour porte"}]},{"@type":"WebSite","@id":"https:\/\/www.linearled.ca\/fr\/#website","url":"https:\/\/www.linearled.ca\/fr\/","name":"LinearLED","description":"LinearLED - Custom Lighting","publisher":{"@id":"https:\/\/www.linearled.ca\/fr\/#organization"},"potentialAction":[{"@type":"SearchAction","target":{"@type":"EntryPoint","urlTemplate":"https:\/\/www.linearled.ca\/fr\/?s={search_term_string}"},"query-input":{"@type":"PropertyValueSpecification","valueRequired":true,"valueName":"search_term_string"}}],"inLanguage":"fr-FR"},{"@type":"Organization","@id":"https:\/\/www.linearled.ca\/fr\/#organization","name":"LinearLED","url":"https:\/\/www.linearled.ca\/fr\/","logo":{"@type":"ImageObject","inLanguage":"fr-FR","@id":"https:\/\/www.linearled.ca\/fr\/#\/schema\/logo\/image\/","url":"https:\/\/www.linearled.ca\/wp-content\/uploads\/2025\/08\/logo-linearled-en.png","contentUrl":"https:\/\/www.linearled.ca\/wp-content\/uploads\/2025\/08\/logo-linearled-en.png","width":200,"height":34,"caption":"LinearLED"},"image":{"@id":"https:\/\/www.linearled.ca\/fr\/#\/schema\/logo\/image\/"},"sameAs":["https:\/\/www.facebook.com\/LinearLEDmtl","https:\/\/www.instagram.com\/linearledmtl\/"]}]}},"_links":{"self":[{"href":"https:\/\/www.linearled.ca\/fr\/wp-json\/wp\/v2\/product\/1846","targetHints":{"allow":["GET"]}}],"collection":[{"href":"https:\/\/www.linearled.ca\/fr\/wp-json\/wp\/v2\/product"}],"about":[{"href":"https:\/\/www.linearled.ca\/fr\/wp-json\/wp\/v2\/types\/product"}],"wp:featuredmedia":[{"embeddable":true,"href":"https:\/\/www.linearled.ca\/fr\/wp-json\/wp\/v2\/media\/5289"}],"wp:attachment":[{"href":"https:\/\/www.linearled.ca\/fr\/wp-json\/wp\/v2\/media?parent=1846"}],"wp:term":[{"taxonomy":"product_brand","embeddable":true,"href":"https:\/\/www.linearled.ca\/fr\/wp-json\/wp\/v2\/product_brand?post=1846"},{"taxonomy":"product_cat","embeddable":true,"href":"https:\/\/www.linearled.ca\/fr\/wp-json\/wp\/v2\/product_cat?post=1846"},{"taxonomy":"product_tag","embeddable":true,"href":"https:\/\/www.linearled.ca\/fr\/wp-json\/wp\/v2\/product_tag?post=1846"}],"curies":[{"name":"wp","href":"https:\/\/api.w.org\/{rel}","templated":true}]}}