{"id":5579,"date":"2025-09-11T11:21:33","date_gmt":"2025-09-11T15:21:33","guid":{"rendered":"https:\/\/test.linearled.ca\/a-propos-de-nous\/"},"modified":"2025-09-23T14:26:28","modified_gmt":"2025-09-23T18:26:28","slug":"a-propos-de-nous","status":"publish","type":"page","link":"https:\/\/www.linearled.ca\/fr\/a-propos-de-nous\/","title":{"rendered":"\u00c0 propos"},"content":{"rendered":"\n<div class=\"hero gb-element-60652ce8\">\n<div class=\"content-width\">\n<h2 class=\"gb-text page-title\">\u00c0 propos<\/h2>\n\n\n\n<p class=\"gb-text page-subtitle\">Solutions cr\u00e9atives pour vos besoins en DEL<br><\/p>\n<\/div>\n<\/div>\n\n\n\n<div class=\"gb-element-0a0af6ea\">\n<div>\n<img loading=\"lazy\" decoding=\"async\" width=\"1920\" height=\"2560\" class=\"gb-media-4a3aff8e\" alt=\"Renna\u00ef Bathroom Royalmount\" src=\"https:\/\/www.linearled.ca\/wp-content\/uploads\/2025\/09\/IMG_4196-scaled.jpg\" title=\"IMG_4196\" srcset=\"https:\/\/www.linearled.ca\/wp-content\/uploads\/2025\/09\/IMG_4196-scaled.jpg 1920w, https:\/\/www.linearled.ca\/wp-content\/uploads\/2025\/09\/IMG_4196-225x300.jpg 225w, https:\/\/www.linearled.ca\/wp-content\/uploads\/2025\/09\/IMG_4196-768x1024.jpg 768w, https:\/\/www.linearled.ca\/wp-content\/uploads\/2025\/09\/IMG_4196-1152x1536.jpg 1152w, https:\/\/www.linearled.ca\/wp-content\/uploads\/2025\/09\/IMG_4196-1536x2048.jpg 1536w, https:\/\/www.linearled.ca\/wp-content\/uploads\/2025\/09\/IMG_4196-600x800.jpg 600w\" sizes=\"auto, (max-width: 1920px) 100vw, 1920px\" \/>\n<\/div>\n\n\n\n<div>\n<h3 class=\"wp-block-heading\">Services personnalis\u00e9s<\/h3>\n\n\n\n<p>Nous proposons des solutions cr\u00e9atives pour tous vos besoins en DEL. LinearLED est sp\u00e9cialis\u00e9e dans l\u2019\u00e9clairage DEL lin\u00e9aire sur mesure, pour l\u2019int\u00e9rieur comme pour l\u2019ext\u00e9rieur. Des corniches de plafond \u00e0 l\u2019\u00e9clairage fonctionnel, en passant par les \u00e9tag\u00e8res et bien plus encore, nos <a href=\"http:\/\/linearled.local\/boutique\/\">produits<\/a> donnent vie \u00e0 vos projets de design.  <\/p>\n\n\n\n<p>Notre \u00e9quipe prend en charge votre commande de A \u00e0 Z<\/p>\n\n\n\n<p>1. Contactez-nous<\/p>\n\n\n\n<p>Nous sommes heureux de r\u00e9pondre \u00e0 vos questions et de vous fournir des soumissions, des fiches techniques et des \u00e9chantillons.<\/p>\n\n\n\n<p>2. Commander<\/p>\n\n\n\n<p>Nous fabriquons sur commande dans notre atelier, avec des d\u00e9coupes pr\u00e9cises au 1\/16\u1d49 de pouce pr\u00e8s.<\/p>\n\n\n\n<p>3. Livraison<\/p>\n\n\n\n<p>Notre \u00e9quipe de techniciens qualifi\u00e9s propose des services d\u2019installation, d\u2019exp\u00e9dition et de livraison.<\/p>\n\n\n\n<p>Avec LinearLED, vous pouvez compter sur un service efficace et personnalis\u00e9 \u00e0 chaque \u00e9tape du processus !<\/p>\n\n\n\n<h3 class=\"wp-block-heading\">Garantie de satisfaction<\/h3>\n\n\n\n<p>Toutes les DEL ne se valent pas. Parce que votre satisfaction est notre priorit\u00e9, nous offrons un service personnalis\u00e9 ainsi que des kits d\u2019\u00e9chantillons. Ces kits vous permettent de choisir le luminaire id\u00e9al pour votre projet, afin de garantir votre enti\u00e8re satisfaction.  <\/p>\n\n\n\n<p>Parce que nous croyons en la qualit\u00e9 sup\u00e9rieure de nos produits, nous offrons une garantie prolong\u00e9e sur tous nos luminaires et transformateurs. Profitez de la tranquillit\u00e9 d\u2019esprit quant \u00e0 l\u2019apparence finale de votre design ainsi qu\u2019\u00e0 sa durabilit\u00e9. <\/p>\n\n\n\n<h3 class=\"wp-block-heading\">Solutions cr\u00e9atives<\/h3>\n\n\n\n<p>Nos solutions cr\u00e9atives pour vos besoins en DEL s\u2019\u00e9tendent au-del\u00e0 de notre atelier, jusque sur notre site web !<\/p>\n\n\n\n<p>Notre outil unique de cr\u00e9ation de soumission vous permet d\u2019organiser vos projets avant de les commander. D\u00e9couvrez l\u2019ensemble de notre gamme de produits gr\u00e2ce \u00e0 une visite guid\u00e9e. Avec des questions pratiques et des photos, cr\u00e9er vos propres soumission en ligne devient un jeu d\u2019enfant. Depuis votre compte, vous pouvez sauvegarder les soumissions que vous souhaitez compl\u00e9ter ult\u00e9rieurement et suivre le statut de vos commandes en cours.   <\/p>\n\n\n\n<p>Pour vous aider, nous avons cr\u00e9\u00e9 une <a href=\"\/?page_id=2718\">s\u00e9rie de vid\u00e9os<\/a> expliquant les principes de conception des DEL, ainsi que des tutoriels sur le c\u00e2blage et l\u2019installation. Veuillez consulter l\u2019onglet Support de notre site web pour acc\u00e9der aux vid\u00e9os et aux documents contenant des informations utiles. <\/p>\n\n\n\n<p>Avec LinearLED, vous pouvez compter sur la constance, la flexibilit\u00e9 et la qualit\u00e9. <a href=\"https:\/\/www.linearled.ca\/fr\/contact\/\">Contactez-nous<\/a> d\u00e8s aujourd\u2019hui pour vos projets.<\/p>\n<\/div>\n<\/div>\n","protected":false},"excerpt":{"rendered":"<p>\u00c0 propos Solutions cr\u00e9atives pour vos besoins en DEL Services personnalis\u00e9s Nous proposons des solutions cr\u00e9atives pour tous vos besoins en DEL. LinearLED est sp\u00e9cialis\u00e9e dans l\u2019\u00e9clairage DEL lin\u00e9aire sur mesure, pour l\u2019int\u00e9rieur comme pour l\u2019ext\u00e9rieur. Des corniches de plafond \u00e0 l\u2019\u00e9clairage fonctionnel, en passant par les \u00e9tag\u00e8res et bien plus encore, nos produits donnent &#8230; <a title=\"\u00c0 propos\" class=\"read-more\" href=\"https:\/\/www.linearled.ca\/fr\/a-propos-de-nous\/\" aria-label=\"En savoir plus sur \u00c0 propos\">Read more<\/a><\/p>\n","protected":false},"author":20,"featured_media":0,"parent":0,"menu_order":0,"comment_status":"closed","ping_status":"closed","template":"","meta":{"_acf_changed":false,"footnotes":""},"class_list":["post-5579","page","type-page","status-publish"],"acf":[],"yoast_head":"<!-- This site is optimized with the Yoast SEO plugin v26.0 - https:\/\/yoast.com\/wordpress\/plugins\/seo\/ -->\n<title>\u00c0 propos - LinearLED<\/title>\n<meta name=\"robots\" content=\"index, follow, max-snippet:-1, max-image-preview:large, max-video-preview:-1\" \/>\n<link rel=\"canonical\" href=\"https:\/\/www.linearled.ca\/fr\/a-propos-de-nous\/\" \/>\n<meta property=\"og:locale\" content=\"fr_FR\" \/>\n<meta property=\"og:type\" content=\"article\" \/>\n<meta property=\"og:title\" content=\"\u00c0 propos - LinearLED\" \/>\n<meta property=\"og:description\" content=\"\u00c0 propos Solutions cr\u00e9atives pour vos besoins en DEL Services personnalis\u00e9s Nous proposons des solutions cr\u00e9atives pour tous vos besoins en DEL. LinearLED est sp\u00e9cialis\u00e9e dans l\u2019\u00e9clairage DEL lin\u00e9aire sur mesure, pour l\u2019int\u00e9rieur comme pour l\u2019ext\u00e9rieur. Des corniches de plafond \u00e0 l\u2019\u00e9clairage fonctionnel, en passant par les \u00e9tag\u00e8res et bien plus encore, nos produits donnent ... Read more\" \/>\n<meta property=\"og:url\" content=\"https:\/\/www.linearled.ca\/fr\/a-propos-de-nous\/\" \/>\n<meta property=\"og:site_name\" content=\"LinearLED\" \/>\n<meta property=\"article:publisher\" content=\"https:\/\/www.facebook.com\/LinearLEDmtl\" \/>\n<meta property=\"article:modified_time\" content=\"2025-09-23T18:26:28+00:00\" \/>\n<meta property=\"og:image\" content=\"https:\/\/www.linearled.ca\/wp-content\/uploads\/2025\/09\/IMG_4196-scaled.jpg\" \/>\n<meta name=\"twitter:card\" content=\"summary_large_image\" \/>\n<meta name=\"twitter:label1\" content=\"Dur\u00e9e de lecture estim\u00e9e\" \/>\n\t<meta name=\"twitter:data1\" content=\"2 minutes\" \/>\n<script type=\"application\/ld+json\" class=\"yoast-schema-graph\">{\"@context\":\"https:\/\/schema.org\",\"@graph\":[{\"@type\":\"WebPage\",\"@id\":\"https:\/\/www.linearled.ca\/fr\/a-propos-de-nous\/\",\"url\":\"https:\/\/www.linearled.ca\/fr\/a-propos-de-nous\/\",\"name\":\"\u00c0 propos - LinearLED\",\"isPartOf\":{\"@id\":\"https:\/\/www.linearled.ca\/fr\/#website\"},\"primaryImageOfPage\":{\"@id\":\"https:\/\/www.linearled.ca\/fr\/a-propos-de-nous\/#primaryimage\"},\"image\":{\"@id\":\"https:\/\/www.linearled.ca\/fr\/a-propos-de-nous\/#primaryimage\"},\"thumbnailUrl\":\"https:\/\/www.linearled.ca\/wp-content\/uploads\/2025\/09\/IMG_4196-scaled.jpg\",\"datePublished\":\"2025-09-11T15:21:33+00:00\",\"dateModified\":\"2025-09-23T18:26:28+00:00\",\"breadcrumb\":{\"@id\":\"https:\/\/www.linearled.ca\/fr\/a-propos-de-nous\/#breadcrumb\"},\"inLanguage\":\"fr-FR\",\"potentialAction\":[{\"@type\":\"ReadAction\",\"target\":[\"https:\/\/www.linearled.ca\/fr\/a-propos-de-nous\/\"]}]},{\"@type\":\"ImageObject\",\"inLanguage\":\"fr-FR\",\"@id\":\"https:\/\/www.linearled.ca\/fr\/a-propos-de-nous\/#primaryimage\",\"url\":\"https:\/\/www.linearled.ca\/wp-content\/uploads\/2025\/09\/IMG_4196-scaled.jpg\",\"contentUrl\":\"https:\/\/www.linearled.ca\/wp-content\/uploads\/2025\/09\/IMG_4196-scaled.jpg\"},{\"@type\":\"BreadcrumbList\",\"@id\":\"https:\/\/www.linearled.ca\/fr\/a-propos-de-nous\/#breadcrumb\",\"itemListElement\":[{\"@type\":\"ListItem\",\"position\":1,\"name\":\"Home\",\"item\":\"https:\/\/www.linearled.ca\/fr\/\"},{\"@type\":\"ListItem\",\"position\":2,\"name\":\"\u00c0 propos\"}]},{\"@type\":\"WebSite\",\"@id\":\"https:\/\/www.linearled.ca\/fr\/#website\",\"url\":\"https:\/\/www.linearled.ca\/fr\/\",\"name\":\"LinearLED\",\"description\":\"LinearLED - Custom Lighting\",\"publisher\":{\"@id\":\"https:\/\/www.linearled.ca\/fr\/#organization\"},\"potentialAction\":[{\"@type\":\"SearchAction\",\"target\":{\"@type\":\"EntryPoint\",\"urlTemplate\":\"https:\/\/www.linearled.ca\/fr\/?s={search_term_string}\"},\"query-input\":{\"@type\":\"PropertyValueSpecification\",\"valueRequired\":true,\"valueName\":\"search_term_string\"}}],\"inLanguage\":\"fr-FR\"},{\"@type\":\"Organization\",\"@id\":\"https:\/\/www.linearled.ca\/fr\/#organization\",\"name\":\"LinearLED\",\"url\":\"https:\/\/www.linearled.ca\/fr\/\",\"logo\":{\"@type\":\"ImageObject\",\"inLanguage\":\"fr-FR\",\"@id\":\"https:\/\/www.linearled.ca\/fr\/#\/schema\/logo\/image\/\",\"url\":\"https:\/\/www.linearled.ca\/wp-content\/uploads\/2025\/08\/logo-linearled-en.png\",\"contentUrl\":\"https:\/\/www.linearled.ca\/wp-content\/uploads\/2025\/08\/logo-linearled-en.png\",\"width\":200,\"height\":34,\"caption\":\"LinearLED\"},\"image\":{\"@id\":\"https:\/\/www.linearled.ca\/fr\/#\/schema\/logo\/image\/\"},\"sameAs\":[\"https:\/\/www.facebook.com\/LinearLEDmtl\",\"https:\/\/www.instagram.com\/linearledmtl\/\"]}]}<\/script>\n<!-- \/ Yoast SEO plugin. -->","yoast_head_json":{"title":"\u00c0 propos - LinearLED","robots":{"index":"index","follow":"follow","max-snippet":"max-snippet:-1","max-image-preview":"max-image-preview:large","max-video-preview":"max-video-preview:-1"},"canonical":"https:\/\/www.linearled.ca\/fr\/a-propos-de-nous\/","og_locale":"fr_FR","og_type":"article","og_title":"\u00c0 propos - LinearLED","og_description":"\u00c0 propos Solutions cr\u00e9atives pour vos besoins en DEL Services personnalis\u00e9s Nous proposons des solutions cr\u00e9atives pour tous vos besoins en DEL. LinearLED est sp\u00e9cialis\u00e9e dans l\u2019\u00e9clairage DEL lin\u00e9aire sur mesure, pour l\u2019int\u00e9rieur comme pour l\u2019ext\u00e9rieur. Des corniches de plafond \u00e0 l\u2019\u00e9clairage fonctionnel, en passant par les \u00e9tag\u00e8res et bien plus encore, nos produits donnent ... Read more","og_url":"https:\/\/www.linearled.ca\/fr\/a-propos-de-nous\/","og_site_name":"LinearLED","article_publisher":"https:\/\/www.facebook.com\/LinearLEDmtl","article_modified_time":"2025-09-23T18:26:28+00:00","og_image":[{"url":"https:\/\/www.linearled.ca\/wp-content\/uploads\/2025\/09\/IMG_4196-scaled.jpg","type":"","width":"","height":""}],"twitter_card":"summary_large_image","twitter_misc":{"Dur\u00e9e de lecture estim\u00e9e":"2 minutes"},"schema":{"@context":"https:\/\/schema.org","@graph":[{"@type":"WebPage","@id":"https:\/\/www.linearled.ca\/fr\/a-propos-de-nous\/","url":"https:\/\/www.linearled.ca\/fr\/a-propos-de-nous\/","name":"\u00c0 propos - LinearLED","isPartOf":{"@id":"https:\/\/www.linearled.ca\/fr\/#website"},"primaryImageOfPage":{"@id":"https:\/\/www.linearled.ca\/fr\/a-propos-de-nous\/#primaryimage"},"image":{"@id":"https:\/\/www.linearled.ca\/fr\/a-propos-de-nous\/#primaryimage"},"thumbnailUrl":"https:\/\/www.linearled.ca\/wp-content\/uploads\/2025\/09\/IMG_4196-scaled.jpg","datePublished":"2025-09-11T15:21:33+00:00","dateModified":"2025-09-23T18:26:28+00:00","breadcrumb":{"@id":"https:\/\/www.linearled.ca\/fr\/a-propos-de-nous\/#breadcrumb"},"inLanguage":"fr-FR","potentialAction":[{"@type":"ReadAction","target":["https:\/\/www.linearled.ca\/fr\/a-propos-de-nous\/"]}]},{"@type":"ImageObject","inLanguage":"fr-FR","@id":"https:\/\/www.linearled.ca\/fr\/a-propos-de-nous\/#primaryimage","url":"https:\/\/www.linearled.ca\/wp-content\/uploads\/2025\/09\/IMG_4196-scaled.jpg","contentUrl":"https:\/\/www.linearled.ca\/wp-content\/uploads\/2025\/09\/IMG_4196-scaled.jpg"},{"@type":"BreadcrumbList","@id":"https:\/\/www.linearled.ca\/fr\/a-propos-de-nous\/#breadcrumb","itemListElement":[{"@type":"ListItem","position":1,"name":"Home","item":"https:\/\/www.linearled.ca\/fr\/"},{"@type":"ListItem","position":2,"name":"\u00c0 propos"}]},{"@type":"WebSite","@id":"https:\/\/www.linearled.ca\/fr\/#website","url":"https:\/\/www.linearled.ca\/fr\/","name":"LinearLED","description":"LinearLED - Custom Lighting","publisher":{"@id":"https:\/\/www.linearled.ca\/fr\/#organization"},"potentialAction":[{"@type":"SearchAction","target":{"@type":"EntryPoint","urlTemplate":"https:\/\/www.linearled.ca\/fr\/?s={search_term_string}"},"query-input":{"@type":"PropertyValueSpecification","valueRequired":true,"valueName":"search_term_string"}}],"inLanguage":"fr-FR"},{"@type":"Organization","@id":"https:\/\/www.linearled.ca\/fr\/#organization","name":"LinearLED","url":"https:\/\/www.linearled.ca\/fr\/","logo":{"@type":"ImageObject","inLanguage":"fr-FR","@id":"https:\/\/www.linearled.ca\/fr\/#\/schema\/logo\/image\/","url":"https:\/\/www.linearled.ca\/wp-content\/uploads\/2025\/08\/logo-linearled-en.png","contentUrl":"https:\/\/www.linearled.ca\/wp-content\/uploads\/2025\/08\/logo-linearled-en.png","width":200,"height":34,"caption":"LinearLED"},"image":{"@id":"https:\/\/www.linearled.ca\/fr\/#\/schema\/logo\/image\/"},"sameAs":["https:\/\/www.facebook.com\/LinearLEDmtl","https:\/\/www.instagram.com\/linearledmtl\/"]}]}},"_links":{"self":[{"href":"https:\/\/www.linearled.ca\/fr\/wp-json\/wp\/v2\/pages\/5579","targetHints":{"allow":["GET"]}}],"collection":[{"href":"https:\/\/www.linearled.ca\/fr\/wp-json\/wp\/v2\/pages"}],"about":[{"href":"https:\/\/www.linearled.ca\/fr\/wp-json\/wp\/v2\/types\/page"}],"author":[{"embeddable":true,"href":"https:\/\/www.linearled.ca\/fr\/wp-json\/wp\/v2\/users\/20"}],"replies":[{"embeddable":true,"href":"https:\/\/www.linearled.ca\/fr\/wp-json\/wp\/v2\/comments?post=5579"}],"version-history":[{"count":4,"href":"https:\/\/www.linearled.ca\/fr\/wp-json\/wp\/v2\/pages\/5579\/revisions"}],"predecessor-version":[{"id":6030,"href":"https:\/\/www.linearled.ca\/fr\/wp-json\/wp\/v2\/pages\/5579\/revisions\/6030"}],"wp:attachment":[{"href":"https:\/\/www.linearled.ca\/fr\/wp-json\/wp\/v2\/media?parent=5579"}],"curies":[{"name":"wp","href":"https:\/\/api.w.org\/{rel}","templated":true}]}}