{"id":5491,"date":"2025-08-31T03:47:59","date_gmt":"2025-08-31T07:47:59","guid":{"rendered":"https:\/\/test.linearled.ca\/?page_id=5491"},"modified":"2025-09-29T14:14:03","modified_gmt":"2025-09-29T18:14:03","slug":"politique-de-garantie","status":"publish","type":"page","link":"https:\/\/www.linearled.ca\/fr\/politique-de-garantie\/","title":{"rendered":"Politique de Garantie"},"content":{"rendered":"\n<div class=\"hero gb-element-60652ce8\">\n<h2 class=\"gb-text page-title\">Politique de Garantie<\/h2>\n<\/div>\n\n\n\n<p><strong>Date d\u2019entr\u00e9e en vigueur:<\/strong>&nbsp;Date indiqu\u00e9e sur la facture.<\/p>\n\n\n\n<p>LinearLED (\u00abCompagnie\u00bb, \u00abnous\u00bb, \u00abnotre\u00bb ou \u00abnos\u00bb) offre cette garantie limit\u00e9e pour ses produits d\u2019\u00e9clairages DEL personnalis\u00e9s. En achetant nos produits, vous acceptez les conditions de cette garantie.<\/p>\n\n\n\n<p><strong>1. Couverture de la garantie<\/strong><\/p>\n\n\n\n<p>LinearLED garantit ses produits d\u2019\u00e9clairages DEL contre les d\u00e9fauts de mat\u00e9riaux et de fabrication dans des conditions d\u2019utilisation normales pendant les p\u00e9riodes suivantes, \u00e0 compter de la date indiqu\u00e9e sur la facture:<\/p>\n\n\n\n<ul class=\"wp-block-list\">\n<li>Installations r\u00e9sidentielles : 5 ans<\/li>\n\n\n\n<li>Installations commerciales : 3 ans<\/li>\n<\/ul>\n\n\n\n<p>Si un produit couvert par cette garantie pr\u00e9sente un dysfonctionnement pendant la p\u00e9riode applicable, il sera remplac\u00e9. Si LinearLED a proc\u00e9d\u00e9 \u00e0 l\u2019installation initiale du produit, la r\u00e9installation sera incluse. Dans le cas contraire, seul le produit de remplacement sera fourni conform\u00e9ment \u00e0 l\u2019achat initial.<\/p>\n\n\n\n<p><strong>2. Exclusions<\/strong><\/p>\n\n\n\n<p>La pr\u00e9sente garantie ne couvre pas les dommages ou d\u00e9faillances caus\u00e9s par:<\/p>\n\n\n\n<ul class=\"wp-block-list\">\n<li>Des entreprises de transport tierces<\/li>\n\n\n\n<li>Une installation inad\u00e9quate, y compris mais sans s\u2019y limiter:\n<ul class=\"wp-block-list\">\n<li>Surtensions ou fluctuations \u00e9lectriques<\/li>\n\n\n\n<li>Surchauffe ou d\u00e9faillance d\u2019appareils non fournis par LinearLED<\/li>\n\n\n\n<li>Utilisation en dehors des temp\u00e9ratures de fonctionnement sp\u00e9cifi\u00e9 pour chaque<br>produit.<\/li>\n\n\n\n<li>Accidents, dommages caus\u00e9s par l\u2019eau, Incendies, actes de vandalisme ou<br>catastrophes naturelles (y compris la foudre).<\/li>\n\n\n\n<li>Toute autre circonstance ind\u00e9pendante de la volont\u00e9 de LinearLED (ex : perte de<br>revenus, dommages indirects).<\/li>\n<\/ul>\n<\/li>\n<\/ul>\n\n\n\n<p>La pr\u00e9sente garantie ne couvre pas :<\/p>\n\n\n\n<ul class=\"wp-block-list\">\n<li>Tous les co\u00fbts ou d\u00e9penses li\u00e9s \u00e0 l\u2019acc\u00e8s au produit pour effectuer une r\u00e9paration ou un remplacement. Cela inclut, sans s\u2019y limiter, le retrait ou la r\u00e9installation de mat\u00e9riaux de construction (tels que la pierre, la c\u00e9ramique, le gypse ou le bois ouvr\u00e9), ainsi que la location ou la mise \u00e0 disposition de nacelles, d\u2019\u00e9chafaudages ou de tout autre \u00e9quipement n\u00e9cessaire pour acc\u00e9der au site d\u2019installation. Le client est responsable pour fournir le m\u00eame acc\u00e8s disponible lors de l\u2019installation initiale pour toute intervention future couverte par la garantie.<\/li>\n<\/ul>\n\n\n\n<p><strong>3. Politique de remplacement<\/strong><\/p>\n\n\n\n<ul class=\"wp-block-list\">\n<li>Si un produit tombe en panne sous garantie, LinearLED le remplacera par le m\u00eame mod\u00e8le ou un mod\u00e8le \u00e9quivalent.<\/li>\n\n\n\n<li>Si le produit original n\u2019est plus fabriqu\u00e9, un produit \u00e9quivalent sera fourni.<\/li>\n\n\n\n<li>Si LinearLED a install\u00e9 le produit original, la r\u00e9installation sera incluse sans frais<br>suppl\u00e9mentaires.<\/li>\n\n\n\n<li>Si l\u2019installation initiale a \u00e9t\u00e9 effectu\u00e9e par un tiers, seul le produit de remplacement sera<br>fourni.<\/li>\n<\/ul>\n\n\n\n<p><strong>4. Comment faire une reclamation au titre de la garantie<\/strong><\/p>\n\n\n\n<p>Pour demander un remplacement en vertu de cette garantie, veuillez contacter LinearLED \u00e0 l\u2019adresse suivante:<\/p>\n\n\n\n<p><strong>Courriel:<\/strong>&nbsp;<a href=\"mailto:info@linearled.ca\">info@linearled.ca<\/a><\/p>\n\n\n\n<p><strong>T\u00e9l\u00e9phone:<\/strong>&nbsp;514-400-5495<\/p>\n\n\n\n<p>Une preuve d\u2019achat (facture) sera exig\u00e9e pour traiter toute r\u00e9clamation.<\/p>\n\n\n\n<p><strong>5. Limitation de responsabilit\u00e9<\/strong><\/p>\n\n\n\n<p>Cette garantie est limit\u00e9e au remplacement des produits d\u00e9fectueux et ne couvre pas les dommages indirects, accessoires ou cons\u00e9cutifs. LinearLED n\u2019est pas responsable des frais de main-d\u2019\u0153uvre, de la perte de revenus ou de tout autre co\u00fbt li\u00e9 au retrait ou \u00e0 la r\u00e9installation des produits, sauf indication contraire expresse ci-dessus.<\/p>\n\n\n\n<p>En achetant et en utilisant les produits LinearLED, vous reconnaissez et acceptez des conditions de cette garantie.<\/p>\n","protected":false},"excerpt":{"rendered":"<p>Politique de Garantie Date d\u2019entr\u00e9e en vigueur:&nbsp;Date indiqu\u00e9e sur la facture. LinearLED (\u00abCompagnie\u00bb, \u00abnous\u00bb, \u00abnotre\u00bb ou \u00abnos\u00bb) offre cette garantie limit\u00e9e pour ses produits d\u2019\u00e9clairages DEL personnalis\u00e9s. En achetant nos produits, vous acceptez les conditions de cette garantie. 1. Couverture de la garantie LinearLED garantit ses produits d\u2019\u00e9clairages DEL contre les d\u00e9fauts de mat\u00e9riaux et &#8230; <a title=\"Politique de Garantie\" class=\"read-more\" href=\"https:\/\/www.linearled.ca\/fr\/politique-de-garantie\/\" aria-label=\"En savoir plus sur Politique de Garantie\">Read more<\/a><\/p>\n","protected":false},"author":20,"featured_media":0,"parent":0,"menu_order":0,"comment_status":"closed","ping_status":"closed","template":"","meta":{"_acf_changed":false,"footnotes":""},"class_list":["post-5491","page","type-page","status-publish"],"acf":[],"yoast_head":"<!-- This site is optimized with the Yoast SEO plugin v26.0 - https:\/\/yoast.com\/wordpress\/plugins\/seo\/ -->\n<title>Politique de Garantie - LinearLED<\/title>\n<meta name=\"robots\" content=\"index, follow, max-snippet:-1, max-image-preview:large, max-video-preview:-1\" \/>\n<link rel=\"canonical\" href=\"https:\/\/www.linearled.ca\/fr\/politique-de-garantie\/\" \/>\n<meta property=\"og:locale\" content=\"fr_FR\" \/>\n<meta property=\"og:type\" content=\"article\" \/>\n<meta property=\"og:title\" content=\"Politique de Garantie - LinearLED\" \/>\n<meta property=\"og:description\" content=\"Politique de Garantie Date d\u2019entr\u00e9e en vigueur:&nbsp;Date indiqu\u00e9e sur la facture. LinearLED (\u00abCompagnie\u00bb, \u00abnous\u00bb, \u00abnotre\u00bb ou \u00abnos\u00bb) offre cette garantie limit\u00e9e pour ses produits d\u2019\u00e9clairages DEL personnalis\u00e9s. En achetant nos produits, vous acceptez les conditions de cette garantie. 1. Couverture de la garantie LinearLED garantit ses produits d\u2019\u00e9clairages DEL contre les d\u00e9fauts de mat\u00e9riaux et ... Read more\" \/>\n<meta property=\"og:url\" content=\"https:\/\/www.linearled.ca\/fr\/politique-de-garantie\/\" \/>\n<meta property=\"og:site_name\" content=\"LinearLED\" \/>\n<meta property=\"article:publisher\" content=\"https:\/\/www.facebook.com\/LinearLEDmtl\" \/>\n<meta property=\"article:modified_time\" content=\"2025-09-29T18:14:03+00:00\" \/>\n<meta name=\"twitter:card\" content=\"summary_large_image\" \/>\n<meta name=\"twitter:label1\" content=\"Dur\u00e9e de lecture estim\u00e9e\" \/>\n\t<meta name=\"twitter:data1\" content=\"3 minutes\" \/>\n<script type=\"application\/ld+json\" class=\"yoast-schema-graph\">{\"@context\":\"https:\/\/schema.org\",\"@graph\":[{\"@type\":\"WebPage\",\"@id\":\"https:\/\/www.linearled.ca\/fr\/politique-de-garantie\/\",\"url\":\"https:\/\/www.linearled.ca\/fr\/politique-de-garantie\/\",\"name\":\"Politique de Garantie - LinearLED\",\"isPartOf\":{\"@id\":\"https:\/\/www.linearled.ca\/fr\/#website\"},\"datePublished\":\"2025-08-31T07:47:59+00:00\",\"dateModified\":\"2025-09-29T18:14:03+00:00\",\"breadcrumb\":{\"@id\":\"https:\/\/www.linearled.ca\/fr\/politique-de-garantie\/#breadcrumb\"},\"inLanguage\":\"fr-FR\",\"potentialAction\":[{\"@type\":\"ReadAction\",\"target\":[\"https:\/\/www.linearled.ca\/fr\/politique-de-garantie\/\"]}]},{\"@type\":\"BreadcrumbList\",\"@id\":\"https:\/\/www.linearled.ca\/fr\/politique-de-garantie\/#breadcrumb\",\"itemListElement\":[{\"@type\":\"ListItem\",\"position\":1,\"name\":\"Home\",\"item\":\"https:\/\/www.linearled.ca\/fr\/\"},{\"@type\":\"ListItem\",\"position\":2,\"name\":\"Politique de Garantie\"}]},{\"@type\":\"WebSite\",\"@id\":\"https:\/\/www.linearled.ca\/fr\/#website\",\"url\":\"https:\/\/www.linearled.ca\/fr\/\",\"name\":\"LinearLED\",\"description\":\"LinearLED - Custom Lighting\",\"publisher\":{\"@id\":\"https:\/\/www.linearled.ca\/fr\/#organization\"},\"potentialAction\":[{\"@type\":\"SearchAction\",\"target\":{\"@type\":\"EntryPoint\",\"urlTemplate\":\"https:\/\/www.linearled.ca\/fr\/?s={search_term_string}\"},\"query-input\":{\"@type\":\"PropertyValueSpecification\",\"valueRequired\":true,\"valueName\":\"search_term_string\"}}],\"inLanguage\":\"fr-FR\"},{\"@type\":\"Organization\",\"@id\":\"https:\/\/www.linearled.ca\/fr\/#organization\",\"name\":\"LinearLED\",\"url\":\"https:\/\/www.linearled.ca\/fr\/\",\"logo\":{\"@type\":\"ImageObject\",\"inLanguage\":\"fr-FR\",\"@id\":\"https:\/\/www.linearled.ca\/fr\/#\/schema\/logo\/image\/\",\"url\":\"https:\/\/www.linearled.ca\/wp-content\/uploads\/2025\/08\/logo-linearled-en.png\",\"contentUrl\":\"https:\/\/www.linearled.ca\/wp-content\/uploads\/2025\/08\/logo-linearled-en.png\",\"width\":200,\"height\":34,\"caption\":\"LinearLED\"},\"image\":{\"@id\":\"https:\/\/www.linearled.ca\/fr\/#\/schema\/logo\/image\/\"},\"sameAs\":[\"https:\/\/www.facebook.com\/LinearLEDmtl\",\"https:\/\/www.instagram.com\/linearledmtl\/\"]}]}<\/script>\n<!-- \/ Yoast SEO plugin. -->","yoast_head_json":{"title":"Politique de Garantie - LinearLED","robots":{"index":"index","follow":"follow","max-snippet":"max-snippet:-1","max-image-preview":"max-image-preview:large","max-video-preview":"max-video-preview:-1"},"canonical":"https:\/\/www.linearled.ca\/fr\/politique-de-garantie\/","og_locale":"fr_FR","og_type":"article","og_title":"Politique de Garantie - LinearLED","og_description":"Politique de Garantie Date d\u2019entr\u00e9e en vigueur:&nbsp;Date indiqu\u00e9e sur la facture. LinearLED (\u00abCompagnie\u00bb, \u00abnous\u00bb, \u00abnotre\u00bb ou \u00abnos\u00bb) offre cette garantie limit\u00e9e pour ses produits d\u2019\u00e9clairages DEL personnalis\u00e9s. En achetant nos produits, vous acceptez les conditions de cette garantie. 1. Couverture de la garantie LinearLED garantit ses produits d\u2019\u00e9clairages DEL contre les d\u00e9fauts de mat\u00e9riaux et ... Read more","og_url":"https:\/\/www.linearled.ca\/fr\/politique-de-garantie\/","og_site_name":"LinearLED","article_publisher":"https:\/\/www.facebook.com\/LinearLEDmtl","article_modified_time":"2025-09-29T18:14:03+00:00","twitter_card":"summary_large_image","twitter_misc":{"Dur\u00e9e de lecture estim\u00e9e":"3 minutes"},"schema":{"@context":"https:\/\/schema.org","@graph":[{"@type":"WebPage","@id":"https:\/\/www.linearled.ca\/fr\/politique-de-garantie\/","url":"https:\/\/www.linearled.ca\/fr\/politique-de-garantie\/","name":"Politique de Garantie - LinearLED","isPartOf":{"@id":"https:\/\/www.linearled.ca\/fr\/#website"},"datePublished":"2025-08-31T07:47:59+00:00","dateModified":"2025-09-29T18:14:03+00:00","breadcrumb":{"@id":"https:\/\/www.linearled.ca\/fr\/politique-de-garantie\/#breadcrumb"},"inLanguage":"fr-FR","potentialAction":[{"@type":"ReadAction","target":["https:\/\/www.linearled.ca\/fr\/politique-de-garantie\/"]}]},{"@type":"BreadcrumbList","@id":"https:\/\/www.linearled.ca\/fr\/politique-de-garantie\/#breadcrumb","itemListElement":[{"@type":"ListItem","position":1,"name":"Home","item":"https:\/\/www.linearled.ca\/fr\/"},{"@type":"ListItem","position":2,"name":"Politique de Garantie"}]},{"@type":"WebSite","@id":"https:\/\/www.linearled.ca\/fr\/#website","url":"https:\/\/www.linearled.ca\/fr\/","name":"LinearLED","description":"LinearLED - Custom Lighting","publisher":{"@id":"https:\/\/www.linearled.ca\/fr\/#organization"},"potentialAction":[{"@type":"SearchAction","target":{"@type":"EntryPoint","urlTemplate":"https:\/\/www.linearled.ca\/fr\/?s={search_term_string}"},"query-input":{"@type":"PropertyValueSpecification","valueRequired":true,"valueName":"search_term_string"}}],"inLanguage":"fr-FR"},{"@type":"Organization","@id":"https:\/\/www.linearled.ca\/fr\/#organization","name":"LinearLED","url":"https:\/\/www.linearled.ca\/fr\/","logo":{"@type":"ImageObject","inLanguage":"fr-FR","@id":"https:\/\/www.linearled.ca\/fr\/#\/schema\/logo\/image\/","url":"https:\/\/www.linearled.ca\/wp-content\/uploads\/2025\/08\/logo-linearled-en.png","contentUrl":"https:\/\/www.linearled.ca\/wp-content\/uploads\/2025\/08\/logo-linearled-en.png","width":200,"height":34,"caption":"LinearLED"},"image":{"@id":"https:\/\/www.linearled.ca\/fr\/#\/schema\/logo\/image\/"},"sameAs":["https:\/\/www.facebook.com\/LinearLEDmtl","https:\/\/www.instagram.com\/linearledmtl\/"]}]}},"_links":{"self":[{"href":"https:\/\/www.linearled.ca\/fr\/wp-json\/wp\/v2\/pages\/5491","targetHints":{"allow":["GET"]}}],"collection":[{"href":"https:\/\/www.linearled.ca\/fr\/wp-json\/wp\/v2\/pages"}],"about":[{"href":"https:\/\/www.linearled.ca\/fr\/wp-json\/wp\/v2\/types\/page"}],"author":[{"embeddable":true,"href":"https:\/\/www.linearled.ca\/fr\/wp-json\/wp\/v2\/users\/20"}],"replies":[{"embeddable":true,"href":"https:\/\/www.linearled.ca\/fr\/wp-json\/wp\/v2\/comments?post=5491"}],"version-history":[{"count":4,"href":"https:\/\/www.linearled.ca\/fr\/wp-json\/wp\/v2\/pages\/5491\/revisions"}],"predecessor-version":[{"id":6091,"href":"https:\/\/www.linearled.ca\/fr\/wp-json\/wp\/v2\/pages\/5491\/revisions\/6091"}],"wp:attachment":[{"href":"https:\/\/www.linearled.ca\/fr\/wp-json\/wp\/v2\/media?parent=5491"}],"curies":[{"name":"wp","href":"https:\/\/api.w.org\/{rel}","templated":true}]}}