{"id":5485,"date":"2025-08-31T03:31:09","date_gmt":"2025-08-31T07:31:09","guid":{"rendered":"https:\/\/test.linearled.ca\/soutien-technique\/"},"modified":"2025-10-11T20:02:03","modified_gmt":"2025-10-12T00:02:03","slug":"soutien-technique","status":"publish","type":"page","link":"https:\/\/www.linearled.ca\/fr\/soutien-technique\/","title":{"rendered":"Soutien Technique"},"content":{"rendered":"\n<div class=\"hero gb-element-60652ce8\">\n<h2 class=\"gb-text page-title\">Soutien Technique<\/h2>\n<\/div>\n\n<h2 class=\"wp-block-heading has-large-font-size\" style=\"font-style:normal;font-weight:300\">Nous travaillons fort pour vous faciliter le travail!<\/h2>\n\n<p>\u00a0<\/p>\n\n<blockquote class=\"wp-block-quote is-layout-flow wp-block-quote-is-layout-flow\">\n<h4 class=\"wp-block-heading has-contrast-color has-text-color has-link-color wp-elements-d186771519ea4020badb6113061f201d\" style=\"font-style:normal;font-weight:300\">Nous avons cr\u00e9\u00e9 une s\u00e9rie de <span style=\"color: #3366ff;\">\n  <a style=\"color: #3366ff;\" href=\"https:\/\/www.linearled.ca\/fr\/soutien-technique\/videos-et-tutoriels\/\">vid\u00e9os tutorielles<\/a>\n<\/span><strong>\n  <span style=\"color: #3366ff;\"> <\/span>\n<\/strong>qui expliquent diff\u00e9rents principes de conception de l&rsquo;\u00e9clairage et des informations sur l&rsquo;installation.<\/h4>\n\n\n\n<h4 class=\"wp-block-heading\" style=\"font-style:normal;font-weight:300\">Nous avons \u00e9galement rassembl\u00e9 <span style=\"color: #3366ff;\">\n  <a style=\"color: #3366ff;\" href=\"https:\/\/www.linearled.ca\/fr\/soutien-technique\/tableux-guides\/\">documents utiles<\/a>\n<\/span><strong> <\/strong>pour r\u00e9pondre aux questions les plus fr\u00e9quentes sur l&rsquo;installation de l&rsquo;\u00e9clairage lin\u00e9aire \u00e0 LED.<\/h4>\n<\/blockquote>\n\n<h4 class=\"wp-block-heading\" style=\"font-style:normal;font-weight:300\">Si vous aves des questions, n\u2019h\u00e9sitez pas de nous contacter au support@linearled.ca et notre \u00e9quipe sera content de vous assister.<\/h4>\n\n<p><\/p>\n","protected":false},"excerpt":{"rendered":"<p>Soutien Technique Nous travaillons fort pour vous faciliter le travail! \u00a0 Nous avons cr\u00e9\u00e9 une s\u00e9rie de vid\u00e9os tutorielles qui expliquent diff\u00e9rents principes de conception de l&rsquo;\u00e9clairage et des informations sur l&rsquo;installation. Nous avons \u00e9galement rassembl\u00e9 documents utiles pour r\u00e9pondre aux questions les plus fr\u00e9quentes sur l&rsquo;installation de l&rsquo;\u00e9clairage lin\u00e9aire \u00e0 LED. Si vous aves &#8230; <a title=\"Soutien Technique\" class=\"read-more\" href=\"https:\/\/www.linearled.ca\/fr\/soutien-technique\/\" aria-label=\"En savoir plus sur Soutien Technique\">Read more<\/a><\/p>\n","protected":false},"author":20,"featured_media":0,"parent":0,"menu_order":0,"comment_status":"closed","ping_status":"closed","template":"","meta":{"_acf_changed":false,"footnotes":""},"class_list":["post-5485","page","type-page","status-publish"],"acf":[],"yoast_head":"<!-- This site is optimized with the Yoast SEO plugin v26.0 - https:\/\/yoast.com\/wordpress\/plugins\/seo\/ -->\n<title>Soutien Technique - LinearLED<\/title>\n<meta name=\"robots\" content=\"index, follow, max-snippet:-1, max-image-preview:large, max-video-preview:-1\" \/>\n<link rel=\"canonical\" href=\"https:\/\/www.linearled.ca\/fr\/soutien-technique\/\" \/>\n<meta property=\"og:locale\" content=\"fr_FR\" \/>\n<meta property=\"og:type\" content=\"article\" \/>\n<meta property=\"og:title\" content=\"Soutien Technique - LinearLED\" \/>\n<meta property=\"og:description\" content=\"Soutien Technique Nous travaillons fort pour vous faciliter le travail! \u00a0 Nous avons cr\u00e9\u00e9 une s\u00e9rie de vid\u00e9os tutorielles qui expliquent diff\u00e9rents principes de conception de l&rsquo;\u00e9clairage et des informations sur l&rsquo;installation. Nous avons \u00e9galement rassembl\u00e9 documents utiles pour r\u00e9pondre aux questions les plus fr\u00e9quentes sur l&rsquo;installation de l&rsquo;\u00e9clairage lin\u00e9aire \u00e0 LED. Si vous aves ... Read more\" \/>\n<meta property=\"og:url\" content=\"https:\/\/www.linearled.ca\/fr\/soutien-technique\/\" \/>\n<meta property=\"og:site_name\" content=\"LinearLED\" \/>\n<meta property=\"article:publisher\" content=\"https:\/\/www.facebook.com\/LinearLEDmtl\" \/>\n<meta property=\"article:modified_time\" content=\"2025-10-12T00:02:03+00:00\" \/>\n<meta name=\"twitter:card\" content=\"summary_large_image\" \/>\n<script type=\"application\/ld+json\" class=\"yoast-schema-graph\">{\"@context\":\"https:\/\/schema.org\",\"@graph\":[{\"@type\":\"WebPage\",\"@id\":\"https:\/\/www.linearled.ca\/fr\/soutien-technique\/\",\"url\":\"https:\/\/www.linearled.ca\/fr\/soutien-technique\/\",\"name\":\"Soutien Technique - LinearLED\",\"isPartOf\":{\"@id\":\"https:\/\/www.linearled.ca\/fr\/#website\"},\"datePublished\":\"2025-08-31T07:31:09+00:00\",\"dateModified\":\"2025-10-12T00:02:03+00:00\",\"breadcrumb\":{\"@id\":\"https:\/\/www.linearled.ca\/fr\/soutien-technique\/#breadcrumb\"},\"inLanguage\":\"fr-FR\",\"potentialAction\":[{\"@type\":\"ReadAction\",\"target\":[\"https:\/\/www.linearled.ca\/fr\/soutien-technique\/\"]}]},{\"@type\":\"BreadcrumbList\",\"@id\":\"https:\/\/www.linearled.ca\/fr\/soutien-technique\/#breadcrumb\",\"itemListElement\":[{\"@type\":\"ListItem\",\"position\":1,\"name\":\"Home\",\"item\":\"https:\/\/www.linearled.ca\/fr\/\"},{\"@type\":\"ListItem\",\"position\":2,\"name\":\"Soutien Technique\"}]},{\"@type\":\"WebSite\",\"@id\":\"https:\/\/www.linearled.ca\/fr\/#website\",\"url\":\"https:\/\/www.linearled.ca\/fr\/\",\"name\":\"LinearLED\",\"description\":\"LinearLED - Custom Lighting\",\"publisher\":{\"@id\":\"https:\/\/www.linearled.ca\/fr\/#organization\"},\"potentialAction\":[{\"@type\":\"SearchAction\",\"target\":{\"@type\":\"EntryPoint\",\"urlTemplate\":\"https:\/\/www.linearled.ca\/fr\/?s={search_term_string}\"},\"query-input\":{\"@type\":\"PropertyValueSpecification\",\"valueRequired\":true,\"valueName\":\"search_term_string\"}}],\"inLanguage\":\"fr-FR\"},{\"@type\":\"Organization\",\"@id\":\"https:\/\/www.linearled.ca\/fr\/#organization\",\"name\":\"LinearLED\",\"url\":\"https:\/\/www.linearled.ca\/fr\/\",\"logo\":{\"@type\":\"ImageObject\",\"inLanguage\":\"fr-FR\",\"@id\":\"https:\/\/www.linearled.ca\/fr\/#\/schema\/logo\/image\/\",\"url\":\"https:\/\/www.linearled.ca\/wp-content\/uploads\/2025\/08\/logo-linearled-en.png\",\"contentUrl\":\"https:\/\/www.linearled.ca\/wp-content\/uploads\/2025\/08\/logo-linearled-en.png\",\"width\":200,\"height\":34,\"caption\":\"LinearLED\"},\"image\":{\"@id\":\"https:\/\/www.linearled.ca\/fr\/#\/schema\/logo\/image\/\"},\"sameAs\":[\"https:\/\/www.facebook.com\/LinearLEDmtl\",\"https:\/\/www.instagram.com\/linearledmtl\/\"]}]}<\/script>\n<!-- \/ Yoast SEO plugin. -->","yoast_head_json":{"title":"Soutien Technique - LinearLED","robots":{"index":"index","follow":"follow","max-snippet":"max-snippet:-1","max-image-preview":"max-image-preview:large","max-video-preview":"max-video-preview:-1"},"canonical":"https:\/\/www.linearled.ca\/fr\/soutien-technique\/","og_locale":"fr_FR","og_type":"article","og_title":"Soutien Technique - LinearLED","og_description":"Soutien Technique Nous travaillons fort pour vous faciliter le travail! \u00a0 Nous avons cr\u00e9\u00e9 une s\u00e9rie de vid\u00e9os tutorielles qui expliquent diff\u00e9rents principes de conception de l&rsquo;\u00e9clairage et des informations sur l&rsquo;installation. Nous avons \u00e9galement rassembl\u00e9 documents utiles pour r\u00e9pondre aux questions les plus fr\u00e9quentes sur l&rsquo;installation de l&rsquo;\u00e9clairage lin\u00e9aire \u00e0 LED. Si vous aves ... Read more","og_url":"https:\/\/www.linearled.ca\/fr\/soutien-technique\/","og_site_name":"LinearLED","article_publisher":"https:\/\/www.facebook.com\/LinearLEDmtl","article_modified_time":"2025-10-12T00:02:03+00:00","twitter_card":"summary_large_image","schema":{"@context":"https:\/\/schema.org","@graph":[{"@type":"WebPage","@id":"https:\/\/www.linearled.ca\/fr\/soutien-technique\/","url":"https:\/\/www.linearled.ca\/fr\/soutien-technique\/","name":"Soutien Technique - LinearLED","isPartOf":{"@id":"https:\/\/www.linearled.ca\/fr\/#website"},"datePublished":"2025-08-31T07:31:09+00:00","dateModified":"2025-10-12T00:02:03+00:00","breadcrumb":{"@id":"https:\/\/www.linearled.ca\/fr\/soutien-technique\/#breadcrumb"},"inLanguage":"fr-FR","potentialAction":[{"@type":"ReadAction","target":["https:\/\/www.linearled.ca\/fr\/soutien-technique\/"]}]},{"@type":"BreadcrumbList","@id":"https:\/\/www.linearled.ca\/fr\/soutien-technique\/#breadcrumb","itemListElement":[{"@type":"ListItem","position":1,"name":"Home","item":"https:\/\/www.linearled.ca\/fr\/"},{"@type":"ListItem","position":2,"name":"Soutien Technique"}]},{"@type":"WebSite","@id":"https:\/\/www.linearled.ca\/fr\/#website","url":"https:\/\/www.linearled.ca\/fr\/","name":"LinearLED","description":"LinearLED - Custom Lighting","publisher":{"@id":"https:\/\/www.linearled.ca\/fr\/#organization"},"potentialAction":[{"@type":"SearchAction","target":{"@type":"EntryPoint","urlTemplate":"https:\/\/www.linearled.ca\/fr\/?s={search_term_string}"},"query-input":{"@type":"PropertyValueSpecification","valueRequired":true,"valueName":"search_term_string"}}],"inLanguage":"fr-FR"},{"@type":"Organization","@id":"https:\/\/www.linearled.ca\/fr\/#organization","name":"LinearLED","url":"https:\/\/www.linearled.ca\/fr\/","logo":{"@type":"ImageObject","inLanguage":"fr-FR","@id":"https:\/\/www.linearled.ca\/fr\/#\/schema\/logo\/image\/","url":"https:\/\/www.linearled.ca\/wp-content\/uploads\/2025\/08\/logo-linearled-en.png","contentUrl":"https:\/\/www.linearled.ca\/wp-content\/uploads\/2025\/08\/logo-linearled-en.png","width":200,"height":34,"caption":"LinearLED"},"image":{"@id":"https:\/\/www.linearled.ca\/fr\/#\/schema\/logo\/image\/"},"sameAs":["https:\/\/www.facebook.com\/LinearLEDmtl","https:\/\/www.instagram.com\/linearledmtl\/"]}]}},"_links":{"self":[{"href":"https:\/\/www.linearled.ca\/fr\/wp-json\/wp\/v2\/pages\/5485","targetHints":{"allow":["GET"]}}],"collection":[{"href":"https:\/\/www.linearled.ca\/fr\/wp-json\/wp\/v2\/pages"}],"about":[{"href":"https:\/\/www.linearled.ca\/fr\/wp-json\/wp\/v2\/types\/page"}],"author":[{"embeddable":true,"href":"https:\/\/www.linearled.ca\/fr\/wp-json\/wp\/v2\/users\/20"}],"replies":[{"embeddable":true,"href":"https:\/\/www.linearled.ca\/fr\/wp-json\/wp\/v2\/comments?post=5485"}],"version-history":[{"count":2,"href":"https:\/\/www.linearled.ca\/fr\/wp-json\/wp\/v2\/pages\/5485\/revisions"}],"predecessor-version":[{"id":6171,"href":"https:\/\/www.linearled.ca\/fr\/wp-json\/wp\/v2\/pages\/5485\/revisions\/6171"}],"wp:attachment":[{"href":"https:\/\/www.linearled.ca\/fr\/wp-json\/wp\/v2\/media?parent=5485"}],"curies":[{"name":"wp","href":"https:\/\/api.w.org\/{rel}","templated":true}]}}