{"id":3581,"date":"2020-09-04T11:45:46","date_gmt":"2020-09-04T15:45:46","guid":{"rendered":"https:\/\/test.linearled.ca\/?page_id=3581"},"modified":"2026-02-27T14:04:46","modified_gmt":"2026-02-27T19:04:46","slug":"tableux-guides","status":"publish","type":"page","link":"https:\/\/www.linearled.ca\/fr\/soutien-technique\/tableux-guides\/","title":{"rendered":"Tableaux de r\u00e9f\u00e9rence et guides"},"content":{"rendered":"\n<div class=\"hero gb-element-60652ce8\">\n<div class=\"content-width\">\n<h2 class=\"gb-text page-title\">Tableaux de r\u00e9f\u00e9rence et guides<\/h2>\n<\/div>\n<\/div>\n\n\n\n<p>&nbsp;<\/p>\n\n\n\n<div class=\"gb-element-060a2f56\">\n<h3 class=\"gb-text gb-text-8053c966\">Guide de s\u00e9lection de bandes DEL<\/h3>\n\n\n\n<p class=\"has-text-align-center\">Notre <em>Guide de s\u00e9lection de bandes DEL<\/em> est un PDF de r\u00e9f\u00e9rence rapide con\u00e7u pour vous aider \u00e0 choisir la bonne bande DEL pour votre projet. Il pr\u00e9sente nos principales recommandations pour l\u2019\u00e9clairage indirect, l\u2019\u00e9clairage de t\u00e2che, l\u2019\u00e9clairage de garde robe, et plus encore, afin de vous aider \u00e0 s\u00e9lectionner la meilleure option pour vos profil\u00e9s en aluminium.<br><a href=\"https:\/\/www.linearled.ca\/my-account\/\" target=\"_blank\" rel=\"noreferrer noopener\"><\/a><\/p>\n\n\n\n<a class=\"gb-text gb-text-809e93b8\" href=\"https:\/\/www.linearled.ca\/wp-content\/uploads\/2026\/02\/LEDStripSelectionGuide_FR.pdf\" target=\"_blank\" rel=\"noopener\">T\u00e9l\u00e9charger le Guide de s\u00e9lection de bandes DEL (PDF)<\/a>\n<\/div>\n\n\n\n<p><span style=\"color: #000000;\">M\u00eame lorsqu\u2019une DEL fonctionne correctement, elle scintille \u00e0 une fr\u00e9quence invisible \u00e0 l\u2019\u0153il nu. Il a \u00e9t\u00e9 prouv\u00e9 que ce scintillement peut \u00eatre nocif pour les yeux et la sant\u00e9 humaine, pouvant \u00eatre \u00e0 l\u2019origine de probl\u00e8mes tels que vertiges, maux de t\u00eate, vision floue, migraines, manque de concentration, malaise g\u00e9n\u00e9ral, et, dans les cas extr\u00eames, crises d\u2019\u00e9pilepsie. <\/span><\/p>\n\n\n\n<p><span style=\"color: #000000;\">Chez LinearLED, nous ne proposons que des produits de la plus haute qualit\u00e9 sur le march\u00e9. Notre s\u00e9rie d\u2019alimentations \u00e0 gradation intelligente fournit un courant constant \u00e0 la LED, contrairement au courant oscillant pr\u00e9sent dans la plupart des transformateurs de gradation, qui est \u00e0 l\u2019origine du scintillement. <\/span><\/p>\n\n\n\n<p><span style=\"color: #000000;\">Nos produits sont de la plus haute qualit\u00e9, car nous attachons une grande importance \u00e0 leur durabilit\u00e9 ainsi qu\u2019au bien-\u00eatre de nos clients. Votre satisfaction est notre engagement \u00e0 chaque \u00e9tape du processus : de l\u2019\u00e9laboration des soumissions, \u00e0 la fabrication et \u00e0 la garantie, nous veillons \u00e0 ce que nos produits ne soient pas seulement esth\u00e9tiques, mais \u00e9galement durables. <\/span><\/p>\n\n\n\n<p><span style=\"color: #000000;\">Cliquez sur le lien pour en savoir plus sur les r\u00e9alit\u00e9s et les dangers des LED qui scintillent, et d\u00e9couvrir comment nos produits r\u00e9solvent ce probl\u00e8me tout en se d\u00e9marquant de la concurrence.<\/span><\/p>\n\n\n\n<div class=\"gb-element-3f219cf5\">\n<div class=\"gb-element-c92382f0\">\n<h3 class=\"gb-text gb-text-2303ffdd\">\u00c9clairage DEL et scintillement<\/h3>\n\n\n\n<p class=\"has-text-align-center\">Comprendre le scintillement des DEL, ses effets et comment les alimentations avanc\u00e9es \u00e9liminent ce probl\u00e8me.<\/p>\n\n\n\n<a class=\"gb-text gb-text-eac78e23\" target=\"_blank\" rel=\"noopener\" href=\"https:\/\/www.linearled.ca\/wp-content\/uploads\/2025\/10\/Eclairage-DEL-et-scintillement-2.pdf\">T\u00e9l\u00e9charger \u00c9clairage DEL et scintillement (PDF)<\/a>\n<\/div>\n\n\n\n<div class=\"gb-element-2f3665a8\">\n<h3 class=\"gb-text gb-text-8988ecff\">Tableaux de calibres de fils<\/h3>\n\n\n\n<p class=\"has-text-align-center\">S\u00e9lection de calibre de fil recommand\u00e9e pour l\u2019alimentation des rubans DEL selon le type de DEL et la longueur du fil.<br><a href=\"https:\/\/www.linearled.ca\/my-account\/\" target=\"_blank\" rel=\"noreferrer noopener\"><\/a><\/p>\n\n\n\n<a class=\"gb-text gb-text-950a26b4\">T\u00e9l\u00e9charger les Tableaux de calibres de fils (PDF)<\/a>\n<\/div>\n<\/div>\n\n\n\n<h3 class=\"wp-block-heading\"><\/h3>\n","protected":false},"excerpt":{"rendered":"<p>Tableaux de r\u00e9f\u00e9rence et guides &nbsp; Guide de s\u00e9lection de bandes DEL Notre Guide de s\u00e9lection de bandes DEL est un PDF de r\u00e9f\u00e9rence rapide con\u00e7u pour vous aider \u00e0 choisir la bonne bande DEL pour votre projet. Il pr\u00e9sente nos principales recommandations pour l\u2019\u00e9clairage indirect, l\u2019\u00e9clairage de t\u00e2che, l\u2019\u00e9clairage de garde robe, et plus &#8230; <a title=\"Tableaux de r\u00e9f\u00e9rence et guides\" class=\"read-more\" href=\"https:\/\/www.linearled.ca\/fr\/soutien-technique\/tableux-guides\/\" aria-label=\"En savoir plus sur Tableaux de r\u00e9f\u00e9rence et guides\">Read more<\/a><\/p>\n","protected":false},"author":1,"featured_media":0,"parent":5485,"menu_order":0,"comment_status":"closed","ping_status":"closed","template":"","meta":{"_acf_changed":false,"footnotes":""},"class_list":["post-3581","page","type-page","status-publish"],"acf":[],"yoast_head":"<!-- This site is optimized with the Yoast SEO plugin v26.0 - https:\/\/yoast.com\/wordpress\/plugins\/seo\/ -->\n<title>Tableaux de r\u00e9f\u00e9rence et guides - LinearLED<\/title>\n<meta name=\"robots\" content=\"index, follow, max-snippet:-1, max-image-preview:large, max-video-preview:-1\" \/>\n<link rel=\"canonical\" href=\"https:\/\/www.linearled.ca\/fr\/soutien-technique\/tableux-guides\/\" \/>\n<meta property=\"og:locale\" content=\"fr_FR\" \/>\n<meta property=\"og:type\" content=\"article\" \/>\n<meta property=\"og:title\" content=\"Tableaux de r\u00e9f\u00e9rence et guides - LinearLED\" \/>\n<meta property=\"og:description\" content=\"Tableaux de r\u00e9f\u00e9rence et guides &nbsp; Guide de s\u00e9lection de bandes DEL Notre Guide de s\u00e9lection de bandes DEL est un PDF de r\u00e9f\u00e9rence rapide con\u00e7u pour vous aider \u00e0 choisir la bonne bande DEL pour votre projet. Il pr\u00e9sente nos principales recommandations pour l\u2019\u00e9clairage indirect, l\u2019\u00e9clairage de t\u00e2che, l\u2019\u00e9clairage de garde robe, et plus ... Read more\" \/>\n<meta property=\"og:url\" content=\"https:\/\/www.linearled.ca\/fr\/soutien-technique\/tableux-guides\/\" \/>\n<meta property=\"og:site_name\" content=\"LinearLED\" \/>\n<meta property=\"article:publisher\" content=\"https:\/\/www.facebook.com\/LinearLEDmtl\" \/>\n<meta property=\"article:modified_time\" content=\"2026-02-27T19:04:46+00:00\" \/>\n<meta name=\"twitter:card\" content=\"summary_large_image\" \/>\n<meta name=\"twitter:label1\" content=\"Dur\u00e9e de lecture estim\u00e9e\" \/>\n\t<meta name=\"twitter:data1\" content=\"2 minutes\" \/>\n<script type=\"application\/ld+json\" class=\"yoast-schema-graph\">{\"@context\":\"https:\/\/schema.org\",\"@graph\":[{\"@type\":\"WebPage\",\"@id\":\"https:\/\/www.linearled.ca\/fr\/soutien-technique\/tableux-guides\/\",\"url\":\"https:\/\/www.linearled.ca\/fr\/soutien-technique\/tableux-guides\/\",\"name\":\"Tableaux de r\u00e9f\u00e9rence et guides - LinearLED\",\"isPartOf\":{\"@id\":\"https:\/\/www.linearled.ca\/fr\/#website\"},\"datePublished\":\"2020-09-04T15:45:46+00:00\",\"dateModified\":\"2026-02-27T19:04:46+00:00\",\"breadcrumb\":{\"@id\":\"https:\/\/www.linearled.ca\/fr\/soutien-technique\/tableux-guides\/#breadcrumb\"},\"inLanguage\":\"fr-FR\",\"potentialAction\":[{\"@type\":\"ReadAction\",\"target\":[\"https:\/\/www.linearled.ca\/fr\/soutien-technique\/tableux-guides\/\"]}]},{\"@type\":\"BreadcrumbList\",\"@id\":\"https:\/\/www.linearled.ca\/fr\/soutien-technique\/tableux-guides\/#breadcrumb\",\"itemListElement\":[{\"@type\":\"ListItem\",\"position\":1,\"name\":\"Home\",\"item\":\"https:\/\/www.linearled.ca\/fr\/\"},{\"@type\":\"ListItem\",\"position\":2,\"name\":\"Soutien Technique\",\"item\":\"https:\/\/www.linearled.ca\/fr\/soutien-technique\/\"},{\"@type\":\"ListItem\",\"position\":3,\"name\":\"Tableaux de r\u00e9f\u00e9rence et guides\"}]},{\"@type\":\"WebSite\",\"@id\":\"https:\/\/www.linearled.ca\/fr\/#website\",\"url\":\"https:\/\/www.linearled.ca\/fr\/\",\"name\":\"LinearLED\",\"description\":\"LinearLED - Custom Lighting\",\"publisher\":{\"@id\":\"https:\/\/www.linearled.ca\/fr\/#organization\"},\"potentialAction\":[{\"@type\":\"SearchAction\",\"target\":{\"@type\":\"EntryPoint\",\"urlTemplate\":\"https:\/\/www.linearled.ca\/fr\/?s={search_term_string}\"},\"query-input\":{\"@type\":\"PropertyValueSpecification\",\"valueRequired\":true,\"valueName\":\"search_term_string\"}}],\"inLanguage\":\"fr-FR\"},{\"@type\":\"Organization\",\"@id\":\"https:\/\/www.linearled.ca\/fr\/#organization\",\"name\":\"LinearLED\",\"url\":\"https:\/\/www.linearled.ca\/fr\/\",\"logo\":{\"@type\":\"ImageObject\",\"inLanguage\":\"fr-FR\",\"@id\":\"https:\/\/www.linearled.ca\/fr\/#\/schema\/logo\/image\/\",\"url\":\"https:\/\/www.linearled.ca\/wp-content\/uploads\/2025\/08\/logo-linearled-en.png\",\"contentUrl\":\"https:\/\/www.linearled.ca\/wp-content\/uploads\/2025\/08\/logo-linearled-en.png\",\"width\":200,\"height\":34,\"caption\":\"LinearLED\"},\"image\":{\"@id\":\"https:\/\/www.linearled.ca\/fr\/#\/schema\/logo\/image\/\"},\"sameAs\":[\"https:\/\/www.facebook.com\/LinearLEDmtl\",\"https:\/\/www.instagram.com\/linearledmtl\/\"]}]}<\/script>\n<!-- \/ Yoast SEO plugin. -->","yoast_head_json":{"title":"Tableaux de r\u00e9f\u00e9rence et guides - LinearLED","robots":{"index":"index","follow":"follow","max-snippet":"max-snippet:-1","max-image-preview":"max-image-preview:large","max-video-preview":"max-video-preview:-1"},"canonical":"https:\/\/www.linearled.ca\/fr\/soutien-technique\/tableux-guides\/","og_locale":"fr_FR","og_type":"article","og_title":"Tableaux de r\u00e9f\u00e9rence et guides - LinearLED","og_description":"Tableaux de r\u00e9f\u00e9rence et guides &nbsp; Guide de s\u00e9lection de bandes DEL Notre Guide de s\u00e9lection de bandes DEL est un PDF de r\u00e9f\u00e9rence rapide con\u00e7u pour vous aider \u00e0 choisir la bonne bande DEL pour votre projet. Il pr\u00e9sente nos principales recommandations pour l\u2019\u00e9clairage indirect, l\u2019\u00e9clairage de t\u00e2che, l\u2019\u00e9clairage de garde robe, et plus ... Read more","og_url":"https:\/\/www.linearled.ca\/fr\/soutien-technique\/tableux-guides\/","og_site_name":"LinearLED","article_publisher":"https:\/\/www.facebook.com\/LinearLEDmtl","article_modified_time":"2026-02-27T19:04:46+00:00","twitter_card":"summary_large_image","twitter_misc":{"Dur\u00e9e de lecture estim\u00e9e":"2 minutes"},"schema":{"@context":"https:\/\/schema.org","@graph":[{"@type":"WebPage","@id":"https:\/\/www.linearled.ca\/fr\/soutien-technique\/tableux-guides\/","url":"https:\/\/www.linearled.ca\/fr\/soutien-technique\/tableux-guides\/","name":"Tableaux de r\u00e9f\u00e9rence et guides - LinearLED","isPartOf":{"@id":"https:\/\/www.linearled.ca\/fr\/#website"},"datePublished":"2020-09-04T15:45:46+00:00","dateModified":"2026-02-27T19:04:46+00:00","breadcrumb":{"@id":"https:\/\/www.linearled.ca\/fr\/soutien-technique\/tableux-guides\/#breadcrumb"},"inLanguage":"fr-FR","potentialAction":[{"@type":"ReadAction","target":["https:\/\/www.linearled.ca\/fr\/soutien-technique\/tableux-guides\/"]}]},{"@type":"BreadcrumbList","@id":"https:\/\/www.linearled.ca\/fr\/soutien-technique\/tableux-guides\/#breadcrumb","itemListElement":[{"@type":"ListItem","position":1,"name":"Home","item":"https:\/\/www.linearled.ca\/fr\/"},{"@type":"ListItem","position":2,"name":"Soutien Technique","item":"https:\/\/www.linearled.ca\/fr\/soutien-technique\/"},{"@type":"ListItem","position":3,"name":"Tableaux de r\u00e9f\u00e9rence et guides"}]},{"@type":"WebSite","@id":"https:\/\/www.linearled.ca\/fr\/#website","url":"https:\/\/www.linearled.ca\/fr\/","name":"LinearLED","description":"LinearLED - Custom Lighting","publisher":{"@id":"https:\/\/www.linearled.ca\/fr\/#organization"},"potentialAction":[{"@type":"SearchAction","target":{"@type":"EntryPoint","urlTemplate":"https:\/\/www.linearled.ca\/fr\/?s={search_term_string}"},"query-input":{"@type":"PropertyValueSpecification","valueRequired":true,"valueName":"search_term_string"}}],"inLanguage":"fr-FR"},{"@type":"Organization","@id":"https:\/\/www.linearled.ca\/fr\/#organization","name":"LinearLED","url":"https:\/\/www.linearled.ca\/fr\/","logo":{"@type":"ImageObject","inLanguage":"fr-FR","@id":"https:\/\/www.linearled.ca\/fr\/#\/schema\/logo\/image\/","url":"https:\/\/www.linearled.ca\/wp-content\/uploads\/2025\/08\/logo-linearled-en.png","contentUrl":"https:\/\/www.linearled.ca\/wp-content\/uploads\/2025\/08\/logo-linearled-en.png","width":200,"height":34,"caption":"LinearLED"},"image":{"@id":"https:\/\/www.linearled.ca\/fr\/#\/schema\/logo\/image\/"},"sameAs":["https:\/\/www.facebook.com\/LinearLEDmtl","https:\/\/www.instagram.com\/linearledmtl\/"]}]}},"_links":{"self":[{"href":"https:\/\/www.linearled.ca\/fr\/wp-json\/wp\/v2\/pages\/3581","targetHints":{"allow":["GET"]}}],"collection":[{"href":"https:\/\/www.linearled.ca\/fr\/wp-json\/wp\/v2\/pages"}],"about":[{"href":"https:\/\/www.linearled.ca\/fr\/wp-json\/wp\/v2\/types\/page"}],"author":[{"embeddable":true,"href":"https:\/\/www.linearled.ca\/fr\/wp-json\/wp\/v2\/users\/1"}],"replies":[{"embeddable":true,"href":"https:\/\/www.linearled.ca\/fr\/wp-json\/wp\/v2\/comments?post=3581"}],"version-history":[{"count":21,"href":"https:\/\/www.linearled.ca\/fr\/wp-json\/wp\/v2\/pages\/3581\/revisions"}],"predecessor-version":[{"id":6567,"href":"https:\/\/www.linearled.ca\/fr\/wp-json\/wp\/v2\/pages\/3581\/revisions\/6567"}],"up":[{"embeddable":true,"href":"https:\/\/www.linearled.ca\/fr\/wp-json\/wp\/v2\/pages\/5485"}],"wp:attachment":[{"href":"https:\/\/www.linearled.ca\/fr\/wp-json\/wp\/v2\/media?parent=3581"}],"curies":[{"name":"wp","href":"https:\/\/api.w.org\/{rel}","templated":true}]}}