{"id":195,"date":"2017-06-18T18:27:34","date_gmt":"2017-06-18T18:27:34","guid":{"rendered":"https:\/\/test.linearled.ca\/home\/"},"modified":"2025-09-23T12:05:48","modified_gmt":"2025-09-23T16:05:48","slug":"home","status":"publish","type":"page","link":"https:\/\/www.linearled.ca\/fr\/","title":{"rendered":"Accueil"},"content":{"rendered":"\n<div class=\"gb-element-a664b481\">\n<div class=\"gb-element-de3795fb\">\n<h2 class=\"gb-text gb-text-38db618b\">Cr\u00e9ateur de soumission<\/h2>\n\n\n\n<p class=\"gb-text gb-text-6e1fde79\"><strong>Nous travaillons fort pour vous faciliter le travail! Essayez notre assistant de soumission interactif et unique, d\u00e8s aujourd&rsquo;hui. <\/strong><\/p>\n\n\n\n<a class=\"gb-text gb-text-4f659234\" href=\"https:\/\/www.linearled.ca\/my-account\/\">Commencer ici<\/a>\n<\/div>\n\n\n\n<div class=\"gb-element-19a3baed\">\n<div class=\"gb-element-50379911\">\n<div>\n<span class=\"gb-shape gb-shape-c9484d1e\"><svg aria-hidden=\"true\" height=\"1em\" width=\"1em\" viewBox=\"0 0 512 512\" xmlns=\"http:\/\/www.w3.org\/2000\/svg\"><path fill=\"currentColor\" d=\"M256 8C119 8 8 119 8 256s111 248 248 248 248-111 248-248S393 8 256 8zm0 448c-110.5 0-200-89.5-200-200S145.5 56 256 56s200 89.5 200 200-89.5 200-200 200zm61.8-104.4l-84.9-61.7c-3.1-2.3-4.9-5.9-4.9-9.7V116c0-6.6 5.4-12 12-12h32c6.6 0 12 5.4 12 12v141.7l66.8 48.6c5.4 3.9 6.5 11.4 2.6 16.8L334.6 349c-3.9 5.3-11.4 6.5-16.8 2.6z\"><\/path><\/svg><\/span>\n\n\n\n<span class=\"gb-shape gb-shape-c58be758\"><\/span>\n\n\n\n<h3 class=\"gb-text gb-text-663ecad4\">Assistance Interactive<\/h3>\n\n\n\n<p>Notre assistant de soumissions interactif vous guidera \u00e0 travers nos produits et facilitera vos commandes.<\/p>\n<\/div>\n\n\n\n<div>\n<span class=\"gb-shape gb-shape-a44d2ad1\"><\/span>\n\n\n\n<span class=\"gb-shape gb-shape-88d0519f\"><svg aria-hidden=\"true\" height=\"1em\" width=\"1em\" viewBox=\"0 0 384 512\" xmlns=\"http:\/\/www.w3.org\/2000\/svg\"><path fill=\"currentColor\" d=\"M97.12 362.63c-8.69-8.69-4.16-6.24-25.12-11.85-9.51-2.55-17.87-7.45-25.43-13.32L1.2 448.7c-4.39 10.77 3.81 22.47 15.43 22.03l52.69-2.01L105.56 507c8 8.44 22.04 5.81 26.43-4.96l52.05-127.62c-10.84 6.04-22.87 9.58-35.31 9.58-19.5 0-37.82-7.59-51.61-21.37zM382.8 448.7l-45.37-111.24c-7.56 5.88-15.92 10.77-25.43 13.32-21.07 5.64-16.45 3.18-25.12 11.85-13.79 13.78-32.12 21.37-51.62 21.37-12.44 0-24.47-3.55-35.31-9.58L252 502.04c4.39 10.77 18.44 13.4 26.43 4.96l36.25-38.28 52.69 2.01c11.62.44 19.82-11.27 15.43-22.03zM263 340c15.28-15.55 17.03-14.21 38.79-20.14 13.89-3.79 24.75-14.84 28.47-28.98 7.48-28.4 5.54-24.97 25.95-45.75 10.17-10.35 14.14-25.44 10.42-39.58-7.47-28.38-7.48-24.42 0-52.83 3.72-14.14-.25-29.23-10.42-39.58-20.41-20.78-18.47-17.36-25.95-45.75-3.72-14.14-14.58-25.19-28.47-28.98-27.88-7.61-24.52-5.62-44.95-26.41-10.17-10.35-25-14.4-38.89-10.61-27.87 7.6-23.98 7.61-51.9 0-13.89-3.79-28.72.25-38.89 10.61-20.41 20.78-17.05 18.8-44.94 26.41-13.89 3.79-24.75 14.84-28.47 28.98-7.47 28.39-5.54 24.97-25.95 45.75-10.17 10.35-14.15 25.44-10.42 39.58 7.47 28.36 7.48 24.4 0 52.82-3.72 14.14.25 29.23 10.42 39.59 20.41 20.78 18.47 17.35 25.95 45.75 3.72 14.14 14.58 25.19 28.47 28.98C104.6 325.96 106.27 325 121 340c13.23 13.47 33.84 15.88 49.74 5.82a39.676 39.676 0 0 1 42.53 0c15.89 10.06 36.5 7.65 49.73-5.82zM97.66 175.96c0-53.03 42.24-96.02 94.34-96.02s94.34 42.99 94.34 96.02-42.24 96.02-94.34 96.02-94.34-42.99-94.34-96.02z\"><\/path><\/svg><\/span>\n\n\n\n<h3 class=\"gb-text gb-text-9ac26803\">Solutions cr\u00e9atives<\/h3>\n\n\n\n<p>Nous avons cr\u00e9\u00e9 une s\u00e9rie de vid\u00e9os et de graphiques pour vous aider \u00e0 comprendre les bases de la conception et de l&rsquo;installation de nos luminaires DEL.<\/p>\n<\/div>\n\n\n\n<div>\n<span class=\"gb-shape gb-shape-e4702c48\"><\/span>\n\n\n\n<span class=\"gb-shape gb-shape-1ff73f45\"><svg aria-hidden=\"true\" height=\"1em\" width=\"1em\" viewBox=\"0 0 512 512\" xmlns=\"http:\/\/www.w3.org\/2000\/svg\"><path fill=\"currentColor\" d=\"M440 6.5L24 246.4c-34.4 19.9-31.1 70.8 5.7 85.9L144 379.6V464c0 46.4 59.2 65.5 86.6 28.6l43.8-59.1 111.9 46.2c5.9 2.4 12.1 3.6 18.3 3.6 8.2 0 16.3-2.1 23.6-6.2 12.8-7.2 21.6-20 23.9-34.5l59.4-387.2c6.1-40.1-36.9-68.8-71.5-48.9zM192 464v-64.6l36.6 15.1L192 464zm212.6-28.7l-153.8-63.5L391 169.5c10.7-15.5-9.5-33.5-23.7-21.2L155.8 332.6 48 288 464 48l-59.4 387.3z\"><\/path><\/svg><\/span>\n\n\n\n<h3 class=\"gb-text gb-text-c4fb3650\">Livraison rapide<\/h3>\n\n\n\n<p>Exp\u00e9dition et livraison dans la grande r\u00e9gion de Montr\u00e9al en 2 \u00e0 4 jours ouvrables. Exp\u00e9dition au Canada et aux \u00c9tats-Unis en 6 \u00e0 8 jours ouvrables.<\/p>\n<\/div>\n\n\n\n<div>\n<span class=\"gb-shape gb-shape-578663e9\"><\/span>\n\n\n\n<span class=\"gb-shape gb-shape-226d5724\"><svg xmlns=\"http:\/\/www.w3.org\/2000\/svg\" height=\"24px\" viewBox=\"0 -960 960 960\" width=\"24px\" fill=\"#1f1f1f\"><path d=\"m354-287 126-76 126 77-33-144 111-96-146-13-58-136-58 135-146 13 111 97-33 143ZM233-120l65-281L80-590l288-25 112-265 112 265 288 25-218 189 65 281-247-149-247 149Zm247-350Z\"><\/path><\/svg><\/span>\n\n\n\n<h3 class=\"gb-text gb-text-cb0dc4c7\">Qualit\u00e9 garantie<\/h3>\n\n\n\n<p>Toutes les DELs ne sont pas cr\u00e9\u00e9es \u00e9gaux. Nos blocs d&rsquo;alimentation sans vacillation se d\u00e9marquent de nos comp\u00e9titeurs. Contact\u00e9-nous aujourd&rsquo;hui pour plus de details!<\/p>\n<\/div>\n<\/div>\n<\/div>\n<\/div>\n\n\n\n<p><\/p>\n","protected":false},"excerpt":{"rendered":"<p>Cr\u00e9ateur de soumission Nous travaillons fort pour vous faciliter le travail! Essayez notre assistant de soumission interactif et unique, d\u00e8s aujourd&rsquo;hui. Commencer ici Assistance Interactive Notre assistant de soumissions interactif vous guidera \u00e0 travers nos produits et facilitera vos commandes. Solutions cr\u00e9atives Nous avons cr\u00e9\u00e9 une s\u00e9rie de vid\u00e9os et de graphiques pour vous aider &#8230; <a title=\"Accueil\" class=\"read-more\" href=\"https:\/\/www.linearled.ca\/fr\/\" aria-label=\"En savoir plus sur Accueil\">Read more<\/a><\/p>\n","protected":false},"author":1,"featured_media":0,"parent":0,"menu_order":0,"comment_status":"closed","ping_status":"closed","template":"","meta":{"_acf_changed":false,"footnotes":""},"class_list":["post-195","page","type-page","status-publish"],"acf":[],"yoast_head":"<!-- This site is optimized with the Yoast SEO plugin v26.0 - https:\/\/yoast.com\/wordpress\/plugins\/seo\/ -->\n<title>LinearLED - \u00c9clairage DEL sur mesure<\/title>\n<meta name=\"description\" content=\"Montr\u00e9al, Canada. Nous fabriquons des DEL lin\u00e9aires sur mesure adapt\u00e9es \u00e0 chaque design. Contactez-nous d\u00e8s aujourd\u2019hui pour plus d\u2019informations.\" \/>\n<meta name=\"robots\" content=\"index, follow, max-snippet:-1, max-image-preview:large, max-video-preview:-1\" \/>\n<link rel=\"canonical\" href=\"https:\/\/www.linearled.ca\/fr\/\" \/>\n<meta property=\"og:locale\" content=\"fr_FR\" \/>\n<meta property=\"og:type\" content=\"article\" \/>\n<meta property=\"og:title\" content=\"LinearLED - \u00c9clairage DEL sur mesure\" \/>\n<meta property=\"og:description\" content=\"Montr\u00e9al, Canada. Nous fabriquons des DEL lin\u00e9aires sur mesure adapt\u00e9es \u00e0 chaque design. Contactez-nous d\u00e8s aujourd\u2019hui pour plus d\u2019informations.\" \/>\n<meta property=\"og:url\" content=\"https:\/\/www.linearled.ca\/fr\/\" \/>\n<meta property=\"og:site_name\" content=\"LinearLED\" \/>\n<meta property=\"article:publisher\" content=\"https:\/\/www.facebook.com\/LinearLEDmtl\" \/>\n<meta property=\"article:modified_time\" content=\"2025-09-23T16:05:48+00:00\" \/>\n<meta name=\"twitter:card\" content=\"summary_large_image\" \/>\n<meta name=\"twitter:label1\" content=\"Dur\u00e9e de lecture estim\u00e9e\" \/>\n\t<meta name=\"twitter:data1\" content=\"1 minute\" \/>\n<script type=\"application\/ld+json\" class=\"yoast-schema-graph\">{\"@context\":\"https:\/\/schema.org\",\"@graph\":[{\"@type\":\"WebPage\",\"@id\":\"https:\/\/www.linearled.ca\/fr\/\",\"url\":\"https:\/\/www.linearled.ca\/fr\/\",\"name\":\"LinearLED - \u00c9clairage DEL sur mesure\",\"isPartOf\":{\"@id\":\"https:\/\/www.linearled.ca\/fr\/#website\"},\"datePublished\":\"2017-06-18T18:27:34+00:00\",\"dateModified\":\"2025-09-23T16:05:48+00:00\",\"description\":\"Montr\u00e9al, Canada. Nous fabriquons des DEL lin\u00e9aires sur mesure adapt\u00e9es \u00e0 chaque design. Contactez-nous d\u00e8s aujourd\u2019hui pour plus d\u2019informations.\",\"breadcrumb\":{\"@id\":\"https:\/\/www.linearled.ca\/fr\/#breadcrumb\"},\"inLanguage\":\"fr-FR\",\"potentialAction\":[{\"@type\":\"ReadAction\",\"target\":[\"https:\/\/www.linearled.ca\/fr\/\"]}]},{\"@type\":\"BreadcrumbList\",\"@id\":\"https:\/\/www.linearled.ca\/fr\/#breadcrumb\",\"itemListElement\":[{\"@type\":\"ListItem\",\"position\":1,\"name\":\"Home\",\"item\":\"https:\/\/www.linearled.ca\/fr\/\"},{\"@type\":\"ListItem\",\"position\":2,\"name\":\"Accueil\"}]},{\"@type\":\"WebSite\",\"@id\":\"https:\/\/www.linearled.ca\/fr\/#website\",\"url\":\"https:\/\/www.linearled.ca\/fr\/\",\"name\":\"LinearLED\",\"description\":\"LinearLED - Custom Lighting\",\"publisher\":{\"@id\":\"https:\/\/www.linearled.ca\/fr\/#organization\"},\"potentialAction\":[{\"@type\":\"SearchAction\",\"target\":{\"@type\":\"EntryPoint\",\"urlTemplate\":\"https:\/\/www.linearled.ca\/fr\/?s={search_term_string}\"},\"query-input\":{\"@type\":\"PropertyValueSpecification\",\"valueRequired\":true,\"valueName\":\"search_term_string\"}}],\"inLanguage\":\"fr-FR\"},{\"@type\":\"Organization\",\"@id\":\"https:\/\/www.linearled.ca\/fr\/#organization\",\"name\":\"LinearLED\",\"url\":\"https:\/\/www.linearled.ca\/fr\/\",\"logo\":{\"@type\":\"ImageObject\",\"inLanguage\":\"fr-FR\",\"@id\":\"https:\/\/www.linearled.ca\/fr\/#\/schema\/logo\/image\/\",\"url\":\"https:\/\/www.linearled.ca\/wp-content\/uploads\/2025\/08\/logo-linearled-en.png\",\"contentUrl\":\"https:\/\/www.linearled.ca\/wp-content\/uploads\/2025\/08\/logo-linearled-en.png\",\"width\":200,\"height\":34,\"caption\":\"LinearLED\"},\"image\":{\"@id\":\"https:\/\/www.linearled.ca\/fr\/#\/schema\/logo\/image\/\"},\"sameAs\":[\"https:\/\/www.facebook.com\/LinearLEDmtl\",\"https:\/\/www.instagram.com\/linearledmtl\/\"]}]}<\/script>\n<!-- \/ Yoast SEO plugin. -->","yoast_head_json":{"title":"LinearLED - \u00c9clairage DEL sur mesure","description":"Montr\u00e9al, Canada. Nous fabriquons des DEL lin\u00e9aires sur mesure adapt\u00e9es \u00e0 chaque design. Contactez-nous d\u00e8s aujourd\u2019hui pour plus d\u2019informations.","robots":{"index":"index","follow":"follow","max-snippet":"max-snippet:-1","max-image-preview":"max-image-preview:large","max-video-preview":"max-video-preview:-1"},"canonical":"https:\/\/www.linearled.ca\/fr\/","og_locale":"fr_FR","og_type":"article","og_title":"LinearLED - \u00c9clairage DEL sur mesure","og_description":"Montr\u00e9al, Canada. Nous fabriquons des DEL lin\u00e9aires sur mesure adapt\u00e9es \u00e0 chaque design. Contactez-nous d\u00e8s aujourd\u2019hui pour plus d\u2019informations.","og_url":"https:\/\/www.linearled.ca\/fr\/","og_site_name":"LinearLED","article_publisher":"https:\/\/www.facebook.com\/LinearLEDmtl","article_modified_time":"2025-09-23T16:05:48+00:00","twitter_card":"summary_large_image","twitter_misc":{"Dur\u00e9e de lecture estim\u00e9e":"1 minute"},"schema":{"@context":"https:\/\/schema.org","@graph":[{"@type":"WebPage","@id":"https:\/\/www.linearled.ca\/fr\/","url":"https:\/\/www.linearled.ca\/fr\/","name":"LinearLED - \u00c9clairage DEL sur mesure","isPartOf":{"@id":"https:\/\/www.linearled.ca\/fr\/#website"},"datePublished":"2017-06-18T18:27:34+00:00","dateModified":"2025-09-23T16:05:48+00:00","description":"Montr\u00e9al, Canada. Nous fabriquons des DEL lin\u00e9aires sur mesure adapt\u00e9es \u00e0 chaque design. Contactez-nous d\u00e8s aujourd\u2019hui pour plus d\u2019informations.","breadcrumb":{"@id":"https:\/\/www.linearled.ca\/fr\/#breadcrumb"},"inLanguage":"fr-FR","potentialAction":[{"@type":"ReadAction","target":["https:\/\/www.linearled.ca\/fr\/"]}]},{"@type":"BreadcrumbList","@id":"https:\/\/www.linearled.ca\/fr\/#breadcrumb","itemListElement":[{"@type":"ListItem","position":1,"name":"Home","item":"https:\/\/www.linearled.ca\/fr\/"},{"@type":"ListItem","position":2,"name":"Accueil"}]},{"@type":"WebSite","@id":"https:\/\/www.linearled.ca\/fr\/#website","url":"https:\/\/www.linearled.ca\/fr\/","name":"LinearLED","description":"LinearLED - Custom Lighting","publisher":{"@id":"https:\/\/www.linearled.ca\/fr\/#organization"},"potentialAction":[{"@type":"SearchAction","target":{"@type":"EntryPoint","urlTemplate":"https:\/\/www.linearled.ca\/fr\/?s={search_term_string}"},"query-input":{"@type":"PropertyValueSpecification","valueRequired":true,"valueName":"search_term_string"}}],"inLanguage":"fr-FR"},{"@type":"Organization","@id":"https:\/\/www.linearled.ca\/fr\/#organization","name":"LinearLED","url":"https:\/\/www.linearled.ca\/fr\/","logo":{"@type":"ImageObject","inLanguage":"fr-FR","@id":"https:\/\/www.linearled.ca\/fr\/#\/schema\/logo\/image\/","url":"https:\/\/www.linearled.ca\/wp-content\/uploads\/2025\/08\/logo-linearled-en.png","contentUrl":"https:\/\/www.linearled.ca\/wp-content\/uploads\/2025\/08\/logo-linearled-en.png","width":200,"height":34,"caption":"LinearLED"},"image":{"@id":"https:\/\/www.linearled.ca\/fr\/#\/schema\/logo\/image\/"},"sameAs":["https:\/\/www.facebook.com\/LinearLEDmtl","https:\/\/www.instagram.com\/linearledmtl\/"]}]}},"_links":{"self":[{"href":"https:\/\/www.linearled.ca\/fr\/wp-json\/wp\/v2\/pages\/195","targetHints":{"allow":["GET"]}}],"collection":[{"href":"https:\/\/www.linearled.ca\/fr\/wp-json\/wp\/v2\/pages"}],"about":[{"href":"https:\/\/www.linearled.ca\/fr\/wp-json\/wp\/v2\/types\/page"}],"author":[{"embeddable":true,"href":"https:\/\/www.linearled.ca\/fr\/wp-json\/wp\/v2\/users\/1"}],"replies":[{"embeddable":true,"href":"https:\/\/www.linearled.ca\/fr\/wp-json\/wp\/v2\/comments?post=195"}],"version-history":[{"count":36,"href":"https:\/\/www.linearled.ca\/fr\/wp-json\/wp\/v2\/pages\/195\/revisions"}],"predecessor-version":[{"id":5954,"href":"https:\/\/www.linearled.ca\/fr\/wp-json\/wp\/v2\/pages\/195\/revisions\/5954"}],"wp:attachment":[{"href":"https:\/\/www.linearled.ca\/fr\/wp-json\/wp\/v2\/media?parent=195"}],"curies":[{"name":"wp","href":"https:\/\/api.w.org\/{rel}","templated":true}]}}